{"id":16299,"date":"2025-01-21T10:30:06","date_gmt":"2025-01-21T10:30:06","guid":{"rendered":"https:\/\/pwinecastes.com\/?post_type=product&#038;p=16299"},"modified":"2025-01-21T10:30:06","modified_gmt":"2025-01-21T10:30:06","slug":"cartuxa-blanca-2020","status":"publish","type":"product","link":"https:\/\/pwinecastes.com\/es\/product\/cartuxa-blanca-2020\/","title":{"rendered":"Cartuxa Blanca 2020"},"content":{"rendered":"<p>Cartuxa Vino Blanco 2020<\/p>\n<ul>\n<li><strong>Regi\u00f3n: Alentejo<\/strong><\/li>\n<li><strong>Capacidad:<\/strong> 75 cL<\/li>\n<li><strong>Variedades de <\/strong>uva<strong>: <\/strong>Ant\u00e3o Vaz, Arinto y Roupeiro<\/li>\n<li><strong>Graduaci\u00f3n alcoh\u00f3lica: <\/strong>13%<\/li>\n<li><strong>Nota de cata: <\/strong>Color amarillo c\u00edtrico y afrutado.<\/li>\n<li><strong>Maridaje: <\/strong>Marisco y pescado magro. Servir entre 10\u00baC y 12\u00baC <\/li>\n<li><strong>Informaci\u00f3n adicional:<\/strong> Contiene sulfitos.<\/li>\n<\/ul>\n","protected":false},"excerpt":{"rendered":"<p>Cartuxa Vino Blanco 2020 Regi\u00f3n: Alentejo Capacidad: 75 cL Variedades de uva: Ant\u00e3o Vaz, Arinto y Roupeiro Graduaci\u00f3n alcoh\u00f3lica: 13% Nota de cata: Color amarillo c\u00edtrico y afrutado. Maridaje: Marisco y pescado magro. Servir entre 10\u00baC y 12\u00baC Informaci\u00f3n adicional: Contiene sulfitos.<\/p>\n","protected":false},"featured_media":16371,"template":"","meta":{"_monsterinsights_skip_tracking":false,"_monsterinsights_sitenote_active":false,"_monsterinsights_sitenote_note":"","_monsterinsights_sitenote_category":0},"product_brand":[],"product_cat":[305,214,223,209,212,213,221,102],"product_tag":[],"class_list":{"0":"post-16299","1":"product","2":"type-product","3":"status-publish","4":"has-post-thumbnail","6":"product_cat-alentejo-es-2","7":"product_cat-alentejo-es","8":"product_cat-blanco","9":"product_cat-pais-es-2","10":"product_cat-portugal-es-2","11":"product_cat-region-es","12":"product_cat-tipo-es-4","13":"product_cat-vinos","15":"first","16":"instock","17":"taxable","18":"shipping-taxable","19":"purchasable","20":"product-type-simple"},"aioseo_notices":[],"_links":{"self":[{"href":"https:\/\/pwinecastes.com\/es\/wp-json\/wp\/v2\/product\/16299","targetHints":{"allow":["GET"]}}],"collection":[{"href":"https:\/\/pwinecastes.com\/es\/wp-json\/wp\/v2\/product"}],"about":[{"href":"https:\/\/pwinecastes.com\/es\/wp-json\/wp\/v2\/types\/product"}],"version-history":[{"count":0,"href":"https:\/\/pwinecastes.com\/es\/wp-json\/wp\/v2\/product\/16299\/revisions"}],"wp:featuredmedia":[{"embeddable":true,"href":"https:\/\/pwinecastes.com\/es\/wp-json\/wp\/v2\/media\/16371"}],"wp:attachment":[{"href":"https:\/\/pwinecastes.com\/es\/wp-json\/wp\/v2\/media?parent=16299"}],"wp:term":[{"taxonomy":"product_brand","embeddable":true,"href":"https:\/\/pwinecastes.com\/es\/wp-json\/wp\/v2\/product_brand?post=16299"},{"taxonomy":"product_cat","embeddable":true,"href":"https:\/\/pwinecastes.com\/es\/wp-json\/wp\/v2\/product_cat?post=16299"},{"taxonomy":"product_tag","embeddable":true,"href":"https:\/\/pwinecastes.com\/es\/wp-json\/wp\/v2\/product_tag?post=16299"}],"curies":[{"name":"wp","href":"https:\/\/api.w.org\/{rel}","templated":true}]}}