{"id":16303,"date":"2025-01-21T10:36:46","date_gmt":"2025-01-21T10:36:46","guid":{"rendered":"https:\/\/pwinecastes.com\/?post_type=product&#038;p=16303"},"modified":"2025-01-21T10:36:47","modified_gmt":"2025-01-21T10:36:47","slug":"dez-tostoes-blanco-2021","status":"publish","type":"product","link":"https:\/\/pwinecastes.com\/es\/product\/dez-tostoes-blanco-2021\/","title":{"rendered":"Dez Tost\u00f5es Blanco 2021"},"content":{"rendered":"<p>Dez Tost\u00f5es Vino Blanco 2021<\/p>\n<ul>\n<li><strong>Regi\u00f3n: <\/strong>Alentejo<\/li>\n<li><strong>Capacidad:<\/strong> 75 cL<\/li>\n<li><strong>Variedades de uva: <\/strong>Ant\u00e3o Vaz<\/li>\n<li><strong>Graduaci\u00f3n alcoh\u00f3lica: <\/strong>13%<\/li>\n<li><strong>Nota de cata:<\/strong> Color amarillo pajizo, nariz fresca e intensa con un toque de notas florales y c\u00edtricas.<\/li>\n<li><strong>Armonizaci\u00f3n: <\/strong>Marisco y pescado en general.<\/li>\n<li><strong>Informaci\u00f3n adicional:<\/strong> Contiene sulfitos.<\/li>\n<\/ul>\n","protected":false},"excerpt":{"rendered":"<p>Dez Tost\u00f5es Vino Blanco 2021 Regi\u00f3n: Alentejo Capacidad: 75 cL Variedades de uva: Ant\u00e3o Vaz Graduaci\u00f3n alcoh\u00f3lica: 13% Nota de cata: Color amarillo pajizo, nariz fresca e intensa con un toque de notas florales y c\u00edtricas. Armonizaci\u00f3n: Marisco y pescado en general. Informaci\u00f3n adicional: Contiene sulfitos.<\/p>\n","protected":false},"featured_media":16376,"template":"","meta":{"_monsterinsights_skip_tracking":false,"_monsterinsights_sitenote_active":false,"_monsterinsights_sitenote_note":"","_monsterinsights_sitenote_category":0},"product_brand":[],"product_cat":[305,214,223,232,209,212,213,221,102],"product_tag":[],"class_list":{"0":"post-16303","1":"product","2":"type-product","3":"status-publish","4":"has-post-thumbnail","6":"product_cat-alentejo-es-2","7":"product_cat-alentejo-es","8":"product_cat-blanco","9":"product_cat-blanco-es","10":"product_cat-pais-es-2","11":"product_cat-portugal-es-2","12":"product_cat-region-es","13":"product_cat-tipo-es-4","14":"product_cat-vinos","16":"first","17":"instock","18":"taxable","19":"shipping-taxable","20":"purchasable","21":"product-type-simple"},"aioseo_notices":[],"_links":{"self":[{"href":"https:\/\/pwinecastes.com\/es\/wp-json\/wp\/v2\/product\/16303","targetHints":{"allow":["GET"]}}],"collection":[{"href":"https:\/\/pwinecastes.com\/es\/wp-json\/wp\/v2\/product"}],"about":[{"href":"https:\/\/pwinecastes.com\/es\/wp-json\/wp\/v2\/types\/product"}],"version-history":[{"count":0,"href":"https:\/\/pwinecastes.com\/es\/wp-json\/wp\/v2\/product\/16303\/revisions"}],"wp:featuredmedia":[{"embeddable":true,"href":"https:\/\/pwinecastes.com\/es\/wp-json\/wp\/v2\/media\/16376"}],"wp:attachment":[{"href":"https:\/\/pwinecastes.com\/es\/wp-json\/wp\/v2\/media?parent=16303"}],"wp:term":[{"taxonomy":"product_brand","embeddable":true,"href":"https:\/\/pwinecastes.com\/es\/wp-json\/wp\/v2\/product_brand?post=16303"},{"taxonomy":"product_cat","embeddable":true,"href":"https:\/\/pwinecastes.com\/es\/wp-json\/wp\/v2\/product_cat?post=16303"},{"taxonomy":"product_tag","embeddable":true,"href":"https:\/\/pwinecastes.com\/es\/wp-json\/wp\/v2\/product_tag?post=16303"}],"curies":[{"name":"wp","href":"https:\/\/api.w.org\/{rel}","templated":true}]}}