{"id":16307,"date":"2025-01-21T10:42:46","date_gmt":"2025-01-21T10:42:46","guid":{"rendered":"https:\/\/pwinecastes.com\/?post_type=product&#038;p=16307"},"modified":"2025-01-21T10:42:48","modified_gmt":"2025-01-21T10:42:48","slug":"dom-rafael-blanco-2016","status":"publish","type":"product","link":"https:\/\/pwinecastes.com\/es\/product\/dom-rafael-blanco-2016\/","title":{"rendered":"Dom Rafael Blanco 2016"},"content":{"rendered":"<p>Vino Blanco Dom Rafael 2016, Herdade do Mouch\u00e3o<\/p>\n<ul>\n<li><strong>Regi\u00f3n: <\/strong>Alentejo<\/li>\n<li><strong>Capacidad:<\/strong> 75 cL<\/li>\n<li><strong>Variedades de uva: <\/strong>Ant\u00e3o Vaz y Arinto<\/li>\n<li><strong>Graduaci\u00f3n alcoh\u00f3lica: <\/strong>13,5%<\/li>\n<li><strong>Nota de cata: <\/strong>Color amarillo c\u00edtrico, equilibrado y suave.<\/li>\n<li><strong>Maridaje: <\/strong>Platos de marisco.<\/li>\n<li><strong>Informaci\u00f3n adicional:<\/strong> Contiene sulfitos.<\/li>\n<\/ul>\n","protected":false},"excerpt":{"rendered":"<p>Vino Blanco Dom Rafael 2016, Herdade do Mouch\u00e3o Regi\u00f3n: Alentejo Capacidad: 75 cL Variedades de uva: Ant\u00e3o Vaz y Arinto Graduaci\u00f3n alcoh\u00f3lica: 13,5% Nota de cata: Color amarillo c\u00edtrico, equilibrado y suave. Maridaje: Platos de marisco. Informaci\u00f3n adicional: Contiene sulfitos.<\/p>\n","protected":false},"featured_media":16384,"template":"","meta":{"_monsterinsights_skip_tracking":false,"_monsterinsights_sitenote_active":false,"_monsterinsights_sitenote_note":"","_monsterinsights_sitenote_category":0},"product_brand":[],"product_cat":[214,305,223,232,209,212,213,221,102],"product_tag":[],"class_list":{"0":"post-16307","1":"product","2":"type-product","3":"status-publish","4":"has-post-thumbnail","6":"product_cat-alentejo-es","7":"product_cat-alentejo-es-2","8":"product_cat-blanco","9":"product_cat-blanco-es","10":"product_cat-pais-es-2","11":"product_cat-portugal-es-2","12":"product_cat-region-es","13":"product_cat-tipo-es-4","14":"product_cat-vinos","16":"first","17":"instock","18":"taxable","19":"shipping-taxable","20":"purchasable","21":"product-type-simple"},"aioseo_notices":[],"_links":{"self":[{"href":"https:\/\/pwinecastes.com\/es\/wp-json\/wp\/v2\/product\/16307","targetHints":{"allow":["GET"]}}],"collection":[{"href":"https:\/\/pwinecastes.com\/es\/wp-json\/wp\/v2\/product"}],"about":[{"href":"https:\/\/pwinecastes.com\/es\/wp-json\/wp\/v2\/types\/product"}],"version-history":[{"count":0,"href":"https:\/\/pwinecastes.com\/es\/wp-json\/wp\/v2\/product\/16307\/revisions"}],"wp:featuredmedia":[{"embeddable":true,"href":"https:\/\/pwinecastes.com\/es\/wp-json\/wp\/v2\/media\/16384"}],"wp:attachment":[{"href":"https:\/\/pwinecastes.com\/es\/wp-json\/wp\/v2\/media?parent=16307"}],"wp:term":[{"taxonomy":"product_brand","embeddable":true,"href":"https:\/\/pwinecastes.com\/es\/wp-json\/wp\/v2\/product_brand?post=16307"},{"taxonomy":"product_cat","embeddable":true,"href":"https:\/\/pwinecastes.com\/es\/wp-json\/wp\/v2\/product_cat?post=16307"},{"taxonomy":"product_tag","embeddable":true,"href":"https:\/\/pwinecastes.com\/es\/wp-json\/wp\/v2\/product_tag?post=16307"}],"curies":[{"name":"wp","href":"https:\/\/api.w.org\/{rel}","templated":true}]}}