{"id":16315,"date":"2025-01-21T10:54:30","date_gmt":"2025-01-21T10:54:30","guid":{"rendered":"https:\/\/pwinecastes.com\/?post_type=product&#038;p=16315"},"modified":"2025-01-21T10:54:31","modified_gmt":"2025-01-21T10:54:31","slug":"malhadinha-cosecha-tardia-2012","status":"publish","type":"product","link":"https:\/\/pwinecastes.com\/es\/product\/malhadinha-cosecha-tardia-2012\/","title":{"rendered":"Malhadinha Cosecha Tard\u00eda 2012"},"content":{"rendered":"<p>Vino Malhadinha Cosecha Tard\u00eda 2012<\/p>\n<ul>\n<li><strong><strong>Regi\u00f3n: <\/strong><\/strong>Alentejo<\/li>\n<li><strong>Capacidad:<\/strong> 37,5 cL<\/li>\n<li><strong>Variedades de uva: <\/strong>Petit Manseng<\/li>\n<li><strong>Graduaci\u00f3n alcoh\u00f3lica: <\/strong>12<\/li>\n<li><strong>Nota de cata: Color<\/strong>dorado, intensamente arom\u00e1tico y complejo. Destacan las notas de membrillo, naranja y albaricoque, rodeadas de madera de gran calidad. En boca el perfil es igualmente complejo y rico, el dulzor est\u00e1 perfectamente equilibrado por la gran acidez, y el final es muy largo y persistente.  <\/li>\n<li><strong>Maridaje: <\/strong>Postres y quesos<\/li>\n<li><strong>Informaci\u00f3n adicional:<\/strong> Contiene sulfitos.<\/li>\n<\/ul>\n","protected":false},"excerpt":{"rendered":"<p>Vino Malhadinha Cosecha Tard\u00eda 2012 Regi\u00f3n: Alentejo Capacidad: 37,5 cL Variedades de uva: Petit Manseng Graduaci\u00f3n alcoh\u00f3lica: 12 Nota de cata: Colordorado, intensamente arom\u00e1tico y complejo. Destacan las notas de membrillo, naranja y albaricoque, rodeadas de madera de gran calidad. En boca el perfil es igualmente complejo y rico, el dulzor est\u00e1 perfectamente equilibrado por [&hellip;]<\/p>\n","protected":false},"featured_media":16403,"template":"","meta":{"_monsterinsights_skip_tracking":false,"_monsterinsights_sitenote_active":false,"_monsterinsights_sitenote_note":"","_monsterinsights_sitenote_category":0},"product_brand":[],"product_cat":[305,214,232,223,411,209,212,213,221,102],"product_tag":[],"class_list":{"0":"post-16315","1":"product","2":"type-product","3":"status-publish","4":"has-post-thumbnail","6":"product_cat-alentejo-es-2","7":"product_cat-alentejo-es","8":"product_cat-blanco-es","9":"product_cat-blanco","10":"product_cat-licores-es","11":"product_cat-pais-es-2","12":"product_cat-portugal-es-2","13":"product_cat-region-es","14":"product_cat-tipo-es-4","15":"product_cat-vinos","17":"first","18":"instock","19":"taxable","20":"shipping-taxable","21":"purchasable","22":"product-type-simple"},"aioseo_notices":[],"_links":{"self":[{"href":"https:\/\/pwinecastes.com\/es\/wp-json\/wp\/v2\/product\/16315","targetHints":{"allow":["GET"]}}],"collection":[{"href":"https:\/\/pwinecastes.com\/es\/wp-json\/wp\/v2\/product"}],"about":[{"href":"https:\/\/pwinecastes.com\/es\/wp-json\/wp\/v2\/types\/product"}],"version-history":[{"count":0,"href":"https:\/\/pwinecastes.com\/es\/wp-json\/wp\/v2\/product\/16315\/revisions"}],"wp:featuredmedia":[{"embeddable":true,"href":"https:\/\/pwinecastes.com\/es\/wp-json\/wp\/v2\/media\/16403"}],"wp:attachment":[{"href":"https:\/\/pwinecastes.com\/es\/wp-json\/wp\/v2\/media?parent=16315"}],"wp:term":[{"taxonomy":"product_brand","embeddable":true,"href":"https:\/\/pwinecastes.com\/es\/wp-json\/wp\/v2\/product_brand?post=16315"},{"taxonomy":"product_cat","embeddable":true,"href":"https:\/\/pwinecastes.com\/es\/wp-json\/wp\/v2\/product_cat?post=16315"},{"taxonomy":"product_tag","embeddable":true,"href":"https:\/\/pwinecastes.com\/es\/wp-json\/wp\/v2\/product_tag?post=16315"}],"curies":[{"name":"wp","href":"https:\/\/api.w.org\/{rel}","templated":true}]}}