{"id":16351,"date":"2025-01-21T09:51:01","date_gmt":"2025-01-21T09:51:01","guid":{"rendered":"https:\/\/pwinecastes.com\/?post_type=product&#038;p=16351"},"modified":"2025-01-21T09:51:02","modified_gmt":"2025-01-21T09:51:02","slug":"raposeira-peerless-raw","status":"publish","type":"product","link":"https:\/\/pwinecastes.com\/es\/product\/raposeira-peerless-raw\/","title":{"rendered":"Raposeira Peerless Raw"},"content":{"rendered":"<p>Raposeira Peerless Brut Vino Espumoso<\/p>\n<ul>\n<li><strong>R\u00e9gion<\/strong>: T\u00e1vora-Varosa.<\/li>\n<li><strong>Capacidad:<\/strong> 75 cL<\/li>\n<li><strong>Variedades de uva: <\/strong>Mezcla.<\/li>\n<li><strong>Graduaci\u00f3n alcoh\u00f3lica: <\/strong>13,5% vol.<\/li>\n<li><strong>Notas de cata: <\/strong>El vino espumoso Raposeira Reserva Bruto Peerless tiene un color cristalino, con burbujas muy finas y persistentes. Aroma afrutado, fresco y delicado. <\/li>\n<li><strong>Informaci\u00f3n adicional:<\/strong> Contiene sulfitos.<\/li>\n<\/ul>\n","protected":false},"excerpt":{"rendered":"<p>Raposeira Peerless Brut Vino Espumoso R\u00e9gion: T\u00e1vora-Varosa. Capacidad: 75 cL Variedades de uva: Mezcla. Graduaci\u00f3n alcoh\u00f3lica: 13,5% vol. Notas de cata: El vino espumoso Raposeira Reserva Bruto Peerless tiene un color cristalino, con burbujas muy finas y persistentes. Aroma afrutado, fresco y delicado. Informaci\u00f3n adicional: Contiene sulfitos.<\/p>\n","protected":false},"featured_media":16355,"template":"","meta":{"_monsterinsights_skip_tracking":false,"_monsterinsights_sitenote_active":false,"_monsterinsights_sitenote_note":"","_monsterinsights_sitenote_category":0},"product_brand":[],"product_cat":[182,186],"product_tag":[],"class_list":{"0":"post-16351","1":"product","2":"type-product","3":"status-publish","4":"has-post-thumbnail","6":"product_cat-champagne-espumoso","7":"product_cat-portugal-es","9":"first","10":"instock","11":"taxable","12":"shipping-taxable","13":"purchasable","14":"product-type-simple"},"aioseo_notices":[],"_links":{"self":[{"href":"https:\/\/pwinecastes.com\/es\/wp-json\/wp\/v2\/product\/16351","targetHints":{"allow":["GET"]}}],"collection":[{"href":"https:\/\/pwinecastes.com\/es\/wp-json\/wp\/v2\/product"}],"about":[{"href":"https:\/\/pwinecastes.com\/es\/wp-json\/wp\/v2\/types\/product"}],"version-history":[{"count":0,"href":"https:\/\/pwinecastes.com\/es\/wp-json\/wp\/v2\/product\/16351\/revisions"}],"wp:featuredmedia":[{"embeddable":true,"href":"https:\/\/pwinecastes.com\/es\/wp-json\/wp\/v2\/media\/16355"}],"wp:attachment":[{"href":"https:\/\/pwinecastes.com\/es\/wp-json\/wp\/v2\/media?parent=16351"}],"wp:term":[{"taxonomy":"product_brand","embeddable":true,"href":"https:\/\/pwinecastes.com\/es\/wp-json\/wp\/v2\/product_brand?post=16351"},{"taxonomy":"product_cat","embeddable":true,"href":"https:\/\/pwinecastes.com\/es\/wp-json\/wp\/v2\/product_cat?post=16351"},{"taxonomy":"product_tag","embeddable":true,"href":"https:\/\/pwinecastes.com\/es\/wp-json\/wp\/v2\/product_tag?post=16351"}],"curies":[{"name":"wp","href":"https:\/\/api.w.org\/{rel}","templated":true}]}}