{"id":16487,"date":"2025-01-21T12:03:26","date_gmt":"2025-01-21T12:03:26","guid":{"rendered":"https:\/\/pwinecastes.com\/?post_type=product&#038;p=16487"},"modified":"2025-01-21T12:03:27","modified_gmt":"2025-01-21T12:03:27","slug":"ervideira-100-pes-tinto","status":"publish","type":"product","link":"https:\/\/pwinecastes.com\/es\/product\/ervideira-100-pes-tinto\/","title":{"rendered":"Ervideira 100 P\u00e9s Tinto"},"content":{"rendered":"<p>Ervideira 100 P\u00e9s Tinto<\/p>\n<ul>\n<li><strong>Regi\u00f3n: <\/strong>Alentejo.<\/li>\n<li><strong>Capacidad:<\/strong> 75 cL<\/li>\n<li><strong>Variedades de uva: <\/strong>Alfrocheiro, Syrah, Trincadeira, Alicante Bouschet.<\/li>\n<li><strong>Graduaci\u00f3n alcoh\u00f3lica: <\/strong>13,5% vol.<\/li>\n<li><strong>Nota de cata<\/strong>: Tiene un color rub\u00ed y est\u00e1 lleno de chispa. Arom\u00e1ticamente intenso, nos transporta a la expresi\u00f3n de los frutos rojos, donde las grosellas y los ar\u00e1ndanos dominan los sentidos. Sorprende por su frescura y equilibrio en boca, que genera mucho placer. Termina largo y elegante. Un vino joven e irreverente.    <\/li>\n<li><strong>Informaci\u00f3n adicional:<\/strong> Contiene sulfitos.<\/li>\n<\/ul>\n","protected":false},"excerpt":{"rendered":"<p>Ervideira 100 P\u00e9s Tinto Regi\u00f3n: Alentejo. Capacidad: 75 cL Variedades de uva: Alfrocheiro, Syrah, Trincadeira, Alicante Bouschet. Graduaci\u00f3n alcoh\u00f3lica: 13,5% vol. Nota de cata: Tiene un color rub\u00ed y est\u00e1 lleno de chispa. Arom\u00e1ticamente intenso, nos transporta a la expresi\u00f3n de los frutos rojos, donde las grosellas y los ar\u00e1ndanos dominan los sentidos. Sorprende por [&hellip;]<\/p>\n","protected":false},"featured_media":16485,"template":"","meta":{"_monsterinsights_skip_tracking":false,"_monsterinsights_sitenote_active":false,"_monsterinsights_sitenote_note":"","_monsterinsights_sitenote_category":0},"product_brand":[],"product_cat":[214,209,212,213,233,102],"product_tag":[],"class_list":{"0":"post-16487","1":"product","2":"type-product","3":"status-publish","4":"has-post-thumbnail","6":"product_cat-alentejo-es","7":"product_cat-pais-es-2","8":"product_cat-portugal-es-2","9":"product_cat-region-es","10":"product_cat-tinto-es-2","11":"product_cat-vinos","13":"first","14":"instock","15":"taxable","16":"shipping-taxable","17":"purchasable","18":"product-type-simple"},"aioseo_notices":[],"_links":{"self":[{"href":"https:\/\/pwinecastes.com\/es\/wp-json\/wp\/v2\/product\/16487","targetHints":{"allow":["GET"]}}],"collection":[{"href":"https:\/\/pwinecastes.com\/es\/wp-json\/wp\/v2\/product"}],"about":[{"href":"https:\/\/pwinecastes.com\/es\/wp-json\/wp\/v2\/types\/product"}],"version-history":[{"count":0,"href":"https:\/\/pwinecastes.com\/es\/wp-json\/wp\/v2\/product\/16487\/revisions"}],"wp:featuredmedia":[{"embeddable":true,"href":"https:\/\/pwinecastes.com\/es\/wp-json\/wp\/v2\/media\/16485"}],"wp:attachment":[{"href":"https:\/\/pwinecastes.com\/es\/wp-json\/wp\/v2\/media?parent=16487"}],"wp:term":[{"taxonomy":"product_brand","embeddable":true,"href":"https:\/\/pwinecastes.com\/es\/wp-json\/wp\/v2\/product_brand?post=16487"},{"taxonomy":"product_cat","embeddable":true,"href":"https:\/\/pwinecastes.com\/es\/wp-json\/wp\/v2\/product_cat?post=16487"},{"taxonomy":"product_tag","embeddable":true,"href":"https:\/\/pwinecastes.com\/es\/wp-json\/wp\/v2\/product_tag?post=16487"}],"curies":[{"name":"wp","href":"https:\/\/api.w.org\/{rel}","templated":true}]}}