{"id":16524,"date":"2025-01-22T16:08:45","date_gmt":"2025-01-22T16:08:45","guid":{"rendered":"https:\/\/pwinecastes.com\/?post_type=product&#038;p=16524"},"modified":"2025-01-22T16:08:46","modified_gmt":"2025-01-22T16:08:46","slug":"memorias-de-santar-tinto-reserva","status":"publish","type":"product","link":"https:\/\/pwinecastes.com\/es\/product\/memorias-de-santar-tinto-reserva\/","title":{"rendered":"Mem\u00f3rias de Santar Tinto Reserva"},"content":{"rendered":"<div class=\"bdt-ep-advanced-heading-sub-title\">\n<p class=\"bdt-ep-advanced-heading-sub-title-content\">Mem\u00f3rias de Santar Tinto Reserva<\/p>\n<ul>\n<li><strong>Regi\u00f3n: <\/strong>D\u00e3o.<\/li>\n<li><strong>Capacidad:<\/strong> 75 cL<\/li>\n<li><strong>Variedades de uva: <\/strong>Alfrocheiro, Alicante Bouschet, Touriga Nacional.<\/li>\n<li><strong>Graduaci\u00f3n alcoh\u00f3lica: <\/strong>14% vol.<\/li>\n<li><strong>Nota de cata<\/strong>: Color rub\u00ed intenso. Aroma expresivo con fruta roja y complejas notas de trufa en perfecta armon\u00eda con el ligero tostado del roble franc\u00e9s. En boca es concentrado, fresco y elegante, con taninos que garantizan su conservaci\u00f3n durante varios a\u00f1os.  <\/li>\n<li><strong>Maridaje:<\/strong> Carnes blancas a la parrilla, Carnes rojas a la parrilla, Carne de olla, Carne de caza.<\/li>\n<li><strong>Informaci\u00f3n adicional:<\/strong> Contiene sulfitos.<\/li>\n<\/ul>\n<\/div>\n","protected":false},"excerpt":{"rendered":"<p>Mem\u00f3rias de Santar Tinto Reserva Regi\u00f3n: D\u00e3o. Capacidad: 75 cL Variedades de uva: Alfrocheiro, Alicante Bouschet, Touriga Nacional. Graduaci\u00f3n alcoh\u00f3lica: 14% vol. Nota de cata: Color rub\u00ed intenso. Aroma expresivo con fruta roja y complejas notas de trufa en perfecta armon\u00eda con el ligero tostado del roble franc\u00e9s. En boca es concentrado, fresco y elegante, [&hellip;]<\/p>\n","protected":false},"featured_media":16527,"template":"","meta":{"_monsterinsights_skip_tracking":false,"_monsterinsights_sitenote_active":false,"_monsterinsights_sitenote_note":"","_monsterinsights_sitenote_category":0},"product_brand":[],"product_cat":[216,209,212,213,249,102],"product_tag":[],"class_list":{"0":"post-16524","1":"product","2":"type-product","3":"status-publish","4":"has-post-thumbnail","6":"product_cat-dao-es","7":"product_cat-pais-es-2","8":"product_cat-portugal-es-2","9":"product_cat-region-es","10":"product_cat-tinto-es-4","11":"product_cat-vinos","13":"first","14":"outofstock","15":"taxable","16":"shipping-taxable","17":"purchasable","18":"product-type-simple"},"aioseo_notices":[],"_links":{"self":[{"href":"https:\/\/pwinecastes.com\/es\/wp-json\/wp\/v2\/product\/16524","targetHints":{"allow":["GET"]}}],"collection":[{"href":"https:\/\/pwinecastes.com\/es\/wp-json\/wp\/v2\/product"}],"about":[{"href":"https:\/\/pwinecastes.com\/es\/wp-json\/wp\/v2\/types\/product"}],"version-history":[{"count":0,"href":"https:\/\/pwinecastes.com\/es\/wp-json\/wp\/v2\/product\/16524\/revisions"}],"wp:featuredmedia":[{"embeddable":true,"href":"https:\/\/pwinecastes.com\/es\/wp-json\/wp\/v2\/media\/16527"}],"wp:attachment":[{"href":"https:\/\/pwinecastes.com\/es\/wp-json\/wp\/v2\/media?parent=16524"}],"wp:term":[{"taxonomy":"product_brand","embeddable":true,"href":"https:\/\/pwinecastes.com\/es\/wp-json\/wp\/v2\/product_brand?post=16524"},{"taxonomy":"product_cat","embeddable":true,"href":"https:\/\/pwinecastes.com\/es\/wp-json\/wp\/v2\/product_cat?post=16524"},{"taxonomy":"product_tag","embeddable":true,"href":"https:\/\/pwinecastes.com\/es\/wp-json\/wp\/v2\/product_tag?post=16524"}],"curies":[{"name":"wp","href":"https:\/\/api.w.org\/{rel}","templated":true}]}}