{"id":16558,"date":"2025-01-23T16:05:59","date_gmt":"2025-01-23T16:05:59","guid":{"rendered":"https:\/\/pwinecastes.com\/product\/herdade-do-arrepiado-velho-tinto\/"},"modified":"2025-01-23T16:05:59","modified_gmt":"2025-01-23T16:05:59","slug":"herdade-do-arrepiado-velho-tinto","status":"publish","type":"product","link":"https:\/\/pwinecastes.com\/es\/product\/herdade-do-arrepiado-velho-tinto\/","title":{"rendered":"Herdade do Arrepiado Velho Tinto"},"content":{"rendered":"<p>Herdade do Arrepiado Velho Tinto<\/p>\n<ul>\n<li><strong>Regi\u00f3n: <\/strong>Alentejo.<\/li>\n<li><strong>Capacidad:<\/strong> 75 cL<\/li>\n<li><strong>Variedades de uva: <\/strong>100% Touriga Nacional<\/li>\n<li><strong>Graduaci\u00f3n alcoh\u00f3lica: <\/strong>15% vol.<\/li>\n<li><strong>Nota de cata<\/strong>: Color violeta concentrado, nariz intensa y floral con notas de fruta negra. Con cuerpo, sabroso, con taninos redondos y buena persistencia. <\/li>\n<li><strong>Informaci\u00f3n adicional:<\/strong> Contiene sulfitos. Envejecido parcialmente en barricas de roble franc\u00e9s<\/li>\n<\/ul>\n","protected":false},"excerpt":{"rendered":"<p>Herdade do Arrepiado Velho Tinto Regi\u00f3n: Alentejo. Capacidad: 75 cL Variedades de uva: 100% Touriga Nacional Graduaci\u00f3n alcoh\u00f3lica: 15% vol. Nota de cata: Color violeta concentrado, nariz intensa y floral con notas de fruta negra. Con cuerpo, sabroso, con taninos redondos y buena persistencia. Informaci\u00f3n adicional: Contiene sulfitos. Envejecido parcialmente en barricas de roble franc\u00e9s<\/p>\n","protected":false},"featured_media":16591,"template":"","meta":{"_monsterinsights_skip_tracking":false,"_monsterinsights_sitenote_active":false,"_monsterinsights_sitenote_note":"","_monsterinsights_sitenote_category":0},"product_brand":[],"product_cat":[214,209,212,213,233,102],"product_tag":[],"class_list":{"0":"post-16558","1":"product","2":"type-product","3":"status-publish","4":"has-post-thumbnail","6":"product_cat-alentejo-es","7":"product_cat-pais-es-2","8":"product_cat-portugal-es-2","9":"product_cat-region-es","10":"product_cat-tinto-es-2","11":"product_cat-vinos","13":"first","14":"instock","15":"taxable","16":"shipping-taxable","17":"purchasable","18":"product-type-simple"},"aioseo_notices":[],"_links":{"self":[{"href":"https:\/\/pwinecastes.com\/es\/wp-json\/wp\/v2\/product\/16558","targetHints":{"allow":["GET"]}}],"collection":[{"href":"https:\/\/pwinecastes.com\/es\/wp-json\/wp\/v2\/product"}],"about":[{"href":"https:\/\/pwinecastes.com\/es\/wp-json\/wp\/v2\/types\/product"}],"version-history":[{"count":0,"href":"https:\/\/pwinecastes.com\/es\/wp-json\/wp\/v2\/product\/16558\/revisions"}],"wp:featuredmedia":[{"embeddable":true,"href":"https:\/\/pwinecastes.com\/es\/wp-json\/wp\/v2\/media\/16591"}],"wp:attachment":[{"href":"https:\/\/pwinecastes.com\/es\/wp-json\/wp\/v2\/media?parent=16558"}],"wp:term":[{"taxonomy":"product_brand","embeddable":true,"href":"https:\/\/pwinecastes.com\/es\/wp-json\/wp\/v2\/product_brand?post=16558"},{"taxonomy":"product_cat","embeddable":true,"href":"https:\/\/pwinecastes.com\/es\/wp-json\/wp\/v2\/product_cat?post=16558"},{"taxonomy":"product_tag","embeddable":true,"href":"https:\/\/pwinecastes.com\/es\/wp-json\/wp\/v2\/product_tag?post=16558"}],"curies":[{"name":"wp","href":"https:\/\/api.w.org\/{rel}","templated":true}]}}