{"id":16563,"date":"2025-01-24T14:16:02","date_gmt":"2025-01-24T14:16:02","guid":{"rendered":"https:\/\/pwinecastes.com\/product\/vino-espumoso-colinas-de-sao-lourenco-rosado-de-pinots-cuvee-brut-reserva\/"},"modified":"2025-01-24T14:16:02","modified_gmt":"2025-01-24T14:16:02","slug":"vino-espumoso-colinas-de-sao-lourenco-rosado-de-pinots-cuvee-brut-reserva","status":"publish","type":"product","link":"https:\/\/pwinecastes.com\/es\/product\/vino-espumoso-colinas-de-sao-lourenco-rosado-de-pinots-cuvee-brut-reserva\/","title":{"rendered":"Vino espumoso Colinas de S\u00e3o Louren\u00e7o Rosado de Pinots Cuv\u00e9e Brut Reserva"},"content":{"rendered":"<p>Vino espumoso Colinas de S\u00e3o Louren\u00e7o Rosado de Pinots Cuv\u00e9e Brut Reserva<\/p>\n<ul>\n<li><strong>Regi\u00f3n: <\/strong>Bairrada.<\/li>\n<li><strong>Capacidad:<\/strong> 75 cL<\/li>\n<li><strong>Variedades de uva: <\/strong>Pinot Noir.<\/li>\n<li><strong>Graduaci\u00f3n alcoh\u00f3lica: <\/strong>12,5% vol.<\/li>\n<li><strong>Nota de cata:<\/strong> Sabor amplio, que nace de forma inesperada y atrevida. Excepcional en boca, descubrimos la armon\u00eda entre las notas de pasteler\u00eda y la tarta de frutos rojos. El paladar tiene notas florales con toques de frutos secos. Extremadamente delicado y sutil, con una burbuja fina y elegante.   <\/li>\n<li><strong>Informaci\u00f3n adicional:<\/strong> Contiene sulfitos.<\/li>\n<\/ul>\n","protected":false},"excerpt":{"rendered":"<p>Vino espumoso Colinas de S\u00e3o Louren\u00e7o Rosado de Pinots Cuv\u00e9e Brut Reserva Regi\u00f3n: Bairrada. Capacidad: 75 cL Variedades de uva: Pinot Noir. Graduaci\u00f3n alcoh\u00f3lica: 12,5% vol. Nota de cata: Sabor amplio, que nace de forma inesperada y atrevida. Excepcional en boca, descubrimos la armon\u00eda entre las notas de pasteler\u00eda y la tarta de frutos rojos. [&hellip;]<\/p>\n","protected":false},"featured_media":16569,"template":"","meta":{"_monsterinsights_skip_tracking":false,"_monsterinsights_sitenote_active":false,"_monsterinsights_sitenote_note":"","_monsterinsights_sitenote_category":0},"product_brand":[],"product_cat":[182,186],"product_tag":[],"class_list":{"0":"post-16563","1":"product","2":"type-product","3":"status-publish","4":"has-post-thumbnail","6":"product_cat-champagne-espumoso","7":"product_cat-portugal-es","9":"first","10":"instock","11":"taxable","12":"shipping-taxable","13":"purchasable","14":"product-type-simple"},"aioseo_notices":[],"_links":{"self":[{"href":"https:\/\/pwinecastes.com\/es\/wp-json\/wp\/v2\/product\/16563","targetHints":{"allow":["GET"]}}],"collection":[{"href":"https:\/\/pwinecastes.com\/es\/wp-json\/wp\/v2\/product"}],"about":[{"href":"https:\/\/pwinecastes.com\/es\/wp-json\/wp\/v2\/types\/product"}],"version-history":[{"count":0,"href":"https:\/\/pwinecastes.com\/es\/wp-json\/wp\/v2\/product\/16563\/revisions"}],"wp:featuredmedia":[{"embeddable":true,"href":"https:\/\/pwinecastes.com\/es\/wp-json\/wp\/v2\/media\/16569"}],"wp:attachment":[{"href":"https:\/\/pwinecastes.com\/es\/wp-json\/wp\/v2\/media?parent=16563"}],"wp:term":[{"taxonomy":"product_brand","embeddable":true,"href":"https:\/\/pwinecastes.com\/es\/wp-json\/wp\/v2\/product_brand?post=16563"},{"taxonomy":"product_cat","embeddable":true,"href":"https:\/\/pwinecastes.com\/es\/wp-json\/wp\/v2\/product_cat?post=16563"},{"taxonomy":"product_tag","embeddable":true,"href":"https:\/\/pwinecastes.com\/es\/wp-json\/wp\/v2\/product_tag?post=16563"}],"curies":[{"name":"wp","href":"https:\/\/api.w.org\/{rel}","templated":true}]}}