{"id":16595,"date":"2025-01-25T17:24:02","date_gmt":"2025-01-25T17:24:02","guid":{"rendered":"https:\/\/pwinecastes.com\/?post_type=product&#038;p=16595"},"modified":"2025-01-25T17:24:03","modified_gmt":"2025-01-25T17:24:03","slug":"druida-encruzado-reserva-blanco","status":"publish","type":"product","link":"https:\/\/pwinecastes.com\/es\/product\/druida-encruzado-reserva-blanco\/","title":{"rendered":"Druida Encruzado Reserva Blanco"},"content":{"rendered":"<p class=\"product_title entry-title wd-entities-title\">Druida Encruzado Reserva Blanco<\/p>\n<ul>\n<li><strong>Regi\u00f3n: <\/strong>D\u00e3o<\/li>\n<li><strong>Capacidad:<\/strong> 75 cL<\/li>\n<li><strong>Variedades de uva:<\/strong> Encruzado.<\/li>\n<li><strong>Graduaci\u00f3n alcoh\u00f3lica: <\/strong>13%<\/li>\n<li><strong>Nota de cata <\/strong>: Nariz elegante y compleja con predominio mineral del granito. Notas de manzana, c\u00edtricos, tomillo, p\u00f3lvora y especias. En boca, frescura y elegancia con volumen, estructura y un largo final.  <\/li>\n<li><strong>Informaci\u00f3n adicional:<\/strong> Contiene sulfitos.<\/li>\n<\/ul>\n","protected":false},"excerpt":{"rendered":"<p>Druida Encruzado Reserva Blanco Regi\u00f3n: D\u00e3o Capacidad: 75 cL Variedades de uva: Encruzado. Graduaci\u00f3n alcoh\u00f3lica: 13% Nota de cata : Nariz elegante y compleja con predominio mineral del granito. Notas de manzana, c\u00edtricos, tomillo, p\u00f3lvora y especias. En boca, frescura y elegancia con volumen, estructura y un largo final. Informaci\u00f3n adicional: Contiene sulfitos.<\/p>\n","protected":false},"featured_media":16609,"template":"","meta":{"_monsterinsights_skip_tracking":false,"_monsterinsights_sitenote_active":false,"_monsterinsights_sitenote_note":"","_monsterinsights_sitenote_category":0},"product_brand":[],"product_cat":[250,216,209,212,213,102],"product_tag":[],"class_list":{"0":"post-16595","1":"product","2":"type-product","3":"status-publish","4":"has-post-thumbnail","6":"product_cat-blanco-es-3","7":"product_cat-dao-es","8":"product_cat-pais-es-2","9":"product_cat-portugal-es-2","10":"product_cat-region-es","11":"product_cat-vinos","13":"first","14":"instock","15":"taxable","16":"shipping-taxable","17":"purchasable","18":"product-type-simple"},"aioseo_notices":[],"_links":{"self":[{"href":"https:\/\/pwinecastes.com\/es\/wp-json\/wp\/v2\/product\/16595","targetHints":{"allow":["GET"]}}],"collection":[{"href":"https:\/\/pwinecastes.com\/es\/wp-json\/wp\/v2\/product"}],"about":[{"href":"https:\/\/pwinecastes.com\/es\/wp-json\/wp\/v2\/types\/product"}],"version-history":[{"count":0,"href":"https:\/\/pwinecastes.com\/es\/wp-json\/wp\/v2\/product\/16595\/revisions"}],"wp:featuredmedia":[{"embeddable":true,"href":"https:\/\/pwinecastes.com\/es\/wp-json\/wp\/v2\/media\/16609"}],"wp:attachment":[{"href":"https:\/\/pwinecastes.com\/es\/wp-json\/wp\/v2\/media?parent=16595"}],"wp:term":[{"taxonomy":"product_brand","embeddable":true,"href":"https:\/\/pwinecastes.com\/es\/wp-json\/wp\/v2\/product_brand?post=16595"},{"taxonomy":"product_cat","embeddable":true,"href":"https:\/\/pwinecastes.com\/es\/wp-json\/wp\/v2\/product_cat?post=16595"},{"taxonomy":"product_tag","embeddable":true,"href":"https:\/\/pwinecastes.com\/es\/wp-json\/wp\/v2\/product_tag?post=16595"}],"curies":[{"name":"wp","href":"https:\/\/api.w.org\/{rel}","templated":true}]}}