{"id":16613,"date":"2025-01-25T17:53:52","date_gmt":"2025-01-25T17:53:52","guid":{"rendered":"https:\/\/pwinecastes.com\/?post_type=product&#038;p=16613"},"modified":"2025-01-25T17:53:53","modified_gmt":"2025-01-25T17:53:53","slug":"rojo-caminante-2019","status":"publish","type":"product","link":"https:\/\/pwinecastes.com\/es\/product\/rojo-caminante-2019\/","title":{"rendered":"Rojo Caminante 2019"},"content":{"rendered":"<p>Vino Tinto Caminhante D\u00e3o 2019<\/p>\n<ul>\n<li><strong>Regi\u00f3n: <\/strong>D\u00e3o<\/li>\n<li><strong>Capacidad:<\/strong> 75 cL<\/li>\n<li><strong>Variedades de uva:<\/strong> Ja\u00e9n, Touriga Nacional, Alfrocheiro y Encruzado.<\/li>\n<li><strong>Graduaci\u00f3n alcoh\u00f3lica: <\/strong>12<\/li>\n<li><strong>Nota de cata: <\/strong>Muy fresco, con notas de cereza fresca, violetas y especias. Notas vegetales y minerales que aportan tensi\u00f3n. En boca tiene una excelente textura e intensidad de fruta, los taninos est\u00e1n muy presentes pero son muy finos y la acidez da un final tenso, largo y elegante.  <\/li>\n<li><strong>Maridaje:<\/strong> Cerdo a la parrilla, cordero, pasta rag\u00fa y quesos de media curaci\u00f3n.<\/li>\n<li><strong>Informaci\u00f3n adicional:<\/strong> Contiene sulfitos<\/li>\n<\/ul>\n","protected":false},"excerpt":{"rendered":"<p>Vino Tinto Caminhante D\u00e3o 2019 Regi\u00f3n: D\u00e3o Capacidad: 75 cL Variedades de uva: Ja\u00e9n, Touriga Nacional, Alfrocheiro y Encruzado. Graduaci\u00f3n alcoh\u00f3lica: 12 Nota de cata: Muy fresco, con notas de cereza fresca, violetas y especias. Notas vegetales y minerales que aportan tensi\u00f3n. En boca tiene una excelente textura e intensidad de fruta, los taninos est\u00e1n [&hellip;]<\/p>\n","protected":false},"featured_media":16618,"template":"","meta":{"_monsterinsights_skip_tracking":false,"_monsterinsights_sitenote_active":false,"_monsterinsights_sitenote_note":"","_monsterinsights_sitenote_category":0},"product_brand":[],"product_cat":[216,209,212,213,249,102],"product_tag":[],"class_list":{"0":"post-16613","1":"product","2":"type-product","3":"status-publish","4":"has-post-thumbnail","6":"product_cat-dao-es","7":"product_cat-pais-es-2","8":"product_cat-portugal-es-2","9":"product_cat-region-es","10":"product_cat-tinto-es-4","11":"product_cat-vinos","13":"first","14":"instock","15":"taxable","16":"shipping-taxable","17":"purchasable","18":"product-type-simple"},"aioseo_notices":[],"_links":{"self":[{"href":"https:\/\/pwinecastes.com\/es\/wp-json\/wp\/v2\/product\/16613","targetHints":{"allow":["GET"]}}],"collection":[{"href":"https:\/\/pwinecastes.com\/es\/wp-json\/wp\/v2\/product"}],"about":[{"href":"https:\/\/pwinecastes.com\/es\/wp-json\/wp\/v2\/types\/product"}],"version-history":[{"count":0,"href":"https:\/\/pwinecastes.com\/es\/wp-json\/wp\/v2\/product\/16613\/revisions"}],"wp:featuredmedia":[{"embeddable":true,"href":"https:\/\/pwinecastes.com\/es\/wp-json\/wp\/v2\/media\/16618"}],"wp:attachment":[{"href":"https:\/\/pwinecastes.com\/es\/wp-json\/wp\/v2\/media?parent=16613"}],"wp:term":[{"taxonomy":"product_brand","embeddable":true,"href":"https:\/\/pwinecastes.com\/es\/wp-json\/wp\/v2\/product_brand?post=16613"},{"taxonomy":"product_cat","embeddable":true,"href":"https:\/\/pwinecastes.com\/es\/wp-json\/wp\/v2\/product_cat?post=16613"},{"taxonomy":"product_tag","embeddable":true,"href":"https:\/\/pwinecastes.com\/es\/wp-json\/wp\/v2\/product_tag?post=16613"}],"curies":[{"name":"wp","href":"https:\/\/api.w.org\/{rel}","templated":true}]}}