{"id":16644,"date":"2025-01-28T16:34:26","date_gmt":"2025-01-28T16:34:26","guid":{"rendered":"https:\/\/pwinecastes.com\/product\/grande-druida-rojo-2020\/"},"modified":"2025-01-28T16:34:26","modified_gmt":"2025-01-28T16:34:26","slug":"grande-druida-rojo-2020","status":"publish","type":"product","link":"https:\/\/pwinecastes.com\/es\/product\/grande-druida-rojo-2020\/","title":{"rendered":"Grande Druida Rojo 2020"},"content":{"rendered":"<p>Grande Druida Rojo 2020<\/p>\n<ul>\n<li><strong>Regi\u00f3n: <\/strong>D\u00e3o<\/li>\n<li><strong>Capacidad:<\/strong> 75 cL<\/li>\n<li><strong>Variedades de uva:<\/strong> Alfrocheiro, Baga, Touriga Nacional<\/li>\n<li><strong>Graduaci\u00f3n alcoh\u00f3lica: <\/strong>13,5% Vol.<\/li>\n<li><strong>Nota de cata: <\/strong>Nariz delicada y rica, con notas de cacao, pimienta, cereza, pedernal y arbusto silvestre. En boca tiene varias dimensiones: tenso, voluminoso, estructurado, fresco, con taninos sedosos y mucha persistencia. <\/li>\n<li><strong>Informaci\u00f3n adicional:<\/strong> Contiene sulfitos<\/li>\n<\/ul>\n","protected":false},"excerpt":{"rendered":"<p>Grande Druida Rojo 2020 Regi\u00f3n: D\u00e3o Capacidad: 75 cL Variedades de uva: Alfrocheiro, Baga, Touriga Nacional Graduaci\u00f3n alcoh\u00f3lica: 13,5% Vol. Nota de cata: Nariz delicada y rica, con notas de cacao, pimienta, cereza, pedernal y arbusto silvestre. En boca tiene varias dimensiones: tenso, voluminoso, estructurado, fresco, con taninos sedosos y mucha persistencia. Informaci\u00f3n adicional: Contiene [&hellip;]<\/p>\n","protected":false},"featured_media":16657,"template":"","meta":{"_monsterinsights_skip_tracking":false,"_monsterinsights_sitenote_active":false,"_monsterinsights_sitenote_note":"","_monsterinsights_sitenote_category":0},"product_brand":[],"product_cat":[216,209,213,249,102],"product_tag":[],"class_list":{"0":"post-16644","1":"product","2":"type-product","3":"status-publish","4":"has-post-thumbnail","6":"product_cat-dao-es","7":"product_cat-pais-es-2","8":"product_cat-region-es","9":"product_cat-tinto-es-4","10":"product_cat-vinos","12":"first","13":"instock","14":"taxable","15":"shipping-taxable","16":"purchasable","17":"product-type-simple"},"aioseo_notices":[],"_links":{"self":[{"href":"https:\/\/pwinecastes.com\/es\/wp-json\/wp\/v2\/product\/16644","targetHints":{"allow":["GET"]}}],"collection":[{"href":"https:\/\/pwinecastes.com\/es\/wp-json\/wp\/v2\/product"}],"about":[{"href":"https:\/\/pwinecastes.com\/es\/wp-json\/wp\/v2\/types\/product"}],"version-history":[{"count":0,"href":"https:\/\/pwinecastes.com\/es\/wp-json\/wp\/v2\/product\/16644\/revisions"}],"wp:featuredmedia":[{"embeddable":true,"href":"https:\/\/pwinecastes.com\/es\/wp-json\/wp\/v2\/media\/16657"}],"wp:attachment":[{"href":"https:\/\/pwinecastes.com\/es\/wp-json\/wp\/v2\/media?parent=16644"}],"wp:term":[{"taxonomy":"product_brand","embeddable":true,"href":"https:\/\/pwinecastes.com\/es\/wp-json\/wp\/v2\/product_brand?post=16644"},{"taxonomy":"product_cat","embeddable":true,"href":"https:\/\/pwinecastes.com\/es\/wp-json\/wp\/v2\/product_cat?post=16644"},{"taxonomy":"product_tag","embeddable":true,"href":"https:\/\/pwinecastes.com\/es\/wp-json\/wp\/v2\/product_tag?post=16644"}],"curies":[{"name":"wp","href":"https:\/\/api.w.org\/{rel}","templated":true}]}}