{"id":16670,"date":"2025-01-29T10:18:38","date_gmt":"2025-01-29T10:18:38","guid":{"rendered":"https:\/\/pwinecastes.com\/product\/quinta-das-marias-cuvee-tt-reserva-tinto-2020\/"},"modified":"2025-01-29T10:18:38","modified_gmt":"2025-01-29T10:18:38","slug":"quinta-das-marias-cuvee-tt-reserva-tinto-2020","status":"publish","type":"product","link":"https:\/\/pwinecastes.com\/es\/product\/quinta-das-marias-cuvee-tt-reserva-tinto-2020\/","title":{"rendered":"Quinta das Marias Cuv\u00e9e TT Reserva Tinto 2020"},"content":{"rendered":"<p>Quinta das Marias Cuv\u00e9e TT Reserva Tinto 2020<\/p>\n<ul>\n<li><strong>Regi\u00f3n: <\/strong>D\u00e3o<\/li>\n<li><strong>Capacidad:<\/strong> 75 cL<\/li>\n<li><strong>Variedades de uva: <\/strong>Touriga Nacional, Tinta Roriz<\/li>\n<li><strong>Graduaci\u00f3n alcoh\u00f3lica: <\/strong>14,5% Vol.<\/li>\n<li><strong>Nota de cata:<\/strong> Tiene un aroma intenso y especiado a enebro y bayas de la madera. Con una excelente estructura de acidez vibrante, fruta equilibrada y taninos firmes, este vino promete agradar. <\/li>\n<li><strong>Informaci\u00f3n adicional:<\/strong> Contiene sulfitos.<\/li>\n<li>Las uvas se vendimian a mano y se transportan inmediatamente a la bodega, donde se seleccionan manualmente, se despalillan y se estrujan. Fermentaci\u00f3n en lagares tradicionales de granito y en un fermentador Ganimede. Crianza en barricas de roble franc\u00e9s (2\u00ba a\u00f1o) durante 11 meses.  <\/li>\n<\/ul>\n","protected":false},"excerpt":{"rendered":"<p>Quinta das Marias Cuv\u00e9e TT Reserva Tinto 2020 Regi\u00f3n: D\u00e3o Capacidad: 75 cL Variedades de uva: Touriga Nacional, Tinta Roriz Graduaci\u00f3n alcoh\u00f3lica: 14,5% Vol. Nota de cata: Tiene un aroma intenso y especiado a enebro y bayas de la madera. Con una excelente estructura de acidez vibrante, fruta equilibrada y taninos firmes, este vino promete [&hellip;]<\/p>\n","protected":false},"featured_media":16663,"template":"","meta":{"_monsterinsights_skip_tracking":false,"_monsterinsights_sitenote_active":false,"_monsterinsights_sitenote_note":"","_monsterinsights_sitenote_category":0},"product_brand":[],"product_cat":[216,209,212,213,249,102],"product_tag":[],"class_list":{"0":"post-16670","1":"product","2":"type-product","3":"status-publish","4":"has-post-thumbnail","6":"product_cat-dao-es","7":"product_cat-pais-es-2","8":"product_cat-portugal-es-2","9":"product_cat-region-es","10":"product_cat-tinto-es-4","11":"product_cat-vinos","13":"first","14":"instock","15":"taxable","16":"shipping-taxable","17":"purchasable","18":"product-type-simple"},"aioseo_notices":[],"_links":{"self":[{"href":"https:\/\/pwinecastes.com\/es\/wp-json\/wp\/v2\/product\/16670","targetHints":{"allow":["GET"]}}],"collection":[{"href":"https:\/\/pwinecastes.com\/es\/wp-json\/wp\/v2\/product"}],"about":[{"href":"https:\/\/pwinecastes.com\/es\/wp-json\/wp\/v2\/types\/product"}],"version-history":[{"count":0,"href":"https:\/\/pwinecastes.com\/es\/wp-json\/wp\/v2\/product\/16670\/revisions"}],"wp:featuredmedia":[{"embeddable":true,"href":"https:\/\/pwinecastes.com\/es\/wp-json\/wp\/v2\/media\/16663"}],"wp:attachment":[{"href":"https:\/\/pwinecastes.com\/es\/wp-json\/wp\/v2\/media?parent=16670"}],"wp:term":[{"taxonomy":"product_brand","embeddable":true,"href":"https:\/\/pwinecastes.com\/es\/wp-json\/wp\/v2\/product_brand?post=16670"},{"taxonomy":"product_cat","embeddable":true,"href":"https:\/\/pwinecastes.com\/es\/wp-json\/wp\/v2\/product_cat?post=16670"},{"taxonomy":"product_tag","embeddable":true,"href":"https:\/\/pwinecastes.com\/es\/wp-json\/wp\/v2\/product_tag?post=16670"}],"curies":[{"name":"wp","href":"https:\/\/api.w.org\/{rel}","templated":true}]}}