{"id":16674,"date":"2025-01-29T16:15:00","date_gmt":"2025-01-29T16:15:00","guid":{"rendered":"https:\/\/pwinecastes.com\/product\/polvo-44-barriles-rojo\/"},"modified":"2025-11-08T18:57:01","modified_gmt":"2025-11-08T18:57:01","slug":"polvo-44-barriles-rojo","status":"publish","type":"product","link":"https:\/\/pwinecastes.com\/es\/product\/polvo-44-barriles-rojo\/","title":{"rendered":"Polvo 44 Barriles Rojo"},"content":{"rendered":"<p>Polvo 44 Barriles Rojo<\/p>\n<ul>\n<li><strong>Regi\u00f3n: <\/strong>Douro<\/li>\n<li><strong>Capacidad:<\/strong> 75 cL<\/li>\n<li><strong>Graduaci\u00f3n alcoh\u00f3lica: <\/strong>13,5% Vol.<\/li>\n<li><strong>Nota de cata:<\/strong> Muestra una rara elegancia de fruta y madera, taninos muy finos pero muy evidentes, con mucha clase en la estructura y un pulido perfecto Un tinto impresionante en armon\u00eda, sofisticado, distintivo, con una frescura brillante en el largo final<\/li>\n<li><strong>Informaci\u00f3n adicional:<\/strong> Contiene sulfitos.<\/li>\n<\/ul>\n","protected":false},"excerpt":{"rendered":"<p>Polvo 44 Barriles Rojo Regi\u00f3n: Douro Capacidad: 75 cL Graduaci\u00f3n alcoh\u00f3lica: 13,5% Vol. Nota de cata: Muestra una rara elegancia de fruta y madera, taninos muy finos pero muy evidentes, con mucha clase en la estructura y un pulido perfecto Un tinto impresionante en armon\u00eda, sofisticado, distintivo, con una frescura brillante en el largo final [&hellip;]<\/p>\n","protected":false},"featured_media":16691,"template":"","meta":{"_monsterinsights_skip_tracking":false,"_monsterinsights_sitenote_active":false,"_monsterinsights_sitenote_note":"","_monsterinsights_sitenote_category":0},"product_brand":[],"product_cat":[217,209,212,213,262,102],"product_tag":[],"class_list":{"0":"post-16674","1":"product","2":"type-product","3":"status-publish","4":"has-post-thumbnail","6":"product_cat-douro-es","7":"product_cat-pais-es-2","8":"product_cat-portugal-es-2","9":"product_cat-region-es","10":"product_cat-tinto-es-5","11":"product_cat-vinos","13":"first","14":"instock","15":"taxable","16":"shipping-taxable","17":"purchasable","18":"product-type-simple"},"aioseo_notices":[],"_links":{"self":[{"href":"https:\/\/pwinecastes.com\/es\/wp-json\/wp\/v2\/product\/16674","targetHints":{"allow":["GET"]}}],"collection":[{"href":"https:\/\/pwinecastes.com\/es\/wp-json\/wp\/v2\/product"}],"about":[{"href":"https:\/\/pwinecastes.com\/es\/wp-json\/wp\/v2\/types\/product"}],"version-history":[{"count":0,"href":"https:\/\/pwinecastes.com\/es\/wp-json\/wp\/v2\/product\/16674\/revisions"}],"wp:featuredmedia":[{"embeddable":true,"href":"https:\/\/pwinecastes.com\/es\/wp-json\/wp\/v2\/media\/16691"}],"wp:attachment":[{"href":"https:\/\/pwinecastes.com\/es\/wp-json\/wp\/v2\/media?parent=16674"}],"wp:term":[{"taxonomy":"product_brand","embeddable":true,"href":"https:\/\/pwinecastes.com\/es\/wp-json\/wp\/v2\/product_brand?post=16674"},{"taxonomy":"product_cat","embeddable":true,"href":"https:\/\/pwinecastes.com\/es\/wp-json\/wp\/v2\/product_cat?post=16674"},{"taxonomy":"product_tag","embeddable":true,"href":"https:\/\/pwinecastes.com\/es\/wp-json\/wp\/v2\/product_tag?post=16674"}],"curies":[{"name":"wp","href":"https:\/\/api.w.org\/{rel}","templated":true}]}}