{"id":16724,"date":"2025-02-05T17:44:58","date_gmt":"2025-02-05T17:44:58","guid":{"rendered":"https:\/\/pwinecastes.com\/product\/pera-manca-rojo-2018\/"},"modified":"2025-11-08T18:40:15","modified_gmt":"2025-11-08T18:40:15","slug":"pera-manca-rojo-2018","status":"publish","type":"product","link":"https:\/\/pwinecastes.com\/es\/product\/pera-manca-rojo-2018\/","title":{"rendered":"P\u00eara-Manca Rojo 2018 con Funda"},"content":{"rendered":"<p>P\u00eara-Manca Rojo 2018 con Funda<\/p>\n<ul>\n<li><strong>Regi\u00f3n: <\/strong>Alentejo.<\/li>\n<li><strong>Capacidad:<\/strong> 75 cL<\/li>\n<li><strong>Variedades de uva: <\/strong>Aragonez y Trincadeira.<\/li>\n<li><strong>Graduaci\u00f3n alcoh\u00f3lica: <\/strong>15,5% vol.<\/li>\n<li><strong>Nota de cata:<\/strong> Con cuerpo, complejo y elegante, con aromas de fruta pasificada y esencias de madera envejecida.<\/li>\n<li><strong>Informaci\u00f3n adicional:<\/strong> Contiene sulfitos.<\/li>\n<\/ul>\n","protected":false},"excerpt":{"rendered":"<p>P\u00eara-Manca Rojo 2018 con Funda Regi\u00f3n: Alentejo. Capacidad: 75 cL Variedades de uva: Aragonez y Trincadeira. Graduaci\u00f3n alcoh\u00f3lica: 15,5% vol. Nota de cata: Con cuerpo, complejo y elegante, con aromas de fruta pasificada y esencias de madera envejecida. Informaci\u00f3n adicional: Contiene sulfitos.<\/p>\n","protected":false},"featured_media":16718,"template":"","meta":{"_monsterinsights_skip_tracking":false,"_monsterinsights_sitenote_active":false,"_monsterinsights_sitenote_note":"","_monsterinsights_sitenote_category":0},"product_brand":[],"product_cat":[214,209,212,213,233,102],"product_tag":[425],"class_list":{"0":"post-16724","1":"product","2":"type-product","3":"status-publish","4":"has-post-thumbnail","6":"product_cat-alentejo-es","7":"product_cat-pais-es-2","8":"product_cat-portugal-es-2","9":"product_cat-region-es","10":"product_cat-tinto-es-2","11":"product_cat-vinos","12":"product_tag-destaque_pagina","14":"first","15":"outofstock","16":"taxable","17":"shipping-taxable","18":"purchasable","19":"product-type-simple"},"aioseo_notices":[],"_links":{"self":[{"href":"https:\/\/pwinecastes.com\/es\/wp-json\/wp\/v2\/product\/16724","targetHints":{"allow":["GET"]}}],"collection":[{"href":"https:\/\/pwinecastes.com\/es\/wp-json\/wp\/v2\/product"}],"about":[{"href":"https:\/\/pwinecastes.com\/es\/wp-json\/wp\/v2\/types\/product"}],"version-history":[{"count":0,"href":"https:\/\/pwinecastes.com\/es\/wp-json\/wp\/v2\/product\/16724\/revisions"}],"wp:featuredmedia":[{"embeddable":true,"href":"https:\/\/pwinecastes.com\/es\/wp-json\/wp\/v2\/media\/16718"}],"wp:attachment":[{"href":"https:\/\/pwinecastes.com\/es\/wp-json\/wp\/v2\/media?parent=16724"}],"wp:term":[{"taxonomy":"product_brand","embeddable":true,"href":"https:\/\/pwinecastes.com\/es\/wp-json\/wp\/v2\/product_brand?post=16724"},{"taxonomy":"product_cat","embeddable":true,"href":"https:\/\/pwinecastes.com\/es\/wp-json\/wp\/v2\/product_cat?post=16724"},{"taxonomy":"product_tag","embeddable":true,"href":"https:\/\/pwinecastes.com\/es\/wp-json\/wp\/v2\/product_tag?post=16724"}],"curies":[{"name":"wp","href":"https:\/\/api.w.org\/{rel}","templated":true}]}}