{"id":16732,"date":"2025-02-07T16:03:03","date_gmt":"2025-02-07T16:03:03","guid":{"rendered":"https:\/\/pwinecastes.com\/product\/conde-dervideira-vino-tinto-de-agua-2019\/"},"modified":"2025-02-07T16:03:03","modified_gmt":"2025-02-07T16:03:03","slug":"conde-dervideira-vino-tinto-de-agua-2019","status":"publish","type":"product","link":"https:\/\/pwinecastes.com\/es\/product\/conde-dervideira-vino-tinto-de-agua-2019\/","title":{"rendered":"Conde D&#8217;Ervideira Vino Tinto de Agua 2019"},"content":{"rendered":"<p>Conde D&#8217;Ervideira Vino Tinto de Agua 2019<\/p>\n<ul>\n<li><strong>Regi\u00f3n: <\/strong>Alentejo.<\/li>\n<li><strong>Capacidad:<\/strong> 75 cL<\/li>\n<li><strong>Variedades de <\/strong>uva<strong>: <\/strong>Touriga Nacional, Aragonez, Trincadeira, Tinta Caiada, Alicante Bouschet, Cabernet Sauvignon.<\/li>\n<li><strong>Graduaci\u00f3n alcoh\u00f3lica: <\/strong>14% Vol.<\/li>\n<li><strong>Nota de cata<\/strong>: Gran exuberancia arom\u00e1tica, taninos firmes pero d\u00f3ciles. Se elabor\u00f3 a partir de una mezcla de variedades de uva cuidadosamente elegidas para producir un vino \u00fanico, exclusivo y apasionante. Envejecimiento: Gan\u00f3 complejidad y persistencia al envejecer en barricas de roble franc\u00e9s. Tras envejecer en las barricas, se embotell\u00f3 y se sumergi\u00f3 en las tranquilas aguas del Alqueva, donde madur\u00f3 a 30 metros de profundidad durante 8 meses.   <\/li>\n<li><strong>Otros datos: <\/strong>Contiene sulfitos.<\/li>\n<\/ul>\n","protected":false},"excerpt":{"rendered":"<p>Conde D&#8217;Ervideira Vino Tinto de Agua 2019 Regi\u00f3n: Alentejo. Capacidad: 75 cL Variedades de uva: Touriga Nacional, Aragonez, Trincadeira, Tinta Caiada, Alicante Bouschet, Cabernet Sauvignon. Graduaci\u00f3n alcoh\u00f3lica: 14% Vol. Nota de cata: Gran exuberancia arom\u00e1tica, taninos firmes pero d\u00f3ciles. Se elabor\u00f3 a partir de una mezcla de variedades de uva cuidadosamente elegidas para producir un [&hellip;]<\/p>\n","protected":false},"featured_media":17043,"template":"","meta":{"_monsterinsights_skip_tracking":false,"_monsterinsights_sitenote_active":false,"_monsterinsights_sitenote_note":"","_monsterinsights_sitenote_category":0},"product_brand":[],"product_cat":[214,209,212,213,233,102],"product_tag":[],"class_list":{"0":"post-16732","1":"product","2":"type-product","3":"status-publish","4":"has-post-thumbnail","6":"product_cat-alentejo-es","7":"product_cat-pais-es-2","8":"product_cat-portugal-es-2","9":"product_cat-region-es","10":"product_cat-tinto-es-2","11":"product_cat-vinos","13":"first","14":"instock","15":"taxable","16":"shipping-taxable","17":"purchasable","18":"product-type-simple"},"aioseo_notices":[],"_links":{"self":[{"href":"https:\/\/pwinecastes.com\/es\/wp-json\/wp\/v2\/product\/16732","targetHints":{"allow":["GET"]}}],"collection":[{"href":"https:\/\/pwinecastes.com\/es\/wp-json\/wp\/v2\/product"}],"about":[{"href":"https:\/\/pwinecastes.com\/es\/wp-json\/wp\/v2\/types\/product"}],"version-history":[{"count":0,"href":"https:\/\/pwinecastes.com\/es\/wp-json\/wp\/v2\/product\/16732\/revisions"}],"wp:featuredmedia":[{"embeddable":true,"href":"https:\/\/pwinecastes.com\/es\/wp-json\/wp\/v2\/media\/17043"}],"wp:attachment":[{"href":"https:\/\/pwinecastes.com\/es\/wp-json\/wp\/v2\/media?parent=16732"}],"wp:term":[{"taxonomy":"product_brand","embeddable":true,"href":"https:\/\/pwinecastes.com\/es\/wp-json\/wp\/v2\/product_brand?post=16732"},{"taxonomy":"product_cat","embeddable":true,"href":"https:\/\/pwinecastes.com\/es\/wp-json\/wp\/v2\/product_cat?post=16732"},{"taxonomy":"product_tag","embeddable":true,"href":"https:\/\/pwinecastes.com\/es\/wp-json\/wp\/v2\/product_tag?post=16732"}],"curies":[{"name":"wp","href":"https:\/\/api.w.org\/{rel}","templated":true}]}}