{"id":16768,"date":"2025-02-19T15:39:28","date_gmt":"2025-02-19T15:39:28","guid":{"rendered":"https:\/\/pwinecastes.com\/product\/herdade-das-servas-vinos-viejos-2017\/"},"modified":"2025-02-19T15:39:28","modified_gmt":"2025-02-19T15:39:28","slug":"herdade-das-servas-vinos-viejos-2017","status":"publish","type":"product","link":"https:\/\/pwinecastes.com\/es\/product\/herdade-das-servas-vinos-viejos-2017\/","title":{"rendered":"Herdade das Servas Vinos Viejos 2017"},"content":{"rendered":"<p>Herdade das Servas Vinos Viejos 2017<\/p>\n<ul>\n<li><strong>Regi\u00f3n: <\/strong>Alentejo<\/li>\n<li><strong>Capacidad:<\/strong> 75 cL<\/li>\n<li><strong>Variedades de uva: <\/strong>Alicante Bouschet (45%), Touriga Nacional (30%), Trincadeira (20%) y Petit Verdot (5%)<\/li>\n<li><strong>Graduaci\u00f3n alcoh\u00f3lica: <\/strong>15% vol.<\/li>\n<li><strong>Nota de cata<\/strong>: Vino limpio, de color rojo viol\u00e1ceo intenso, aromas de ciruela, cereza, higo, chocolate, especias y notas florales de violeta. Complejo, estructurado, fresco y elegante, con barricas de roble tostadas, notas ahumadas, taninos ricos y un final largo, que revela todo su potencial de envejecimiento. <\/li>\n<li><strong>Informaci\u00f3n adicional:<\/strong> Contiene sulfitos.<\/li>\n<\/ul>\n","protected":false},"excerpt":{"rendered":"<p>Herdade das Servas Vinos Viejos 2017 Regi\u00f3n: Alentejo Capacidad: 75 cL Variedades de uva: Alicante Bouschet (45%), Touriga Nacional (30%), Trincadeira (20%) y Petit Verdot (5%) Graduaci\u00f3n alcoh\u00f3lica: 15% vol. Nota de cata: Vino limpio, de color rojo viol\u00e1ceo intenso, aromas de ciruela, cereza, higo, chocolate, especias y notas florales de violeta. Complejo, estructurado, fresco [&hellip;]<\/p>\n","protected":false},"featured_media":16771,"template":"","meta":{"_monsterinsights_skip_tracking":false,"_monsterinsights_sitenote_active":false,"_monsterinsights_sitenote_note":"","_monsterinsights_sitenote_category":0},"product_brand":[],"product_cat":[214,209,212,213,233,102],"product_tag":[],"class_list":{"0":"post-16768","1":"product","2":"type-product","3":"status-publish","4":"has-post-thumbnail","6":"product_cat-alentejo-es","7":"product_cat-pais-es-2","8":"product_cat-portugal-es-2","9":"product_cat-region-es","10":"product_cat-tinto-es-2","11":"product_cat-vinos","13":"first","14":"instock","15":"taxable","16":"shipping-taxable","17":"purchasable","18":"product-type-simple"},"aioseo_notices":[],"_links":{"self":[{"href":"https:\/\/pwinecastes.com\/es\/wp-json\/wp\/v2\/product\/16768","targetHints":{"allow":["GET"]}}],"collection":[{"href":"https:\/\/pwinecastes.com\/es\/wp-json\/wp\/v2\/product"}],"about":[{"href":"https:\/\/pwinecastes.com\/es\/wp-json\/wp\/v2\/types\/product"}],"version-history":[{"count":0,"href":"https:\/\/pwinecastes.com\/es\/wp-json\/wp\/v2\/product\/16768\/revisions"}],"wp:featuredmedia":[{"embeddable":true,"href":"https:\/\/pwinecastes.com\/es\/wp-json\/wp\/v2\/media\/16771"}],"wp:attachment":[{"href":"https:\/\/pwinecastes.com\/es\/wp-json\/wp\/v2\/media?parent=16768"}],"wp:term":[{"taxonomy":"product_brand","embeddable":true,"href":"https:\/\/pwinecastes.com\/es\/wp-json\/wp\/v2\/product_brand?post=16768"},{"taxonomy":"product_cat","embeddable":true,"href":"https:\/\/pwinecastes.com\/es\/wp-json\/wp\/v2\/product_cat?post=16768"},{"taxonomy":"product_tag","embeddable":true,"href":"https:\/\/pwinecastes.com\/es\/wp-json\/wp\/v2\/product_tag?post=16768"}],"curies":[{"name":"wp","href":"https:\/\/api.w.org\/{rel}","templated":true}]}}