{"id":16782,"date":"2025-02-19T16:13:03","date_gmt":"2025-02-19T16:13:03","guid":{"rendered":"https:\/\/pwinecastes.com\/product\/herdade-das-servas-touriga-nacional-2015\/"},"modified":"2025-02-19T16:13:03","modified_gmt":"2025-02-19T16:13:03","slug":"herdade-das-servas-touriga-nacional-2015","status":"publish","type":"product","link":"https:\/\/pwinecastes.com\/es\/product\/herdade-das-servas-touriga-nacional-2015\/","title":{"rendered":"Herdade das Servas Touriga Nacional 2015"},"content":{"rendered":"<p>Herdade das Servas Touriga Nacional 2015<\/p>\n<ul>\n<li><strong>Regi\u00f3n: <\/strong>Alentejo<\/li>\n<li><strong>Capacidad:<\/strong> 75 cL<\/li>\n<li><strong>Cepas<\/strong>Touriga Nacional<\/li>\n<li><strong>Graduaci\u00f3n alcoh\u00f3lica: <\/strong>15% vol.<\/li>\n<li><strong>Nota de cata<\/strong>: Es un vino claro, de color rojo viol\u00e1ceo intenso, con aromas de grosella, mora, higo, chocolate, pimienta y notas florales de violeta. Complejo, voluminoso y fresco, con barricas de roble tostadas, ricos taninos y un final persistente, que revela todo su potencial de envejecimiento. <\/li>\n<li><strong>Informaci\u00f3n adicional:<\/strong> Contiene sulfitos.<\/li>\n<\/ul>\n","protected":false},"excerpt":{"rendered":"<p>Herdade das Servas Touriga Nacional 2015 Regi\u00f3n: Alentejo Capacidad: 75 cL CepasTouriga Nacional Graduaci\u00f3n alcoh\u00f3lica: 15% vol. Nota de cata: Es un vino claro, de color rojo viol\u00e1ceo intenso, con aromas de grosella, mora, higo, chocolate, pimienta y notas florales de violeta. Complejo, voluminoso y fresco, con barricas de roble tostadas, ricos taninos y un [&hellip;]<\/p>\n","protected":false},"featured_media":16785,"template":"","meta":{"_monsterinsights_skip_tracking":false,"_monsterinsights_sitenote_active":false,"_monsterinsights_sitenote_note":"","_monsterinsights_sitenote_category":0},"product_brand":[],"product_cat":[214,209,212,213,233,102],"product_tag":[],"class_list":{"0":"post-16782","1":"product","2":"type-product","3":"status-publish","4":"has-post-thumbnail","6":"product_cat-alentejo-es","7":"product_cat-pais-es-2","8":"product_cat-portugal-es-2","9":"product_cat-region-es","10":"product_cat-tinto-es-2","11":"product_cat-vinos","13":"first","14":"instock","15":"taxable","16":"shipping-taxable","17":"purchasable","18":"product-type-simple"},"aioseo_notices":[],"_links":{"self":[{"href":"https:\/\/pwinecastes.com\/es\/wp-json\/wp\/v2\/product\/16782","targetHints":{"allow":["GET"]}}],"collection":[{"href":"https:\/\/pwinecastes.com\/es\/wp-json\/wp\/v2\/product"}],"about":[{"href":"https:\/\/pwinecastes.com\/es\/wp-json\/wp\/v2\/types\/product"}],"version-history":[{"count":0,"href":"https:\/\/pwinecastes.com\/es\/wp-json\/wp\/v2\/product\/16782\/revisions"}],"wp:featuredmedia":[{"embeddable":true,"href":"https:\/\/pwinecastes.com\/es\/wp-json\/wp\/v2\/media\/16785"}],"wp:attachment":[{"href":"https:\/\/pwinecastes.com\/es\/wp-json\/wp\/v2\/media?parent=16782"}],"wp:term":[{"taxonomy":"product_brand","embeddable":true,"href":"https:\/\/pwinecastes.com\/es\/wp-json\/wp\/v2\/product_brand?post=16782"},{"taxonomy":"product_cat","embeddable":true,"href":"https:\/\/pwinecastes.com\/es\/wp-json\/wp\/v2\/product_cat?post=16782"},{"taxonomy":"product_tag","embeddable":true,"href":"https:\/\/pwinecastes.com\/es\/wp-json\/wp\/v2\/product_tag?post=16782"}],"curies":[{"name":"wp","href":"https:\/\/api.w.org\/{rel}","templated":true}]}}