{"id":16877,"date":"2025-02-21T14:58:31","date_gmt":"2025-02-21T14:58:31","guid":{"rendered":"https:\/\/pwinecastes.com\/product\/herdade-dos-grous-tinto-reserva-2017\/"},"modified":"2025-02-21T14:58:31","modified_gmt":"2025-02-21T14:58:31","slug":"herdade-dos-grous-tinto-reserva-2017","status":"publish","type":"product","link":"https:\/\/pwinecastes.com\/es\/product\/herdade-dos-grous-tinto-reserva-2017\/","title":{"rendered":"Herdade dos Grous Tinto Reserva 2017"},"content":{"rendered":"<p>Herdade dos Grous Tinto Reserva 2017<\/p>\n<ul>\n<li><strong>Regi\u00f3n: <\/strong>Alentejo<\/li>\n<li><strong>Capacidad:<\/strong> 75 cL<\/li>\n<li><strong>Variedades de uva: <\/strong>Alicante Bouschet, Tinta Mi\u00fada, Touriga Nacional<\/li>\n<li><strong>Graduaci\u00f3n alcoh\u00f3lica: <\/strong>14% vol.<\/li>\n<li><strong>Nota de cata<\/strong>: Aroma complejo de fruta madura bien integrada con la madera. Rico sabor a fruta, muy concentrado, final largo. Color granate intenso.  <\/li>\n<li><strong>Informaci\u00f3n adicional:<\/strong> Contiene sulfitos.<\/li>\n<\/ul>\n","protected":false},"excerpt":{"rendered":"<p>Herdade dos Grous Tinto Reserva 2017 Regi\u00f3n: Alentejo Capacidad: 75 cL Variedades de uva: Alicante Bouschet, Tinta Mi\u00fada, Touriga Nacional Graduaci\u00f3n alcoh\u00f3lica: 14% vol. Nota de cata: Aroma complejo de fruta madura bien integrada con la madera. Rico sabor a fruta, muy concentrado, final largo. Color granate intenso. Informaci\u00f3n adicional: Contiene sulfitos.<\/p>\n","protected":false},"featured_media":16880,"template":"","meta":{"_monsterinsights_skip_tracking":false,"_monsterinsights_sitenote_active":false,"_monsterinsights_sitenote_note":"","_monsterinsights_sitenote_category":0},"product_brand":[],"product_cat":[214,209,212,213,233,102],"product_tag":[],"class_list":{"0":"post-16877","1":"product","2":"type-product","3":"status-publish","4":"has-post-thumbnail","6":"product_cat-alentejo-es","7":"product_cat-pais-es-2","8":"product_cat-portugal-es-2","9":"product_cat-region-es","10":"product_cat-tinto-es-2","11":"product_cat-vinos","13":"first","14":"outofstock","15":"taxable","16":"shipping-taxable","17":"purchasable","18":"product-type-simple"},"aioseo_notices":[],"_links":{"self":[{"href":"https:\/\/pwinecastes.com\/es\/wp-json\/wp\/v2\/product\/16877","targetHints":{"allow":["GET"]}}],"collection":[{"href":"https:\/\/pwinecastes.com\/es\/wp-json\/wp\/v2\/product"}],"about":[{"href":"https:\/\/pwinecastes.com\/es\/wp-json\/wp\/v2\/types\/product"}],"version-history":[{"count":0,"href":"https:\/\/pwinecastes.com\/es\/wp-json\/wp\/v2\/product\/16877\/revisions"}],"wp:featuredmedia":[{"embeddable":true,"href":"https:\/\/pwinecastes.com\/es\/wp-json\/wp\/v2\/media\/16880"}],"wp:attachment":[{"href":"https:\/\/pwinecastes.com\/es\/wp-json\/wp\/v2\/media?parent=16877"}],"wp:term":[{"taxonomy":"product_brand","embeddable":true,"href":"https:\/\/pwinecastes.com\/es\/wp-json\/wp\/v2\/product_brand?post=16877"},{"taxonomy":"product_cat","embeddable":true,"href":"https:\/\/pwinecastes.com\/es\/wp-json\/wp\/v2\/product_cat?post=16877"},{"taxonomy":"product_tag","embeddable":true,"href":"https:\/\/pwinecastes.com\/es\/wp-json\/wp\/v2\/product_tag?post=16877"}],"curies":[{"name":"wp","href":"https:\/\/api.w.org\/{rel}","templated":true}]}}