{"id":16935,"date":"2025-02-22T12:24:23","date_gmt":"2025-02-22T12:24:23","guid":{"rendered":"https:\/\/pwinecastes.com\/?post_type=product&#038;p=16935"},"modified":"2025-02-22T12:24:23","modified_gmt":"2025-02-22T12:24:23","slug":"bella-elegance-blanco-cruzado-2022","status":"publish","type":"product","link":"https:\/\/pwinecastes.com\/es\/product\/bella-elegance-blanco-cruzado-2022\/","title":{"rendered":"Bella El\u00e9gance Blanco Cruzado 2022"},"content":{"rendered":"<p>Bella El\u00e9gance Blanco Cruzado 2022<\/p>\n<ul>\n<li><strong>Regi\u00f3n: <\/strong>D\u00e3o<\/li>\n<li><strong>Capacidad:<\/strong> 75 cL<\/li>\n<li><strong>Variedades de uva:<\/strong> Encruzado<\/li>\n<li><strong>Graduaci\u00f3n alcoh\u00f3lica: <\/strong>12,5<\/li>\n<li><strong>Nota de cata:<\/strong> Con un delicado aroma floral de flor de sa\u00faco, acompa\u00f1ado de notas afrutadas de pera, manzana, lim\u00f3n, hinojo, fruta de la pasi\u00f3n y un toque de miel. En boca es vibrante, fresco, complejo y envolvente. <\/li>\n<li><strong>Maridaje: <\/strong>Excelente con platos de pescado.<\/li>\n<li><strong>Informaci\u00f3n adicional:<\/strong> Contiene sulfitos.<\/li>\n<\/ul>\n","protected":false},"excerpt":{"rendered":"<p>Bella El\u00e9gance Blanco Cruzado 2022 Regi\u00f3n: D\u00e3o Capacidad: 75 cL Variedades de uva: Encruzado Graduaci\u00f3n alcoh\u00f3lica: 12,5 Nota de cata: Con un delicado aroma floral de flor de sa\u00faco, acompa\u00f1ado de notas afrutadas de pera, manzana, lim\u00f3n, hinojo, fruta de la pasi\u00f3n y un toque de miel. En boca es vibrante, fresco, complejo y envolvente. [&hellip;]<\/p>\n","protected":false},"featured_media":16946,"template":"","meta":{"_monsterinsights_skip_tracking":false,"_monsterinsights_sitenote_active":false,"_monsterinsights_sitenote_note":"","_monsterinsights_sitenote_category":0},"product_brand":[],"product_cat":[250,216,209,212,213,102],"product_tag":[],"class_list":{"0":"post-16935","1":"product","2":"type-product","3":"status-publish","4":"has-post-thumbnail","6":"product_cat-blanco-es-3","7":"product_cat-dao-es","8":"product_cat-pais-es-2","9":"product_cat-portugal-es-2","10":"product_cat-region-es","11":"product_cat-vinos","13":"first","14":"instock","15":"taxable","16":"shipping-taxable","17":"purchasable","18":"product-type-simple"},"aioseo_notices":[],"_links":{"self":[{"href":"https:\/\/pwinecastes.com\/es\/wp-json\/wp\/v2\/product\/16935","targetHints":{"allow":["GET"]}}],"collection":[{"href":"https:\/\/pwinecastes.com\/es\/wp-json\/wp\/v2\/product"}],"about":[{"href":"https:\/\/pwinecastes.com\/es\/wp-json\/wp\/v2\/types\/product"}],"version-history":[{"count":0,"href":"https:\/\/pwinecastes.com\/es\/wp-json\/wp\/v2\/product\/16935\/revisions"}],"wp:featuredmedia":[{"embeddable":true,"href":"https:\/\/pwinecastes.com\/es\/wp-json\/wp\/v2\/media\/16946"}],"wp:attachment":[{"href":"https:\/\/pwinecastes.com\/es\/wp-json\/wp\/v2\/media?parent=16935"}],"wp:term":[{"taxonomy":"product_brand","embeddable":true,"href":"https:\/\/pwinecastes.com\/es\/wp-json\/wp\/v2\/product_brand?post=16935"},{"taxonomy":"product_cat","embeddable":true,"href":"https:\/\/pwinecastes.com\/es\/wp-json\/wp\/v2\/product_cat?post=16935"},{"taxonomy":"product_tag","embeddable":true,"href":"https:\/\/pwinecastes.com\/es\/wp-json\/wp\/v2\/product_tag?post=16935"}],"curies":[{"name":"wp","href":"https:\/\/api.w.org\/{rel}","templated":true}]}}