{"id":16961,"date":"2025-02-28T15:41:47","date_gmt":"2025-02-28T15:41:47","guid":{"rendered":"https:\/\/pwinecastes.com\/product\/espumoso-alianca-grande-reserva-pinot-noir-brut-nature\/"},"modified":"2025-02-28T15:41:47","modified_gmt":"2025-02-28T15:41:47","slug":"espumoso-alianca-grande-reserva-pinot-noir-brut-nature","status":"publish","type":"product","link":"https:\/\/pwinecastes.com\/es\/product\/espumoso-alianca-grande-reserva-pinot-noir-brut-nature\/","title":{"rendered":"Espumoso Alian\u00e7a Grande Reserva Pinot Noir Brut Nature"},"content":{"rendered":"<p>Espumoso Alian\u00e7a Grande Reserva Pinot Noir Brut Nature<\/p>\n<ul>\n<li><strong>Regi\u00f3n:<\/strong> Bairrada<\/li>\n<li><strong>Capacidad:<\/strong> 75 cL<\/li>\n<li><strong>Variedades de uva: <\/strong>Pinot Noir.<\/li>\n<li><strong>Graduaci\u00f3n alcoh\u00f3lica: <\/strong>12,5% vol.<\/li>\n<li><strong>Nota de cata:<\/strong> Reflejos alambicados con matices ros\u00e1ceos muy tenues, de color p\u00e1lido. Notas arom\u00e1ticas afrutadas combinadas con suaves matices mantecosos y tostados. En boca es fresco, voluminoso, con una impresionante espuma que le confiere gran persistencia.  <\/li>\n<li><strong>Maridaje: <\/strong>Pescado o carne blanca al horno.<\/li>\n<li><strong>Informaci\u00f3n adicional:<\/strong> Contiene sulfitos.<\/li>\n<\/ul>\n","protected":false},"excerpt":{"rendered":"<p>Espumoso Alian\u00e7a Grande Reserva Pinot Noir Brut Nature Regi\u00f3n: Bairrada Capacidad: 75 cL Variedades de uva: Pinot Noir. Graduaci\u00f3n alcoh\u00f3lica: 12,5% vol. Nota de cata: Reflejos alambicados con matices ros\u00e1ceos muy tenues, de color p\u00e1lido. Notas arom\u00e1ticas afrutadas combinadas con suaves matices mantecosos y tostados. En boca es fresco, voluminoso, con una impresionante espuma que [&hellip;]<\/p>\n","protected":false},"featured_media":16964,"template":"","meta":{"_monsterinsights_skip_tracking":false,"_monsterinsights_sitenote_active":false,"_monsterinsights_sitenote_note":"","_monsterinsights_sitenote_category":0},"product_brand":[],"product_cat":[182,186],"product_tag":[],"class_list":{"0":"post-16961","1":"product","2":"type-product","3":"status-publish","4":"has-post-thumbnail","6":"product_cat-champagne-espumoso","7":"product_cat-portugal-es","9":"first","10":"instock","11":"taxable","12":"shipping-taxable","13":"purchasable","14":"product-type-simple"},"aioseo_notices":[],"_links":{"self":[{"href":"https:\/\/pwinecastes.com\/es\/wp-json\/wp\/v2\/product\/16961","targetHints":{"allow":["GET"]}}],"collection":[{"href":"https:\/\/pwinecastes.com\/es\/wp-json\/wp\/v2\/product"}],"about":[{"href":"https:\/\/pwinecastes.com\/es\/wp-json\/wp\/v2\/types\/product"}],"version-history":[{"count":0,"href":"https:\/\/pwinecastes.com\/es\/wp-json\/wp\/v2\/product\/16961\/revisions"}],"wp:featuredmedia":[{"embeddable":true,"href":"https:\/\/pwinecastes.com\/es\/wp-json\/wp\/v2\/media\/16964"}],"wp:attachment":[{"href":"https:\/\/pwinecastes.com\/es\/wp-json\/wp\/v2\/media?parent=16961"}],"wp:term":[{"taxonomy":"product_brand","embeddable":true,"href":"https:\/\/pwinecastes.com\/es\/wp-json\/wp\/v2\/product_brand?post=16961"},{"taxonomy":"product_cat","embeddable":true,"href":"https:\/\/pwinecastes.com\/es\/wp-json\/wp\/v2\/product_cat?post=16961"},{"taxonomy":"product_tag","embeddable":true,"href":"https:\/\/pwinecastes.com\/es\/wp-json\/wp\/v2\/product_tag?post=16961"}],"curies":[{"name":"wp","href":"https:\/\/api.w.org\/{rel}","templated":true}]}}