{"id":16972,"date":"2025-02-28T16:13:53","date_gmt":"2025-02-28T16:13:53","guid":{"rendered":"https:\/\/pwinecastes.com\/product\/murganheira-millesime-brut-vino-espumoso\/"},"modified":"2025-02-28T16:13:53","modified_gmt":"2025-02-28T16:13:53","slug":"murganheira-millesime-brut-vino-espumoso","status":"publish","type":"product","link":"https:\/\/pwinecastes.com\/es\/product\/murganheira-millesime-brut-vino-espumoso\/","title":{"rendered":"Murganheira Mill\u00e9sime Brut Vino Espumoso"},"content":{"rendered":"<p>Murganheira Mill\u00e9sime Brut Vino Espumoso<\/p>\n<ul>\n<li><strong>Regi\u00f3n: <\/strong>T\u00e1vora-Varosa<\/li>\n<li><strong>Capacidad:<\/strong> 75 cL<\/li>\n<li><strong>Variedades de uva: <\/strong>Chardonnay y Pinot Noir<\/li>\n<li><strong>Graduaci\u00f3n alcoh\u00f3lica: <\/strong>12,5% vol.<\/li>\n<li><strong>Nota de cata<\/strong>: Color champ\u00e1n pajizo con aroma a champ\u00e1n y lim\u00f3n. En boca tiene un frescor alimonado muy pronunciado. <\/li>\n<li><strong>Otros datos:<\/strong> Contiene sulfitos. <strong> <\/strong>10 a\u00f1os en botella con tonelaje anual.<\/li>\n<\/ul>\n","protected":false},"excerpt":{"rendered":"<p>Murganheira Mill\u00e9sime Brut Vino Espumoso Regi\u00f3n: T\u00e1vora-Varosa Capacidad: 75 cL Variedades de uva: Chardonnay y Pinot Noir Graduaci\u00f3n alcoh\u00f3lica: 12,5% vol. Nota de cata: Color champ\u00e1n pajizo con aroma a champ\u00e1n y lim\u00f3n. En boca tiene un frescor alimonado muy pronunciado. Otros datos: Contiene sulfitos. 10 a\u00f1os en botella con tonelaje anual.<\/p>\n","protected":false},"featured_media":16975,"template":"","meta":{"_monsterinsights_skip_tracking":false,"_monsterinsights_sitenote_active":false,"_monsterinsights_sitenote_note":"","_monsterinsights_sitenote_category":0},"product_brand":[],"product_cat":[182,186],"product_tag":[],"class_list":{"0":"post-16972","1":"product","2":"type-product","3":"status-publish","4":"has-post-thumbnail","6":"product_cat-champagne-espumoso","7":"product_cat-portugal-es","9":"first","10":"instock","11":"taxable","12":"shipping-taxable","13":"purchasable","14":"product-type-simple"},"aioseo_notices":[],"_links":{"self":[{"href":"https:\/\/pwinecastes.com\/es\/wp-json\/wp\/v2\/product\/16972","targetHints":{"allow":["GET"]}}],"collection":[{"href":"https:\/\/pwinecastes.com\/es\/wp-json\/wp\/v2\/product"}],"about":[{"href":"https:\/\/pwinecastes.com\/es\/wp-json\/wp\/v2\/types\/product"}],"version-history":[{"count":0,"href":"https:\/\/pwinecastes.com\/es\/wp-json\/wp\/v2\/product\/16972\/revisions"}],"wp:featuredmedia":[{"embeddable":true,"href":"https:\/\/pwinecastes.com\/es\/wp-json\/wp\/v2\/media\/16975"}],"wp:attachment":[{"href":"https:\/\/pwinecastes.com\/es\/wp-json\/wp\/v2\/media?parent=16972"}],"wp:term":[{"taxonomy":"product_brand","embeddable":true,"href":"https:\/\/pwinecastes.com\/es\/wp-json\/wp\/v2\/product_brand?post=16972"},{"taxonomy":"product_cat","embeddable":true,"href":"https:\/\/pwinecastes.com\/es\/wp-json\/wp\/v2\/product_cat?post=16972"},{"taxonomy":"product_tag","embeddable":true,"href":"https:\/\/pwinecastes.com\/es\/wp-json\/wp\/v2\/product_tag?post=16972"}],"curies":[{"name":"wp","href":"https:\/\/api.w.org\/{rel}","templated":true}]}}