{"id":17026,"date":"2025-03-06T15:24:27","date_gmt":"2025-03-06T15:24:27","guid":{"rendered":"https:\/\/pwinecastes.com\/product\/pera-velha-grande-reserva-tinto-2017\/"},"modified":"2025-03-06T15:24:27","modified_gmt":"2025-03-06T15:24:27","slug":"pera-velha-grande-reserva-tinto-2017","status":"publish","type":"product","link":"https:\/\/pwinecastes.com\/es\/product\/pera-velha-grande-reserva-tinto-2017\/","title":{"rendered":"P\u00eara Velha Grande Reserva Tinto 2017"},"content":{"rendered":"<p>P\u00eara Velha Grande Reserva Tinto 2017<\/p>\n<ul>\n<li><strong>Regi\u00f3n: <\/strong>Alentejo<\/li>\n<li><strong>Capacidad:<\/strong> 75 cL<\/li>\n<li><strong>Variedades de uva: <\/strong>Touriga Nacional, Syrah y Alicante Bouschet<\/li>\n<li><strong>Graduaci\u00f3n alcoh\u00f3lica: <\/strong>14,5% vol.<\/li>\n<li><strong>Nota de cata<\/strong>: Un vino con una personalidad extraordinaria, elaborado sin prisas, a la altura de los vinos excepcionales. Es un excelente acompa\u00f1amiento de carnes rojas o caza de pelo. Es un vino tinto muy elegante, persistente y con cuerpo. El paladar confirma la fruta madura combinada con la elegancia del roble franc\u00e9s.  <\/li>\n<li><strong>Informaci\u00f3n adicional:<\/strong> Contiene sulfitos<\/li>\n<\/ul>\n","protected":false},"excerpt":{"rendered":"<p>P\u00eara Velha Grande Reserva Tinto 2017 Regi\u00f3n: Alentejo Capacidad: 75 cL Variedades de uva: Touriga Nacional, Syrah y Alicante Bouschet Graduaci\u00f3n alcoh\u00f3lica: 14,5% vol. Nota de cata: Un vino con una personalidad extraordinaria, elaborado sin prisas, a la altura de los vinos excepcionales. Es un excelente acompa\u00f1amiento de carnes rojas o caza de pelo. Es [&hellip;]<\/p>\n","protected":false},"featured_media":17040,"template":"","meta":{"_monsterinsights_skip_tracking":false,"_monsterinsights_sitenote_active":false,"_monsterinsights_sitenote_note":"","_monsterinsights_sitenote_category":0},"product_brand":[],"product_cat":[214,209,212,213,233,102],"product_tag":[],"class_list":{"0":"post-17026","1":"product","2":"type-product","3":"status-publish","4":"has-post-thumbnail","6":"product_cat-alentejo-es","7":"product_cat-pais-es-2","8":"product_cat-portugal-es-2","9":"product_cat-region-es","10":"product_cat-tinto-es-2","11":"product_cat-vinos","13":"first","14":"instock","15":"taxable","16":"shipping-taxable","17":"purchasable","18":"product-type-simple"},"aioseo_notices":[],"_links":{"self":[{"href":"https:\/\/pwinecastes.com\/es\/wp-json\/wp\/v2\/product\/17026","targetHints":{"allow":["GET"]}}],"collection":[{"href":"https:\/\/pwinecastes.com\/es\/wp-json\/wp\/v2\/product"}],"about":[{"href":"https:\/\/pwinecastes.com\/es\/wp-json\/wp\/v2\/types\/product"}],"version-history":[{"count":0,"href":"https:\/\/pwinecastes.com\/es\/wp-json\/wp\/v2\/product\/17026\/revisions"}],"wp:featuredmedia":[{"embeddable":true,"href":"https:\/\/pwinecastes.com\/es\/wp-json\/wp\/v2\/media\/17040"}],"wp:attachment":[{"href":"https:\/\/pwinecastes.com\/es\/wp-json\/wp\/v2\/media?parent=17026"}],"wp:term":[{"taxonomy":"product_brand","embeddable":true,"href":"https:\/\/pwinecastes.com\/es\/wp-json\/wp\/v2\/product_brand?post=17026"},{"taxonomy":"product_cat","embeddable":true,"href":"https:\/\/pwinecastes.com\/es\/wp-json\/wp\/v2\/product_cat?post=17026"},{"taxonomy":"product_tag","embeddable":true,"href":"https:\/\/pwinecastes.com\/es\/wp-json\/wp\/v2\/product_tag?post=17026"}],"curies":[{"name":"wp","href":"https:\/\/api.w.org\/{rel}","templated":true}]}}