{"id":17054,"date":"2025-03-08T10:25:50","date_gmt":"2025-03-08T10:25:50","guid":{"rendered":"https:\/\/pwinecastes.com\/?post_type=product&#038;p=17054"},"modified":"2025-03-08T10:25:51","modified_gmt":"2025-03-08T10:25:51","slug":"flor-do-tua-superior-17-magnum-rojo","status":"publish","type":"product","link":"https:\/\/pwinecastes.com\/es\/product\/flor-do-tua-superior-17-magnum-rojo\/","title":{"rendered":"Flor do Tua Superior 17 Magnum Rojo"},"content":{"rendered":"<p>Flor do Tua Superior 17 Magnum Rojo<\/p>\n<ul>\n<li><strong>Regi\u00f3n: <\/strong>Douro<\/li>\n<li><strong>Capacidad:<\/strong> 1,5 litros<\/li>\n<li><strong>Cepas: <\/strong>Touriga Nacional, Tinta Roriz e Touriga Franca.<\/li>\n<li><strong>Graduaci\u00f3n alcoh\u00f3lica: <\/strong>17<\/li>\n<li><strong>Descripci\u00f3n:<\/strong> Procedentes de suelos de esquisto y sometidas a un clima c\u00e1lido y seco, para la elaboraci\u00f3n del Flor do Tua Superior 17 Graus las uvas se transportaron en cajas de 20 kg, se despalillaron y se estrujaron, con maceraci\u00f3n prefermentativa durante 24 horas, inoculaci\u00f3n seguida de fermentaci\u00f3n en cubas de acero inoxidable por debajo de 24\u00baC. El vino envejeci\u00f3 en barricas de roble franc\u00e9s durante 8 meses. <\/li>\n<li><strong>Nota de cata<\/strong>: Intenso para sus 17 grados honor\u00edficos, es un vino de Tr\u00e1s-os-Montes con un perfil fuerte y equilibrado y notas de frutos rojos. En boca, destacan los taninos nobles, que le confieren una personalidad muy presente, rica y con un final envolvente y largo. <\/li>\n<li><strong>Informaci\u00f3n adicional:<\/strong> Contiene sulfitos.<\/li>\n<\/ul>\n","protected":false},"excerpt":{"rendered":"<p>Flor do Tua Superior 17 Magnum Rojo Regi\u00f3n: Douro Capacidad: 1,5 litros Cepas: Touriga Nacional, Tinta Roriz e Touriga Franca. Graduaci\u00f3n alcoh\u00f3lica: 17 Descripci\u00f3n: Procedentes de suelos de esquisto y sometidas a un clima c\u00e1lido y seco, para la elaboraci\u00f3n del Flor do Tua Superior 17 Graus las uvas se transportaron en cajas de 20 [&hellip;]<\/p>\n","protected":false},"featured_media":17060,"template":"","meta":{"_monsterinsights_skip_tracking":false,"_monsterinsights_sitenote_active":false,"_monsterinsights_sitenote_note":"","_monsterinsights_sitenote_category":0},"product_brand":[],"product_cat":[217,209,212,213,262,376,102],"product_tag":[],"class_list":{"0":"post-17054","1":"product","2":"type-product","3":"status-publish","4":"has-post-thumbnail","6":"product_cat-douro-es","7":"product_cat-pais-es-2","8":"product_cat-portugal-es-2","9":"product_cat-region-es","10":"product_cat-tinto-es-5","11":"product_cat-tras-os-montes-es","12":"product_cat-vinos","14":"first","15":"outofstock","16":"taxable","17":"shipping-taxable","18":"purchasable","19":"product-type-simple"},"aioseo_notices":[],"_links":{"self":[{"href":"https:\/\/pwinecastes.com\/es\/wp-json\/wp\/v2\/product\/17054","targetHints":{"allow":["GET"]}}],"collection":[{"href":"https:\/\/pwinecastes.com\/es\/wp-json\/wp\/v2\/product"}],"about":[{"href":"https:\/\/pwinecastes.com\/es\/wp-json\/wp\/v2\/types\/product"}],"version-history":[{"count":0,"href":"https:\/\/pwinecastes.com\/es\/wp-json\/wp\/v2\/product\/17054\/revisions"}],"wp:featuredmedia":[{"embeddable":true,"href":"https:\/\/pwinecastes.com\/es\/wp-json\/wp\/v2\/media\/17060"}],"wp:attachment":[{"href":"https:\/\/pwinecastes.com\/es\/wp-json\/wp\/v2\/media?parent=17054"}],"wp:term":[{"taxonomy":"product_brand","embeddable":true,"href":"https:\/\/pwinecastes.com\/es\/wp-json\/wp\/v2\/product_brand?post=17054"},{"taxonomy":"product_cat","embeddable":true,"href":"https:\/\/pwinecastes.com\/es\/wp-json\/wp\/v2\/product_cat?post=17054"},{"taxonomy":"product_tag","embeddable":true,"href":"https:\/\/pwinecastes.com\/es\/wp-json\/wp\/v2\/product_tag?post=17054"}],"curies":[{"name":"wp","href":"https:\/\/api.w.org\/{rel}","templated":true}]}}