{"id":17134,"date":"2025-03-08T17:35:37","date_gmt":"2025-03-08T17:35:37","guid":{"rendered":"https:\/\/pwinecastes.com\/?post_type=product&#038;p=17134"},"modified":"2025-03-08T17:35:37","modified_gmt":"2025-03-08T17:35:37","slug":"macallan-12-anos-triple-cask","status":"publish","type":"product","link":"https:\/\/pwinecastes.com\/es\/product\/macallan-12-anos-triple-cask\/","title":{"rendered":"Macallan 12 a\u00f1os Triple Cask"},"content":{"rendered":"<p>Wishky Macallan 12 a\u00f1os Triple Cask<\/p>\n<ul>\n<li><strong>Regi\u00f3n: <\/strong>Escocia.<\/li>\n<li><strong>Capacidad: <\/strong>0,70 litros<\/li>\n<li><strong>Graduaci\u00f3n alcoh\u00f3lica: <\/strong>40% Vol.<\/li>\n<li><strong>Notas de cata: <\/strong>The Macallan Triple Cask Matured 12 A\u00f1os forma parte de nuestra gama Triple Cask Matured; una serie de whiskies de malta elaborados en una triple combinaci\u00f3n de barricas de roble europeo y americano aderezadas con barricas de jerez y roble americano ex-bourbon. Esta compleja combinaci\u00f3n de barricas de roble proporciona un car\u00e1cter extraordinariamente suave y delicado, lleno de c\u00edtricos, vainilla y roble fresco. The Macallan Triple Cask Matured 12 a\u00f1os se crea a partir de una trinidad de licores, madurados individualmente en barricas de roble europeo al jerez, barricas de roble americano al jerez y barricas de roble americano ex-bourbon. Una vez llenado, el esp\u00edritu madurado permanece inalterado en las mismas barricas durante 12 a\u00f1os, tras lo cual esta compleja combinaci\u00f3n de barricas se refina y combina h\u00e1bilmente para crear este vibrante single malt.<\/li>\n<li><strong>Informaci\u00f3n adicional:<\/strong> Contiene sulfitos.<\/li>\n<\/ul>\n","protected":false},"excerpt":{"rendered":"<p>Wishky Macallan 12 a\u00f1os Triple Cask Regi\u00f3n: Escocia. Capacidad: 0,70 litros Graduaci\u00f3n alcoh\u00f3lica: 40% Vol. Notas de cata: The Macallan Triple Cask Matured 12 A\u00f1os forma parte de nuestra gama Triple Cask Matured; una serie de whiskies de malta elaborados en una triple combinaci\u00f3n de barricas de roble europeo y americano aderezadas con barricas de [&hellip;]<\/p>\n","protected":false},"featured_media":17172,"template":"","meta":{"_monsterinsights_skip_tracking":false,"_monsterinsights_sitenote_active":false,"_monsterinsights_sitenote_note":"","_monsterinsights_sitenote_category":0},"product_brand":[],"product_cat":[187,188,192],"product_tag":[],"class_list":{"0":"post-17134","1":"product","2":"type-product","3":"status-publish","4":"has-post-thumbnail","6":"product_cat-destilados","7":"product_cat-tipo-es","8":"product_cat-whisky-es","10":"first","11":"outofstock","12":"taxable","13":"shipping-taxable","14":"purchasable","15":"product-type-simple"},"aioseo_notices":[],"_links":{"self":[{"href":"https:\/\/pwinecastes.com\/es\/wp-json\/wp\/v2\/product\/17134","targetHints":{"allow":["GET"]}}],"collection":[{"href":"https:\/\/pwinecastes.com\/es\/wp-json\/wp\/v2\/product"}],"about":[{"href":"https:\/\/pwinecastes.com\/es\/wp-json\/wp\/v2\/types\/product"}],"version-history":[{"count":0,"href":"https:\/\/pwinecastes.com\/es\/wp-json\/wp\/v2\/product\/17134\/revisions"}],"wp:featuredmedia":[{"embeddable":true,"href":"https:\/\/pwinecastes.com\/es\/wp-json\/wp\/v2\/media\/17172"}],"wp:attachment":[{"href":"https:\/\/pwinecastes.com\/es\/wp-json\/wp\/v2\/media?parent=17134"}],"wp:term":[{"taxonomy":"product_brand","embeddable":true,"href":"https:\/\/pwinecastes.com\/es\/wp-json\/wp\/v2\/product_brand?post=17134"},{"taxonomy":"product_cat","embeddable":true,"href":"https:\/\/pwinecastes.com\/es\/wp-json\/wp\/v2\/product_cat?post=17134"},{"taxonomy":"product_tag","embeddable":true,"href":"https:\/\/pwinecastes.com\/es\/wp-json\/wp\/v2\/product_tag?post=17134"}],"curies":[{"name":"wp","href":"https:\/\/api.w.org\/{rel}","templated":true}]}}