{"id":17140,"date":"2025-03-08T18:08:32","date_gmt":"2025-03-08T18:08:32","guid":{"rendered":"https:\/\/pwinecastes.com\/?post_type=product&#038;p=17140"},"modified":"2025-03-08T18:08:33","modified_gmt":"2025-03-08T18:08:33","slug":"moscatel-do-douro-pacheca-reserva","status":"publish","type":"product","link":"https:\/\/pwinecastes.com\/es\/product\/moscatel-do-douro-pacheca-reserva\/","title":{"rendered":"Moscatel do Douro Pacheca Reserva"},"content":{"rendered":"<p class=\"page-title\"><span class=\"base\" data-ui-id=\"page-title-wrapper\">Moscatel do Douro Pacheca Reserva<\/span><\/p>\n<ul>\n<li><strong>Regi\u00f3n: <\/strong>Douro.<\/li>\n<li><strong>Capacidad:<\/strong> 75 cL<\/li>\n<li><strong>Variedades: <\/strong>Moscatel.<\/li>\n<li><strong>Graduaci\u00f3n alcoh\u00f3lica: <\/strong>18% vol.<\/li>\n<li><strong>Nota de cata: <\/strong>El aroma es muy elegante, con notas de pera caramelizada. En boca es un vino dulce, muy graso, glicerinado, con notas frescas de c\u00edtricos y un final persistente <\/li>\n<li><strong>Descripci\u00f3n:<\/strong> El Pacheca Moscatel do Douro se elabora a partir de una cuidadosa selecci\u00f3n de las mejores uvas de Moscatel do Douro de una peque\u00f1a parcela de la Quinta da Pacheca. Se fermentan lentamente a baja temperatura (16 &#8211; 18\u00ba C) hasta que se detiene la fermentaci\u00f3n mediante la adici\u00f3n de brandy. Se envejece en viejas barricas de casta\u00f1o, al estilo de un viejo vino de Oporto, con un color casta\u00f1o rojizo.  <\/li>\n<li><strong>Maridaje: <\/strong>Debe beberse fr\u00edo, entre 6-10\u00baC, como aperitivo, c\u00f3ctel o con quesos suaves.<\/li>\n<li><strong>Informaci\u00f3n adicional:<\/strong> Contiene sulfitos.<\/li>\n<\/ul>\n","protected":false},"excerpt":{"rendered":"<p>Moscatel do Douro Pacheca Reserva Regi\u00f3n: Douro. Capacidad: 75 cL Variedades: Moscatel. Graduaci\u00f3n alcoh\u00f3lica: 18% vol. Nota de cata: El aroma es muy elegante, con notas de pera caramelizada. En boca es un vino dulce, muy graso, glicerinado, con notas frescas de c\u00edtricos y un final persistente Descripci\u00f3n: El Pacheca Moscatel do Douro se elabora [&hellip;]<\/p>\n","protected":false},"featured_media":17146,"template":"","meta":{"_monsterinsights_skip_tracking":false,"_monsterinsights_sitenote_active":false,"_monsterinsights_sitenote_note":"","_monsterinsights_sitenote_category":0},"product_brand":[],"product_cat":[226],"product_tag":[],"class_list":{"0":"post-17140","1":"product","2":"type-product","3":"status-publish","4":"has-post-thumbnail","6":"product_cat-moscatel-y-favaios","8":"first","9":"instock","10":"taxable","11":"shipping-taxable","12":"purchasable","13":"product-type-simple"},"aioseo_notices":[],"_links":{"self":[{"href":"https:\/\/pwinecastes.com\/es\/wp-json\/wp\/v2\/product\/17140","targetHints":{"allow":["GET"]}}],"collection":[{"href":"https:\/\/pwinecastes.com\/es\/wp-json\/wp\/v2\/product"}],"about":[{"href":"https:\/\/pwinecastes.com\/es\/wp-json\/wp\/v2\/types\/product"}],"version-history":[{"count":0,"href":"https:\/\/pwinecastes.com\/es\/wp-json\/wp\/v2\/product\/17140\/revisions"}],"wp:featuredmedia":[{"embeddable":true,"href":"https:\/\/pwinecastes.com\/es\/wp-json\/wp\/v2\/media\/17146"}],"wp:attachment":[{"href":"https:\/\/pwinecastes.com\/es\/wp-json\/wp\/v2\/media?parent=17140"}],"wp:term":[{"taxonomy":"product_brand","embeddable":true,"href":"https:\/\/pwinecastes.com\/es\/wp-json\/wp\/v2\/product_brand?post=17140"},{"taxonomy":"product_cat","embeddable":true,"href":"https:\/\/pwinecastes.com\/es\/wp-json\/wp\/v2\/product_cat?post=17140"},{"taxonomy":"product_tag","embeddable":true,"href":"https:\/\/pwinecastes.com\/es\/wp-json\/wp\/v2\/product_tag?post=17140"}],"curies":[{"name":"wp","href":"https:\/\/api.w.org\/{rel}","templated":true}]}}