{"id":17159,"date":"2025-03-10T12:10:27","date_gmt":"2025-03-10T12:10:27","guid":{"rendered":"https:\/\/pwinecastes.com\/product\/macallan-12-anos-doble-barrica\/"},"modified":"2025-03-10T12:10:27","modified_gmt":"2025-03-10T12:10:27","slug":"macallan-12-anos-doble-barrica","status":"publish","type":"product","link":"https:\/\/pwinecastes.com\/es\/product\/macallan-12-anos-doble-barrica\/","title":{"rendered":"Macallan 12 A\u00f1os Doble Barrica"},"content":{"rendered":"<p>Whisky Macallan 12 A\u00f1os Doble Barrica<\/p>\n<ul>\n<li><strong>Regi\u00f3n: <\/strong>Escocia.<\/li>\n<li><strong>Capacidad: <\/strong>0,70 litros<\/li>\n<li><strong>Graduaci\u00f3n alcoh\u00f3lica: <\/strong>40% Vol.<\/li>\n<li><strong>Nota de cata: <\/strong>En nariz es suave, con notas de caramelo, manzana, naranja confitada, crema de vainilla y toques de roble. En boca es de cuerpo ligero. Notas de roble y miel junto con notas especiadas y c\u00edtricas. Final persistente, c\u00e1lido, dulce y seco.   <\/li>\n<li><strong>Informaci\u00f3n adicional:<\/strong> Contiene sulfitos.<\/li>\n<\/ul>\n","protected":false},"excerpt":{"rendered":"<p>Whisky Macallan 12 A\u00f1os Doble Barrica Regi\u00f3n: Escocia. Capacidad: 0,70 litros Graduaci\u00f3n alcoh\u00f3lica: 40% Vol. Nota de cata: En nariz es suave, con notas de caramelo, manzana, naranja confitada, crema de vainilla y toques de roble. En boca es de cuerpo ligero. Notas de roble y miel junto con notas especiadas y c\u00edtricas. Final persistente, [&hellip;]<\/p>\n","protected":false},"featured_media":17166,"template":"","meta":{"_monsterinsights_skip_tracking":false,"_monsterinsights_sitenote_active":false,"_monsterinsights_sitenote_note":"","_monsterinsights_sitenote_category":0},"product_brand":[],"product_cat":[187,188,192],"product_tag":[],"class_list":{"0":"post-17159","1":"product","2":"type-product","3":"status-publish","4":"has-post-thumbnail","6":"product_cat-destilados","7":"product_cat-tipo-es","8":"product_cat-whisky-es","10":"first","11":"instock","12":"taxable","13":"shipping-taxable","14":"purchasable","15":"product-type-simple"},"aioseo_notices":[],"_links":{"self":[{"href":"https:\/\/pwinecastes.com\/es\/wp-json\/wp\/v2\/product\/17159","targetHints":{"allow":["GET"]}}],"collection":[{"href":"https:\/\/pwinecastes.com\/es\/wp-json\/wp\/v2\/product"}],"about":[{"href":"https:\/\/pwinecastes.com\/es\/wp-json\/wp\/v2\/types\/product"}],"version-history":[{"count":0,"href":"https:\/\/pwinecastes.com\/es\/wp-json\/wp\/v2\/product\/17159\/revisions"}],"wp:featuredmedia":[{"embeddable":true,"href":"https:\/\/pwinecastes.com\/es\/wp-json\/wp\/v2\/media\/17166"}],"wp:attachment":[{"href":"https:\/\/pwinecastes.com\/es\/wp-json\/wp\/v2\/media?parent=17159"}],"wp:term":[{"taxonomy":"product_brand","embeddable":true,"href":"https:\/\/pwinecastes.com\/es\/wp-json\/wp\/v2\/product_brand?post=17159"},{"taxonomy":"product_cat","embeddable":true,"href":"https:\/\/pwinecastes.com\/es\/wp-json\/wp\/v2\/product_cat?post=17159"},{"taxonomy":"product_tag","embeddable":true,"href":"https:\/\/pwinecastes.com\/es\/wp-json\/wp\/v2\/product_tag?post=17159"}],"curies":[{"name":"wp","href":"https:\/\/api.w.org\/{rel}","templated":true}]}}