{"id":17195,"date":"2025-03-10T18:16:42","date_gmt":"2025-03-10T18:16:42","guid":{"rendered":"https:\/\/pwinecastes.com\/product\/quinta-do-pessegueiro-plenitud-tinto-2022\/"},"modified":"2025-03-10T18:16:42","modified_gmt":"2025-03-10T18:16:42","slug":"quinta-do-pessegueiro-plenitud-tinto-2022","status":"publish","type":"product","link":"https:\/\/pwinecastes.com\/es\/product\/quinta-do-pessegueiro-plenitud-tinto-2022\/","title":{"rendered":"Quinta do Pessegueiro Plenitud Tinto 2022"},"content":{"rendered":"<p>Quinta do Pessegueiro Plenitud Tinto 2022<\/p>\n<ul>\n<li><strong>Regi\u00f3n: <\/strong>Douro<\/li>\n<li><strong>Capacidad:<\/strong> 75 cL<\/li>\n<li><strong>Variedades de uva: <\/strong>Touriga Nacional, Touriga Franca, Vi\u00f1as Centenarias<\/li>\n<li><strong>Graduaci\u00f3n alcoh\u00f3lica: <\/strong>13,5% vol.<\/li>\n<li><strong>Nota de cata<\/strong>: Vino de color rub\u00ed intenso. Aroma muy complejo, con notas de bosque, caf\u00e9, regaliz y mermelada de moras. Textura aterciopelada, profunda, con m\u00faltiples matrices (aromas) que se revelan en la boca, pero con profunda elegancia y finura. Un vino intemporal.   <\/li>\n<li><strong>Maridaje: <\/strong>Perfecto con platos de carne roja, caza o quesos curados.<\/li>\n<li><strong>Informaci\u00f3n adicional:<\/strong> Contiene sulfitos.<\/li>\n<\/ul>\n","protected":false},"excerpt":{"rendered":"<p>Quinta do Pessegueiro Plenitud Tinto 2022 Regi\u00f3n: Douro Capacidad: 75 cL Variedades de uva: Touriga Nacional, Touriga Franca, Vi\u00f1as Centenarias Graduaci\u00f3n alcoh\u00f3lica: 13,5% vol. Nota de cata: Vino de color rub\u00ed intenso. Aroma muy complejo, con notas de bosque, caf\u00e9, regaliz y mermelada de moras. Textura aterciopelada, profunda, con m\u00faltiples matrices (aromas) que se revelan [&hellip;]<\/p>\n","protected":false},"featured_media":17201,"template":"","meta":{"_monsterinsights_skip_tracking":false,"_monsterinsights_sitenote_active":false,"_monsterinsights_sitenote_note":"","_monsterinsights_sitenote_category":0},"product_brand":[],"product_cat":[217,209,212,213,262,102],"product_tag":[],"class_list":{"0":"post-17195","1":"product","2":"type-product","3":"status-publish","4":"has-post-thumbnail","6":"product_cat-douro-es","7":"product_cat-pais-es-2","8":"product_cat-portugal-es-2","9":"product_cat-region-es","10":"product_cat-tinto-es-5","11":"product_cat-vinos","13":"first","14":"instock","15":"taxable","16":"shipping-taxable","17":"purchasable","18":"product-type-simple"},"aioseo_notices":[],"_links":{"self":[{"href":"https:\/\/pwinecastes.com\/es\/wp-json\/wp\/v2\/product\/17195","targetHints":{"allow":["GET"]}}],"collection":[{"href":"https:\/\/pwinecastes.com\/es\/wp-json\/wp\/v2\/product"}],"about":[{"href":"https:\/\/pwinecastes.com\/es\/wp-json\/wp\/v2\/types\/product"}],"version-history":[{"count":0,"href":"https:\/\/pwinecastes.com\/es\/wp-json\/wp\/v2\/product\/17195\/revisions"}],"wp:featuredmedia":[{"embeddable":true,"href":"https:\/\/pwinecastes.com\/es\/wp-json\/wp\/v2\/media\/17201"}],"wp:attachment":[{"href":"https:\/\/pwinecastes.com\/es\/wp-json\/wp\/v2\/media?parent=17195"}],"wp:term":[{"taxonomy":"product_brand","embeddable":true,"href":"https:\/\/pwinecastes.com\/es\/wp-json\/wp\/v2\/product_brand?post=17195"},{"taxonomy":"product_cat","embeddable":true,"href":"https:\/\/pwinecastes.com\/es\/wp-json\/wp\/v2\/product_cat?post=17195"},{"taxonomy":"product_tag","embeddable":true,"href":"https:\/\/pwinecastes.com\/es\/wp-json\/wp\/v2\/product_tag?post=17195"}],"curies":[{"name":"wp","href":"https:\/\/api.w.org\/{rel}","templated":true}]}}