{"id":17436,"date":"2025-03-17T18:18:11","date_gmt":"2025-03-17T18:18:11","guid":{"rendered":"https:\/\/pwinecastes.com\/product\/herdade-das-servas-reserva-tinto-2018\/"},"modified":"2025-03-17T18:18:11","modified_gmt":"2025-03-17T18:18:11","slug":"herdade-das-servas-reserva-tinto-2018","status":"publish","type":"product","link":"https:\/\/pwinecastes.com\/es\/product\/herdade-das-servas-reserva-tinto-2018\/","title":{"rendered":"Herdade das Servas Reserva Tinto 2018"},"content":{"rendered":"<p>Herdade das Servas Reserva Tinto 2018<\/p>\n<ul>\n<li><strong>Regi\u00f3n: <\/strong>Alentejo<\/li>\n<li><strong>Capacidad:<\/strong> 75 cL<\/li>\n<li><strong>Variedades de<\/strong> uva<strong>:<\/strong> Alicante Bouschet, Cabernet Sauvignon, Alfrocheiro, Aragonez<\/li>\n<li><strong>Graduaci\u00f3n alcoh\u00f3lica: <\/strong>15,5% vol.<\/li>\n<li><strong>Nota de cata<\/strong>: Vino limpio, rojo cereza intenso, aromas de ciruela, higo, cedro, chocolate, pimienta y notas ahumadas. Complejo, estructurado, pleno, barrica tostada, taninos equilibrados y un final largo, que revela todo su potencial de guarda y envejecimiento. <\/li>\n<li><strong>Maridaje: <\/strong>Combina bien con carnes rojas, caza, quesos intensos y embutidos.<\/li>\n<li><strong>Informaci\u00f3n adicional:<\/strong> Contiene sulfitos.<\/li>\n<\/ul>\n","protected":false},"excerpt":{"rendered":"<p>Herdade das Servas Reserva Tinto 2018 Regi\u00f3n: Alentejo Capacidad: 75 cL Variedades de uva: Alicante Bouschet, Cabernet Sauvignon, Alfrocheiro, Aragonez Graduaci\u00f3n alcoh\u00f3lica: 15,5% vol. Nota de cata: Vino limpio, rojo cereza intenso, aromas de ciruela, higo, cedro, chocolate, pimienta y notas ahumadas. Complejo, estructurado, pleno, barrica tostada, taninos equilibrados y un final largo, que revela [&hellip;]<\/p>\n","protected":false},"featured_media":17430,"template":"","meta":{"_monsterinsights_skip_tracking":false,"_monsterinsights_sitenote_active":false,"_monsterinsights_sitenote_note":"","_monsterinsights_sitenote_category":0},"product_brand":[],"product_cat":[214,209,212,213,233,102],"product_tag":[],"class_list":{"0":"post-17436","1":"product","2":"type-product","3":"status-publish","4":"has-post-thumbnail","6":"product_cat-alentejo-es","7":"product_cat-pais-es-2","8":"product_cat-portugal-es-2","9":"product_cat-region-es","10":"product_cat-tinto-es-2","11":"product_cat-vinos","13":"first","14":"instock","15":"taxable","16":"shipping-taxable","17":"purchasable","18":"product-type-simple"},"aioseo_notices":[],"_links":{"self":[{"href":"https:\/\/pwinecastes.com\/es\/wp-json\/wp\/v2\/product\/17436","targetHints":{"allow":["GET"]}}],"collection":[{"href":"https:\/\/pwinecastes.com\/es\/wp-json\/wp\/v2\/product"}],"about":[{"href":"https:\/\/pwinecastes.com\/es\/wp-json\/wp\/v2\/types\/product"}],"version-history":[{"count":0,"href":"https:\/\/pwinecastes.com\/es\/wp-json\/wp\/v2\/product\/17436\/revisions"}],"wp:featuredmedia":[{"embeddable":true,"href":"https:\/\/pwinecastes.com\/es\/wp-json\/wp\/v2\/media\/17430"}],"wp:attachment":[{"href":"https:\/\/pwinecastes.com\/es\/wp-json\/wp\/v2\/media?parent=17436"}],"wp:term":[{"taxonomy":"product_brand","embeddable":true,"href":"https:\/\/pwinecastes.com\/es\/wp-json\/wp\/v2\/product_brand?post=17436"},{"taxonomy":"product_cat","embeddable":true,"href":"https:\/\/pwinecastes.com\/es\/wp-json\/wp\/v2\/product_cat?post=17436"},{"taxonomy":"product_tag","embeddable":true,"href":"https:\/\/pwinecastes.com\/es\/wp-json\/wp\/v2\/product_tag?post=17436"}],"curies":[{"name":"wp","href":"https:\/\/api.w.org\/{rel}","templated":true}]}}