{"id":17442,"date":"2025-03-18T16:49:09","date_gmt":"2025-03-18T16:49:09","guid":{"rendered":"https:\/\/pwinecastes.com\/product\/aceite-de-oliva-virgen-extra-quinta-do-vallado\/"},"modified":"2025-03-18T16:49:09","modified_gmt":"2025-03-18T16:49:09","slug":"aceite-de-oliva-virgen-extra-quinta-do-vallado","status":"publish","type":"product","link":"https:\/\/pwinecastes.com\/es\/product\/aceite-de-oliva-virgen-extra-quinta-do-vallado\/","title":{"rendered":"Aceite de Oliva Virgen Extra Quinta do Vallado"},"content":{"rendered":"<p>Aceite de Oliva Virgen Extra Quinta do Vallado<\/p>\n<p><strong>Regi\u00f3n: <\/strong>Douro (Portugal)<\/p>\n<p><strong>Productor: <\/strong>Quinta do Vallado<\/p>\n<p><strong>Notas de cata:<\/strong><\/p>\n<ul>\n<li>El aceite de oliva procede de olivos recolectados a mano y se elabora a baja temperatura.<\/li>\n<li>De color verde amarillento, este aceite tiene un aroma afrutado con un sabor ligeramente picante y fresco<\/li>\n<li>M\u00e9todo de explotaci\u00f3n en lindes de vi\u00f1edos, donde la edad media de las plantas es de 100 a\u00f1os.<\/li>\n<\/ul>\n<p><strong>Caracter\u00edsticas generales: <\/strong> 500 ml<br \/>\n<strong>Nivel de acidez: <\/strong>0,3%.<\/p>\n<p><strong>Composici\u00f3n nutricional (por 100 ml):<\/strong><\/p>\n<p>Energ\u00eda: 821 kcal (342 kj); L\u00edpidos de los cuales: 91,2 g ; Saturados &#8211; 13,1g ; Hidratos de carbono de los cuales: 0g ; Az\u00facares &#8211; 0g ; Prote\u00ednas: 0g ; Sal: 0g<\/p>\n<p><strong>Condiciones de almacenamiento: <\/strong>Almacenar en un lugar fresco y seco, alejado de la luz y el calor.<\/p>\n","protected":false},"excerpt":{"rendered":"<p>Aceite de Oliva Virgen Extra Quinta do Vallado Regi\u00f3n: Douro (Portugal) Productor: Quinta do Vallado Notas de cata: El aceite de oliva procede de olivos recolectados a mano y se elabora a baja temperatura. De color verde amarillento, este aceite tiene un aroma afrutado con un sabor ligeramente picante y fresco M\u00e9todo de explotaci\u00f3n en [&hellip;]<\/p>\n","protected":false},"featured_media":17445,"template":"","meta":{"_monsterinsights_skip_tracking":false,"_monsterinsights_sitenote_active":false,"_monsterinsights_sitenote_note":"","_monsterinsights_sitenote_category":0},"product_brand":[],"product_cat":[181,205,422,409,201],"product_tag":[],"class_list":{"0":"post-17442","1":"product","2":"type-product","3":"status-publish","4":"has-post-thumbnail","6":"product_cat-aceite-de-oliva-vinagres","7":"product_cat-aceites","8":"product_cat-aceites-vinagres","9":"product_cat-otros","10":"product_cat-tipo-es-3","12":"first","13":"outofstock","14":"taxable","15":"shipping-taxable","16":"purchasable","17":"product-type-simple"},"aioseo_notices":[],"_links":{"self":[{"href":"https:\/\/pwinecastes.com\/es\/wp-json\/wp\/v2\/product\/17442","targetHints":{"allow":["GET"]}}],"collection":[{"href":"https:\/\/pwinecastes.com\/es\/wp-json\/wp\/v2\/product"}],"about":[{"href":"https:\/\/pwinecastes.com\/es\/wp-json\/wp\/v2\/types\/product"}],"version-history":[{"count":0,"href":"https:\/\/pwinecastes.com\/es\/wp-json\/wp\/v2\/product\/17442\/revisions"}],"wp:featuredmedia":[{"embeddable":true,"href":"https:\/\/pwinecastes.com\/es\/wp-json\/wp\/v2\/media\/17445"}],"wp:attachment":[{"href":"https:\/\/pwinecastes.com\/es\/wp-json\/wp\/v2\/media?parent=17442"}],"wp:term":[{"taxonomy":"product_brand","embeddable":true,"href":"https:\/\/pwinecastes.com\/es\/wp-json\/wp\/v2\/product_brand?post=17442"},{"taxonomy":"product_cat","embeddable":true,"href":"https:\/\/pwinecastes.com\/es\/wp-json\/wp\/v2\/product_cat?post=17442"},{"taxonomy":"product_tag","embeddable":true,"href":"https:\/\/pwinecastes.com\/es\/wp-json\/wp\/v2\/product_tag?post=17442"}],"curies":[{"name":"wp","href":"https:\/\/api.w.org\/{rel}","templated":true}]}}