{"id":17498,"date":"2025-03-24T14:22:11","date_gmt":"2025-03-24T14:22:11","guid":{"rendered":"https:\/\/pwinecastes.com\/product\/quinta-de-carvalhicos-reserva-blanco-2022\/"},"modified":"2025-03-24T14:22:11","modified_gmt":"2025-03-24T14:22:11","slug":"quinta-de-carvalhicos-reserva-blanco-2022","status":"publish","type":"product","link":"https:\/\/pwinecastes.com\/es\/product\/quinta-de-carvalhicos-reserva-blanco-2022\/","title":{"rendered":"Quinta de Carvalhi\u00e7os Reserva Blanco 2022"},"content":{"rendered":"<p>Quinta de Carvalhi\u00e7os Reserva Blanco 2022<\/p>\n<ul>\n<li><strong>Regi\u00f3n: <\/strong>D\u00e3o<\/li>\n<li><strong>Capacidad:<\/strong> 75 cL<\/li>\n<li><strong>Variedades de uva: <\/strong>Encruzado, Malvasia Fina<\/li>\n<li><strong>Graduaci\u00f3n alcoh\u00f3lica: <\/strong>13,5% vol.<\/li>\n<li><strong>Notas de cata:<\/strong> Sabor c\u00edtrico cristalino. Aroma a hierbas frescas, melocot\u00f3n. Sensaci\u00f3n armoniosa en boca, con acidez equilibrada y persistencia final.  <\/li>\n<li><strong>Informaci\u00f3n adicional:<\/strong> Contiene sulfitos.<\/li>\n<\/ul>\n","protected":false},"excerpt":{"rendered":"<p>Quinta de Carvalhi\u00e7os Reserva Blanco 2022 Regi\u00f3n: D\u00e3o Capacidad: 75 cL Variedades de uva: Encruzado, Malvasia Fina Graduaci\u00f3n alcoh\u00f3lica: 13,5% vol. Notas de cata: Sabor c\u00edtrico cristalino. Aroma a hierbas frescas, melocot\u00f3n. Sensaci\u00f3n armoniosa en boca, con acidez equilibrada y persistencia final. Informaci\u00f3n adicional: Contiene sulfitos.<\/p>\n","protected":false},"featured_media":17501,"template":"","meta":{"_monsterinsights_skip_tracking":false,"_monsterinsights_sitenote_active":false,"_monsterinsights_sitenote_note":"","_monsterinsights_sitenote_category":0},"product_brand":[],"product_cat":[250,216,209,212,213,102],"product_tag":[],"class_list":{"0":"post-17498","1":"product","2":"type-product","3":"status-publish","4":"has-post-thumbnail","6":"product_cat-blanco-es-3","7":"product_cat-dao-es","8":"product_cat-pais-es-2","9":"product_cat-portugal-es-2","10":"product_cat-region-es","11":"product_cat-vinos","13":"first","14":"instock","15":"taxable","16":"shipping-taxable","17":"purchasable","18":"product-type-simple"},"aioseo_notices":[],"_links":{"self":[{"href":"https:\/\/pwinecastes.com\/es\/wp-json\/wp\/v2\/product\/17498","targetHints":{"allow":["GET"]}}],"collection":[{"href":"https:\/\/pwinecastes.com\/es\/wp-json\/wp\/v2\/product"}],"about":[{"href":"https:\/\/pwinecastes.com\/es\/wp-json\/wp\/v2\/types\/product"}],"version-history":[{"count":0,"href":"https:\/\/pwinecastes.com\/es\/wp-json\/wp\/v2\/product\/17498\/revisions"}],"wp:featuredmedia":[{"embeddable":true,"href":"https:\/\/pwinecastes.com\/es\/wp-json\/wp\/v2\/media\/17501"}],"wp:attachment":[{"href":"https:\/\/pwinecastes.com\/es\/wp-json\/wp\/v2\/media?parent=17498"}],"wp:term":[{"taxonomy":"product_brand","embeddable":true,"href":"https:\/\/pwinecastes.com\/es\/wp-json\/wp\/v2\/product_brand?post=17498"},{"taxonomy":"product_cat","embeddable":true,"href":"https:\/\/pwinecastes.com\/es\/wp-json\/wp\/v2\/product_cat?post=17498"},{"taxonomy":"product_tag","embeddable":true,"href":"https:\/\/pwinecastes.com\/es\/wp-json\/wp\/v2\/product_tag?post=17498"}],"curies":[{"name":"wp","href":"https:\/\/api.w.org\/{rel}","templated":true}]}}