{"id":17541,"date":"2025-03-28T11:42:07","date_gmt":"2025-03-28T11:42:07","guid":{"rendered":"https:\/\/pwinecastes.com\/product\/brandy-anejo-niepoort\/"},"modified":"2025-03-28T11:42:07","modified_gmt":"2025-03-28T11:42:07","slug":"brandy-anejo-niepoort","status":"publish","type":"product","link":"https:\/\/pwinecastes.com\/es\/product\/brandy-anejo-niepoort\/","title":{"rendered":"Brandy a\u00f1ejo Niepoort"},"content":{"rendered":"<p>Brandy a\u00f1ejo Niepoort<\/p>\n<ul>\n<li><strong>Regi\u00f3n:<\/strong> Douro<\/li>\n<li><strong>Capacidad:<\/strong> 70 cl<\/li>\n<li><strong>Graduaci\u00f3n alcoh\u00f3lica:<\/strong> 40% vol.<\/li>\n<li><strong>Nota de cata: <\/strong>Menos dulce, m\u00e1s arom\u00e1tico y refinado, con una elegancia y pureza inusuales en Portugal. Este relanzamiento hace que este brandy sea a\u00fan m\u00e1s a\u00f1ejo (unos 50 a\u00f1os), m\u00e1s expresivo, puro y elegante<strong>. <\/strong>  <\/li>\n<li><strong>Informaci\u00f3n adicional:<\/strong> Contiene sulfitos.<\/li>\n<\/ul>\n","protected":false},"excerpt":{"rendered":"<p>Brandy a\u00f1ejo Niepoort Regi\u00f3n: Douro Capacidad: 70 cl Graduaci\u00f3n alcoh\u00f3lica: 40% vol. Nota de cata: Menos dulce, m\u00e1s arom\u00e1tico y refinado, con una elegancia y pureza inusuales en Portugal. Este relanzamiento hace que este brandy sea a\u00fan m\u00e1s a\u00f1ejo (unos 50 a\u00f1os), m\u00e1s expresivo, puro y elegante. Informaci\u00f3n adicional: Contiene sulfitos.<\/p>\n","protected":false},"featured_media":17544,"template":"","meta":{"_monsterinsights_skip_tracking":false,"_monsterinsights_sitenote_active":false,"_monsterinsights_sitenote_note":"","_monsterinsights_sitenote_category":0},"product_brand":[],"product_cat":[189,397,187],"product_tag":[],"class_list":{"0":"post-17541","1":"product","2":"type-product","3":"status-publish","4":"has-post-thumbnail","6":"product_cat-aguardiente","7":"product_cat-destaque-es","8":"product_cat-destilados","10":"first","11":"instock","12":"taxable","13":"shipping-taxable","14":"purchasable","15":"product-type-simple"},"aioseo_notices":[],"_links":{"self":[{"href":"https:\/\/pwinecastes.com\/es\/wp-json\/wp\/v2\/product\/17541","targetHints":{"allow":["GET"]}}],"collection":[{"href":"https:\/\/pwinecastes.com\/es\/wp-json\/wp\/v2\/product"}],"about":[{"href":"https:\/\/pwinecastes.com\/es\/wp-json\/wp\/v2\/types\/product"}],"version-history":[{"count":0,"href":"https:\/\/pwinecastes.com\/es\/wp-json\/wp\/v2\/product\/17541\/revisions"}],"wp:featuredmedia":[{"embeddable":true,"href":"https:\/\/pwinecastes.com\/es\/wp-json\/wp\/v2\/media\/17544"}],"wp:attachment":[{"href":"https:\/\/pwinecastes.com\/es\/wp-json\/wp\/v2\/media?parent=17541"}],"wp:term":[{"taxonomy":"product_brand","embeddable":true,"href":"https:\/\/pwinecastes.com\/es\/wp-json\/wp\/v2\/product_brand?post=17541"},{"taxonomy":"product_cat","embeddable":true,"href":"https:\/\/pwinecastes.com\/es\/wp-json\/wp\/v2\/product_cat?post=17541"},{"taxonomy":"product_tag","embeddable":true,"href":"https:\/\/pwinecastes.com\/es\/wp-json\/wp\/v2\/product_tag?post=17541"}],"curies":[{"name":"wp","href":"https:\/\/api.w.org\/{rel}","templated":true}]}}