{"id":17563,"date":"2025-03-29T09:45:18","date_gmt":"2025-03-29T09:45:18","guid":{"rendered":"https:\/\/pwinecastes.com\/?post_type=product&#038;p=17563"},"modified":"2025-03-29T09:45:18","modified_gmt":"2025-03-29T09:45:18","slug":"whisky-dewars-15-anos","status":"publish","type":"product","link":"https:\/\/pwinecastes.com\/es\/product\/whisky-dewars-15-anos\/","title":{"rendered":"Whisky Dewar&#8217;s 15 a\u00f1os"},"content":{"rendered":"<p class=\"pwc-h3 col-h3 product-name pwc-font--primary-extrabold mb-0\">Whisky Dewar&#8217;s 15 a\u00f1os<\/p>\n<ul>\n<li><strong>Regi\u00f3n: <\/strong>Escocia.<\/li>\n<li><strong>Capacidad:<\/strong> 0,70 l<\/li>\n<li><strong>Graduaci\u00f3n alcoh\u00f3lica:<\/strong> 40% vol.<\/li>\n<li><strong>Nota de cata: <\/strong>Con elegantes notas de miel, toffee y un sutil toque floral, Dewar&#8217;s 15 A\u00f1os ofrece una experiencia de sabor equilibrada, ideal para los que buscan un whisky delicado con mucha personalidad.<\/li>\n<li><strong>Informaci\u00f3n adicional:<\/strong> Contiene sulfitos.<\/li>\n<\/ul>\n","protected":false},"excerpt":{"rendered":"<p>Whisky Dewar&#8217;s 15 a\u00f1os Regi\u00f3n: Escocia. Capacidad: 0,70 l Graduaci\u00f3n alcoh\u00f3lica: 40% vol. Nota de cata: Con elegantes notas de miel, toffee y un sutil toque floral, Dewar&#8217;s 15 A\u00f1os ofrece una experiencia de sabor equilibrada, ideal para los que buscan un whisky delicado con mucha personalidad. Informaci\u00f3n adicional: Contiene sulfitos.<\/p>\n","protected":false},"featured_media":17569,"template":"","meta":{"_monsterinsights_skip_tracking":false,"_monsterinsights_sitenote_active":false,"_monsterinsights_sitenote_note":"","_monsterinsights_sitenote_category":0},"product_brand":[],"product_cat":[187,188,192],"product_tag":[],"class_list":{"0":"post-17563","1":"product","2":"type-product","3":"status-publish","4":"has-post-thumbnail","6":"product_cat-destilados","7":"product_cat-tipo-es","8":"product_cat-whisky-es","10":"first","11":"instock","12":"taxable","13":"shipping-taxable","14":"purchasable","15":"product-type-simple"},"aioseo_notices":[],"_links":{"self":[{"href":"https:\/\/pwinecastes.com\/es\/wp-json\/wp\/v2\/product\/17563","targetHints":{"allow":["GET"]}}],"collection":[{"href":"https:\/\/pwinecastes.com\/es\/wp-json\/wp\/v2\/product"}],"about":[{"href":"https:\/\/pwinecastes.com\/es\/wp-json\/wp\/v2\/types\/product"}],"version-history":[{"count":0,"href":"https:\/\/pwinecastes.com\/es\/wp-json\/wp\/v2\/product\/17563\/revisions"}],"wp:featuredmedia":[{"embeddable":true,"href":"https:\/\/pwinecastes.com\/es\/wp-json\/wp\/v2\/media\/17569"}],"wp:attachment":[{"href":"https:\/\/pwinecastes.com\/es\/wp-json\/wp\/v2\/media?parent=17563"}],"wp:term":[{"taxonomy":"product_brand","embeddable":true,"href":"https:\/\/pwinecastes.com\/es\/wp-json\/wp\/v2\/product_brand?post=17563"},{"taxonomy":"product_cat","embeddable":true,"href":"https:\/\/pwinecastes.com\/es\/wp-json\/wp\/v2\/product_cat?post=17563"},{"taxonomy":"product_tag","embeddable":true,"href":"https:\/\/pwinecastes.com\/es\/wp-json\/wp\/v2\/product_tag?post=17563"}],"curies":[{"name":"wp","href":"https:\/\/api.w.org\/{rel}","templated":true}]}}