{"id":17661,"date":"2025-03-29T17:54:54","date_gmt":"2025-03-29T17:54:54","guid":{"rendered":"https:\/\/pwinecastes.com\/product\/reccua-porto-20-anos\/"},"modified":"2025-03-31T09:01:19","modified_gmt":"2025-03-31T09:01:19","slug":"reccua-porto-20-anos","status":"publish","type":"product","link":"https:\/\/pwinecastes.com\/es\/product\/reccua-porto-20-anos\/","title":{"rendered":"R\u00e9ccua Porto 20 A\u00f1os"},"content":{"rendered":"<p class=\"product_title entry-title\">R\u00e9ccua Porto 20 A\u00f1os<\/p>\n<ul>\n<li><strong>Regi\u00f3n: <\/strong>Duero, Portugal.<\/li>\n<li><strong>Capacidad:<\/strong> 75 cL<\/li>\n<li><strong>Variedades de uva: <\/strong>Touriga Nacional, Tinta Roriz, Touriga Francesa, Tinta Barroca y muchas otras de vi\u00f1as viejas.<\/li>\n<li><strong>Graduaci\u00f3n alcoh\u00f3lica: <\/strong>19,5% Vol.<\/li>\n<li><strong>Nota de cata:<\/strong> Aromas resultantes de un prolongado desarrollo y envejecimiento en barricas de roble. Color \u00e1mbar con reflejos bronce. Aroma muy intenso y complejo en el que predominan los frutos secos, los bombones ingleses y el caf\u00e9. Sabor muy rico y con cuerpo, excelente equilibrio e inusual persistencia.   <\/li>\n<li><strong>Maridaje: Combina <\/strong>perfectamente con quesos, dulces y chocolates o se puede servir como digestivo.<\/li>\n<li><strong>Informaci\u00f3n adicional:<\/strong> Contiene sulfitos.<\/li>\n<\/ul>\n","protected":false},"excerpt":{"rendered":"<p>R\u00e9ccua Porto 20 A\u00f1os Regi\u00f3n: Duero, Portugal. Capacidad: 75 cL Variedades de uva: Touriga Nacional, Tinta Roriz, Touriga Francesa, Tinta Barroca y muchas otras de vi\u00f1as viejas. Graduaci\u00f3n alcoh\u00f3lica: 19,5% Vol. Nota de cata: Aromas resultantes de un prolongado desarrollo y envejecimiento en barricas de roble. Color \u00e1mbar con reflejos bronce. Aroma muy intenso y [&hellip;]<\/p>\n","protected":false},"featured_media":17658,"template":"","meta":{"_monsterinsights_skip_tracking":false,"_monsterinsights_sitenote_active":false,"_monsterinsights_sitenote_note":"","_monsterinsights_sitenote_category":0},"product_brand":[],"product_cat":[225,209,212,361,102],"product_tag":[],"class_list":{"0":"post-17661","1":"product","2":"type-product","3":"status-publish","4":"has-post-thumbnail","6":"product_cat-oporto","7":"product_cat-pais-es-2","8":"product_cat-portugal-es-2","9":"product_cat-tawny-es","10":"product_cat-vinos","12":"first","13":"instock","14":"taxable","15":"shipping-taxable","16":"purchasable","17":"product-type-simple"},"aioseo_notices":[],"_links":{"self":[{"href":"https:\/\/pwinecastes.com\/es\/wp-json\/wp\/v2\/product\/17661","targetHints":{"allow":["GET"]}}],"collection":[{"href":"https:\/\/pwinecastes.com\/es\/wp-json\/wp\/v2\/product"}],"about":[{"href":"https:\/\/pwinecastes.com\/es\/wp-json\/wp\/v2\/types\/product"}],"version-history":[{"count":0,"href":"https:\/\/pwinecastes.com\/es\/wp-json\/wp\/v2\/product\/17661\/revisions"}],"wp:featuredmedia":[{"embeddable":true,"href":"https:\/\/pwinecastes.com\/es\/wp-json\/wp\/v2\/media\/17658"}],"wp:attachment":[{"href":"https:\/\/pwinecastes.com\/es\/wp-json\/wp\/v2\/media?parent=17661"}],"wp:term":[{"taxonomy":"product_brand","embeddable":true,"href":"https:\/\/pwinecastes.com\/es\/wp-json\/wp\/v2\/product_brand?post=17661"},{"taxonomy":"product_cat","embeddable":true,"href":"https:\/\/pwinecastes.com\/es\/wp-json\/wp\/v2\/product_cat?post=17661"},{"taxonomy":"product_tag","embeddable":true,"href":"https:\/\/pwinecastes.com\/es\/wp-json\/wp\/v2\/product_tag?post=17661"}],"curies":[{"name":"wp","href":"https:\/\/api.w.org\/{rel}","templated":true}]}}