{"id":17740,"date":"2025-04-07T10:24:49","date_gmt":"2025-04-07T10:24:49","guid":{"rendered":"https:\/\/pwinecastes.com\/product\/ginebra-roja-premium\/"},"modified":"2025-04-07T10:24:49","modified_gmt":"2025-04-07T10:24:49","slug":"ginebra-roja-premium","status":"publish","type":"product","link":"https:\/\/pwinecastes.com\/es\/product\/ginebra-roja-premium\/","title":{"rendered":"Ginebra roja premium"},"content":{"rendered":"<p>Ginebra roja premium<\/p>\n<ul>\n<li><strong>Regi\u00f3n:<\/strong> Portugal<\/li>\n<li><strong>Capacidad:<\/strong> 70 cL<\/li>\n<li><strong>Graduaci\u00f3n alcoh\u00f3lica: <\/strong>40%Vol.<\/li>\n<li><strong>Nota de cata<\/strong>: De color topacio y aroma muy intenso, es ligeramente amaderado, resultado de un largo envejecimiento en barrica. Con cuerpo, suave y aterciopelado, con inconfundibles sabores a frutos secos que perduran. <\/li>\n<li><strong>Informaci\u00f3n adicional:<\/strong> Contiene sulfitos. Red Premium Gin es la primera ginebra roja del mundo y se produce en Valen\u00e7a, Portugal. La ginebra roja tiene 15 ingredientes, como eneldo, laurel, campanilla de invierno, hoja de sauce, flor de sa\u00faco, hierba de San Roberto, melisa, hierba luisa, hoja de eucalipto, romero, lavanda y c\u00edtricos de c\u00e1scara de naranja verde, amapolas y moras y perico, que es una fruta t\u00edpica de Valen\u00e7a. <\/li>\n<\/ul>\n","protected":false},"excerpt":{"rendered":"<p>Ginebra roja premium Regi\u00f3n: Portugal Capacidad: 70 cL Graduaci\u00f3n alcoh\u00f3lica: 40%Vol. Nota de cata: De color topacio y aroma muy intenso, es ligeramente amaderado, resultado de un largo envejecimiento en barrica. Con cuerpo, suave y aterciopelado, con inconfundibles sabores a frutos secos que perduran. Informaci\u00f3n adicional: Contiene sulfitos. Red Premium Gin es la primera ginebra [&hellip;]<\/p>\n","protected":false},"featured_media":17743,"template":"","meta":{"_monsterinsights_skip_tracking":false,"_monsterinsights_sitenote_active":false,"_monsterinsights_sitenote_note":"","_monsterinsights_sitenote_category":0},"product_brand":[],"product_cat":[187,190,209,212,188],"product_tag":[],"class_list":{"0":"post-17740","1":"product","2":"type-product","3":"status-publish","4":"has-post-thumbnail","6":"product_cat-destilados","7":"product_cat-gin-es","8":"product_cat-pais-es-2","9":"product_cat-portugal-es-2","10":"product_cat-tipo-es","12":"first","13":"instock","14":"taxable","15":"shipping-taxable","16":"purchasable","17":"product-type-simple"},"aioseo_notices":[],"_links":{"self":[{"href":"https:\/\/pwinecastes.com\/es\/wp-json\/wp\/v2\/product\/17740","targetHints":{"allow":["GET"]}}],"collection":[{"href":"https:\/\/pwinecastes.com\/es\/wp-json\/wp\/v2\/product"}],"about":[{"href":"https:\/\/pwinecastes.com\/es\/wp-json\/wp\/v2\/types\/product"}],"version-history":[{"count":0,"href":"https:\/\/pwinecastes.com\/es\/wp-json\/wp\/v2\/product\/17740\/revisions"}],"wp:featuredmedia":[{"embeddable":true,"href":"https:\/\/pwinecastes.com\/es\/wp-json\/wp\/v2\/media\/17743"}],"wp:attachment":[{"href":"https:\/\/pwinecastes.com\/es\/wp-json\/wp\/v2\/media?parent=17740"}],"wp:term":[{"taxonomy":"product_brand","embeddable":true,"href":"https:\/\/pwinecastes.com\/es\/wp-json\/wp\/v2\/product_brand?post=17740"},{"taxonomy":"product_cat","embeddable":true,"href":"https:\/\/pwinecastes.com\/es\/wp-json\/wp\/v2\/product_cat?post=17740"},{"taxonomy":"product_tag","embeddable":true,"href":"https:\/\/pwinecastes.com\/es\/wp-json\/wp\/v2\/product_tag?post=17740"}],"curies":[{"name":"wp","href":"https:\/\/api.w.org\/{rel}","templated":true}]}}