{"id":17771,"date":"2025-04-07T16:57:41","date_gmt":"2025-04-07T16:57:41","guid":{"rendered":"https:\/\/pwinecastes.com\/product\/aguardente-vinica-velha-alianca-xo-50-anos\/"},"modified":"2025-11-08T17:43:44","modified_gmt":"2025-11-08T17:43:44","slug":"aguardente-vinica-velha-alianca-xo-50-anos","status":"publish","type":"product","link":"https:\/\/pwinecastes.com\/es\/product\/aguardente-vinica-velha-alianca-xo-50-anos\/","title":{"rendered":"Aguardente V\u00ednica Velha Alian\u00e7a XO 50 A\u00f1os"},"content":{"rendered":"<p>Aguardente V\u00ednica Velha Alian\u00e7a XO 50 A\u00f1os<\/p>\n<ul>\n<li><strong>Regi\u00f3n:<\/strong> Bacalh\u00f4a<\/li>\n<li><strong>Capacidad: <\/strong>0,50 litros<\/li>\n<li><strong>Graduaci\u00f3n alcoh\u00f3lica: <\/strong>40% Vol.<\/li>\n<li><strong>Notas de prova: <\/strong>Cor \u00e2mbar. Extraordinaria complejidad arom\u00e1tica, que revela varias capas de frutos secos y confitados, con sutiles toques de roble. En boca es extremadamente expresivo, con un notable equilibrio entre sequedad y persistencia. <\/li>\n<li><strong>Informaci\u00f3n adicional:<\/strong> Contiene sulfitos<\/li>\n<\/ul>\n","protected":false},"excerpt":{"rendered":"<p>Aguardente V\u00ednica Velha Alian\u00e7a XO 50 A\u00f1os Regi\u00f3n: Bacalh\u00f4a Capacidad: 0,50 litros Graduaci\u00f3n alcoh\u00f3lica: 40% Vol. Notas de prova: Cor \u00e2mbar. Extraordinaria complejidad arom\u00e1tica, que revela varias capas de frutos secos y confitados, con sutiles toques de roble. En boca es extremadamente expresivo, con un notable equilibrio entre sequedad y persistencia. Informaci\u00f3n adicional: Contiene sulfitos<\/p>\n","protected":false},"featured_media":17764,"template":"","meta":{"_monsterinsights_skip_tracking":false,"_monsterinsights_sitenote_active":false,"_monsterinsights_sitenote_note":"","_monsterinsights_sitenote_category":0},"product_brand":[],"product_cat":[189,187,188],"product_tag":[],"class_list":{"0":"post-17771","1":"product","2":"type-product","3":"status-publish","4":"has-post-thumbnail","6":"product_cat-aguardiente","7":"product_cat-destilados","8":"product_cat-tipo-es","10":"first","11":"instock","12":"featured","13":"taxable","14":"shipping-taxable","15":"purchasable","16":"product-type-simple"},"aioseo_notices":[],"_links":{"self":[{"href":"https:\/\/pwinecastes.com\/es\/wp-json\/wp\/v2\/product\/17771","targetHints":{"allow":["GET"]}}],"collection":[{"href":"https:\/\/pwinecastes.com\/es\/wp-json\/wp\/v2\/product"}],"about":[{"href":"https:\/\/pwinecastes.com\/es\/wp-json\/wp\/v2\/types\/product"}],"version-history":[{"count":0,"href":"https:\/\/pwinecastes.com\/es\/wp-json\/wp\/v2\/product\/17771\/revisions"}],"wp:featuredmedia":[{"embeddable":true,"href":"https:\/\/pwinecastes.com\/es\/wp-json\/wp\/v2\/media\/17764"}],"wp:attachment":[{"href":"https:\/\/pwinecastes.com\/es\/wp-json\/wp\/v2\/media?parent=17771"}],"wp:term":[{"taxonomy":"product_brand","embeddable":true,"href":"https:\/\/pwinecastes.com\/es\/wp-json\/wp\/v2\/product_brand?post=17771"},{"taxonomy":"product_cat","embeddable":true,"href":"https:\/\/pwinecastes.com\/es\/wp-json\/wp\/v2\/product_cat?post=17771"},{"taxonomy":"product_tag","embeddable":true,"href":"https:\/\/pwinecastes.com\/es\/wp-json\/wp\/v2\/product_tag?post=17771"}],"curies":[{"name":"wp","href":"https:\/\/api.w.org\/{rel}","templated":true}]}}