{"id":17923,"date":"2025-04-22T15:24:19","date_gmt":"2025-04-22T15:24:19","guid":{"rendered":"https:\/\/pwinecastes.com\/product\/entrenador-2023\/"},"modified":"2025-10-12T07:41:54","modified_gmt":"2025-10-12T07:41:54","slug":"entrenador-2023","status":"publish","type":"product","link":"https:\/\/pwinecastes.com\/es\/product\/entrenador-2023\/","title":{"rendered":"Entrenador 2023"},"content":{"rendered":"<p>Coche 2023 Vino Blanco<\/p>\n<ul>\n<li><strong>Regi\u00f3n: <\/strong>Douro<\/li>\n<li><strong>Capacidad:<\/strong> 75 cL<\/li>\n<li><strong>Variedades: <\/strong> Rabigato, C\u00f3dega do Larinho, Arinto.<\/li>\n<li><strong>Graduaci\u00f3n alcoh\u00f3lica: <\/strong>12,5%<\/li>\n<li><strong>Notas de prova: <\/strong>En boca tiene una estructura similar a la de un gran Borgo\u00f1a: elegante, con alcohol moderado y alta complejidad arom\u00e1tica. El final es persistente y largo, complementado por una excelente acidez que promete una fant\u00e1stica evoluci\u00f3n en botella.<\/li>\n<li><strong>Maridaje:<\/strong> Pescado asado, carnes blancas. Platos a base de nata. Gratinados. Risotto.<\/li>\n<li><strong>Informaci\u00f3n adicional:<\/strong> Contiene sulfitos.<\/li>\n<\/ul>\n","protected":false},"excerpt":{"rendered":"<p>Coche 2023 Vino Blanco Regi\u00f3n: Douro Capacidad: 75 cL Variedades: Rabigato, C\u00f3dega do Larinho, Arinto. Graduaci\u00f3n alcoh\u00f3lica: 12,5% Notas de prova: En boca tiene una estructura similar a la de un gran Borgo\u00f1a: elegante, con alcohol moderado y alta complejidad arom\u00e1tica. El final es persistente y largo, complementado por una excelente acidez que promete una [&hellip;]<\/p>\n","protected":false},"featured_media":17926,"template":"","meta":{"_monsterinsights_skip_tracking":false,"_monsterinsights_sitenote_active":false,"_monsterinsights_sitenote_note":"","_monsterinsights_sitenote_category":0},"product_brand":[],"product_cat":[261,217,209,212,213,102],"product_tag":[],"class_list":{"0":"post-17923","1":"product","2":"type-product","3":"status-publish","4":"has-post-thumbnail","6":"product_cat-blanco-es-4","7":"product_cat-douro-es","8":"product_cat-pais-es-2","9":"product_cat-portugal-es-2","10":"product_cat-region-es","11":"product_cat-vinos","13":"first","14":"instock","15":"taxable","16":"shipping-taxable","17":"purchasable","18":"product-type-simple"},"aioseo_notices":[],"_links":{"self":[{"href":"https:\/\/pwinecastes.com\/es\/wp-json\/wp\/v2\/product\/17923","targetHints":{"allow":["GET"]}}],"collection":[{"href":"https:\/\/pwinecastes.com\/es\/wp-json\/wp\/v2\/product"}],"about":[{"href":"https:\/\/pwinecastes.com\/es\/wp-json\/wp\/v2\/types\/product"}],"version-history":[{"count":0,"href":"https:\/\/pwinecastes.com\/es\/wp-json\/wp\/v2\/product\/17923\/revisions"}],"wp:featuredmedia":[{"embeddable":true,"href":"https:\/\/pwinecastes.com\/es\/wp-json\/wp\/v2\/media\/17926"}],"wp:attachment":[{"href":"https:\/\/pwinecastes.com\/es\/wp-json\/wp\/v2\/media?parent=17923"}],"wp:term":[{"taxonomy":"product_brand","embeddable":true,"href":"https:\/\/pwinecastes.com\/es\/wp-json\/wp\/v2\/product_brand?post=17923"},{"taxonomy":"product_cat","embeddable":true,"href":"https:\/\/pwinecastes.com\/es\/wp-json\/wp\/v2\/product_cat?post=17923"},{"taxonomy":"product_tag","embeddable":true,"href":"https:\/\/pwinecastes.com\/es\/wp-json\/wp\/v2\/product_tag?post=17923"}],"curies":[{"name":"wp","href":"https:\/\/api.w.org\/{rel}","templated":true}]}}