{"id":17955,"date":"2025-04-24T09:13:20","date_gmt":"2025-04-24T09:13:20","guid":{"rendered":"https:\/\/pwinecastes.com\/product\/tiara-blanca-niepoort-2023\/"},"modified":"2025-04-24T09:13:20","modified_gmt":"2025-04-24T09:13:20","slug":"tiara-blanca-niepoort-2023","status":"publish","type":"product","link":"https:\/\/pwinecastes.com\/es\/product\/tiara-blanca-niepoort-2023\/","title":{"rendered":"Tiara Blanca Niepoort 2023"},"content":{"rendered":"<p>Tiara Blanca Niepoort 2023<\/p>\n<ul>\n<li><strong>Regi\u00f3n: <\/strong>Douro.<\/li>\n<li><strong>Capacidad:<\/strong> 75 cL<\/li>\n<li><strong>Variedades de uva: <\/strong>Cerceal , C\u00f3dega de Larinho , Donzelinho , Rabigato<\/li>\n<li><strong>Graduaci\u00f3n alcoh\u00f3lica: <\/strong>12,5% vol.<\/li>\n<li><strong>Notas de cata: <\/strong>Tiara es un vino blanco que revela la pureza de las variedades de uva y la acidez del terru\u00f1o del que procede. Una larga fermentaci\u00f3n a bajas temperaturas en foudres de m\u00e1s de 30 a\u00f1os, de 1500L a 3000L, \u00a1marca la diferencia! La nariz es discreta, con notas de c\u00edtricos, frutas de huerto y un sabor herb\u00e1ceo que le da car\u00e1cter y complejidad. En boca tiene volumen y estructura. \u00a1El regusto es casi picante, persistente y prolongado por una excelente acidez!<\/li>\n<li><strong>Maridaje: <\/strong>Platos de pescado a la parrilla. Marisco y carne blanca. Sugerencias vegetarianas: verduras salteadas y ensaladas.<\/li>\n<li><strong>Informaci\u00f3n adicional:<\/strong> Contiene sulfitos.<\/li>\n<\/ul>\n","protected":false},"excerpt":{"rendered":"<p>Tiara Blanca Niepoort 2023 Regi\u00f3n: Douro. Capacidad: 75 cL Variedades de uva: Cerceal , C\u00f3dega de Larinho , Donzelinho , Rabigato Graduaci\u00f3n alcoh\u00f3lica: 12,5% vol. Notas de cata: Tiara es un vino blanco que revela la pureza de las variedades de uva y la acidez del terru\u00f1o del que procede. Una larga fermentaci\u00f3n a bajas [&hellip;]<\/p>\n","protected":false},"featured_media":17965,"template":"","meta":{"_monsterinsights_skip_tracking":false,"_monsterinsights_sitenote_active":false,"_monsterinsights_sitenote_note":"","_monsterinsights_sitenote_category":0},"product_brand":[],"product_cat":[261,217,209,212,213,102],"product_tag":[],"class_list":{"0":"post-17955","1":"product","2":"type-product","3":"status-publish","4":"has-post-thumbnail","6":"product_cat-blanco-es-4","7":"product_cat-douro-es","8":"product_cat-pais-es-2","9":"product_cat-portugal-es-2","10":"product_cat-region-es","11":"product_cat-vinos","13":"first","14":"instock","15":"taxable","16":"shipping-taxable","17":"purchasable","18":"product-type-simple"},"aioseo_notices":[],"_links":{"self":[{"href":"https:\/\/pwinecastes.com\/es\/wp-json\/wp\/v2\/product\/17955","targetHints":{"allow":["GET"]}}],"collection":[{"href":"https:\/\/pwinecastes.com\/es\/wp-json\/wp\/v2\/product"}],"about":[{"href":"https:\/\/pwinecastes.com\/es\/wp-json\/wp\/v2\/types\/product"}],"version-history":[{"count":0,"href":"https:\/\/pwinecastes.com\/es\/wp-json\/wp\/v2\/product\/17955\/revisions"}],"wp:featuredmedia":[{"embeddable":true,"href":"https:\/\/pwinecastes.com\/es\/wp-json\/wp\/v2\/media\/17965"}],"wp:attachment":[{"href":"https:\/\/pwinecastes.com\/es\/wp-json\/wp\/v2\/media?parent=17955"}],"wp:term":[{"taxonomy":"product_brand","embeddable":true,"href":"https:\/\/pwinecastes.com\/es\/wp-json\/wp\/v2\/product_brand?post=17955"},{"taxonomy":"product_cat","embeddable":true,"href":"https:\/\/pwinecastes.com\/es\/wp-json\/wp\/v2\/product_cat?post=17955"},{"taxonomy":"product_tag","embeddable":true,"href":"https:\/\/pwinecastes.com\/es\/wp-json\/wp\/v2\/product_tag?post=17955"}],"curies":[{"name":"wp","href":"https:\/\/api.w.org\/{rel}","templated":true}]}}