{"id":17969,"date":"2025-04-24T15:59:52","date_gmt":"2025-04-24T15:59:52","guid":{"rendered":"https:\/\/pwinecastes.com\/product\/vinha-do-contador-gran-jurado-tinto-2013\/"},"modified":"2025-11-08T17:19:01","modified_gmt":"2025-11-08T17:19:01","slug":"vinha-do-contador-gran-jurado-tinto-2013","status":"publish","type":"product","link":"https:\/\/pwinecastes.com\/es\/product\/vinha-do-contador-gran-jurado-tinto-2013\/","title":{"rendered":"Vinha do Contador Gran Jurado Tinto 2013"},"content":{"rendered":"<p>Vinha do Contador Gran Jurado Tinto 2013<\/p>\n<ul>\n<li><strong>Regi\u00f3n: <\/strong>D\u00e3o<\/li>\n<li><strong>Capacidad:<\/strong> 75 cL<\/li>\n<li><strong>Variedades de uva: <\/strong>Touriga Nacional, Aragonez, Alfrocheiro<\/li>\n<li><strong>Graduaci\u00f3n alcoh\u00f3lica: <\/strong>14,5% vol.<\/li>\n<li><strong>Nota de cata: <\/strong>Aroma elegante, notable persistencia, color granate intenso.<\/li>\n<li><strong>Maridaje:<\/strong> Carnes rojas asadas o estofadas y quesos curados.<\/li>\n<li><strong>Informaci\u00f3n adicional:<\/strong> Contiene sulfitos.<\/li>\n<\/ul>\n","protected":false},"excerpt":{"rendered":"<p>Vinha do Contador Gran Jurado Tinto 2013 Regi\u00f3n: D\u00e3o Capacidad: 75 cL Variedades de uva: Touriga Nacional, Aragonez, Alfrocheiro Graduaci\u00f3n alcoh\u00f3lica: 14,5% vol. Nota de cata: Aroma elegante, notable persistencia, color granate intenso. Maridaje: Carnes rojas asadas o estofadas y quesos curados. Informaci\u00f3n adicional: Contiene sulfitos.<\/p>\n","protected":false},"featured_media":17970,"template":"","meta":{"_monsterinsights_skip_tracking":false,"_monsterinsights_sitenote_active":false,"_monsterinsights_sitenote_note":"","_monsterinsights_sitenote_category":0},"product_brand":[],"product_cat":[216,209,212,213,249,102],"product_tag":[425],"class_list":{"0":"post-17969","1":"product","2":"type-product","3":"status-publish","4":"has-post-thumbnail","6":"product_cat-dao-es","7":"product_cat-pais-es-2","8":"product_cat-portugal-es-2","9":"product_cat-region-es","10":"product_cat-tinto-es-4","11":"product_cat-vinos","12":"product_tag-destaque_pagina","14":"first","15":"instock","16":"taxable","17":"shipping-taxable","18":"purchasable","19":"product-type-simple"},"aioseo_notices":[],"_links":{"self":[{"href":"https:\/\/pwinecastes.com\/es\/wp-json\/wp\/v2\/product\/17969","targetHints":{"allow":["GET"]}}],"collection":[{"href":"https:\/\/pwinecastes.com\/es\/wp-json\/wp\/v2\/product"}],"about":[{"href":"https:\/\/pwinecastes.com\/es\/wp-json\/wp\/v2\/types\/product"}],"version-history":[{"count":0,"href":"https:\/\/pwinecastes.com\/es\/wp-json\/wp\/v2\/product\/17969\/revisions"}],"wp:featuredmedia":[{"embeddable":true,"href":"https:\/\/pwinecastes.com\/es\/wp-json\/wp\/v2\/media\/17970"}],"wp:attachment":[{"href":"https:\/\/pwinecastes.com\/es\/wp-json\/wp\/v2\/media?parent=17969"}],"wp:term":[{"taxonomy":"product_brand","embeddable":true,"href":"https:\/\/pwinecastes.com\/es\/wp-json\/wp\/v2\/product_brand?post=17969"},{"taxonomy":"product_cat","embeddable":true,"href":"https:\/\/pwinecastes.com\/es\/wp-json\/wp\/v2\/product_cat?post=17969"},{"taxonomy":"product_tag","embeddable":true,"href":"https:\/\/pwinecastes.com\/es\/wp-json\/wp\/v2\/product_tag?post=17969"}],"curies":[{"name":"wp","href":"https:\/\/api.w.org\/{rel}","templated":true}]}}