{"id":17983,"date":"2025-04-26T09:55:44","date_gmt":"2025-04-26T09:55:44","guid":{"rendered":"https:\/\/pwinecastes.com\/?post_type=product&#038;p=17983"},"modified":"2025-04-26T13:21:35","modified_gmt":"2025-04-26T13:21:35","slug":"oporto-quinta-da-pacheca-cosecha-2000","status":"publish","type":"product","link":"https:\/\/pwinecastes.com\/es\/product\/oporto-quinta-da-pacheca-cosecha-2000\/","title":{"rendered":"Quinta Da Pacheca Cosecha 2000"},"content":{"rendered":"<p>Oporto Quinta Da Pacheca Cosecha 2000<\/p>\n<ul>\n<li><strong>Regi\u00f3n: <\/strong>Douro<\/li>\n<li><strong>Capacidad:<\/strong> 75 cL<\/li>\n<li><strong>Variedades de uva: <\/strong>Touriga Nacional y Tinta Roriz<\/li>\n<li><strong>Graduaci\u00f3n alcoh\u00f3lica: <\/strong>19,5%.<\/li>\n<li><strong>Notas de cata: <\/strong>El Oporto Colheita 2000 es el resultado de la vinificaci\u00f3n tradicional de uvas procedentes de distintos vi\u00f1edos viejos del Duero, aut\u00f3ctonos de la regi\u00f3n. Tras la molturaci\u00f3n en la bodega, las uvas se pisan a pie dos veces al d\u00eda hasta la introducci\u00f3n del agua de vino quemada. Envejecido en barricas de roble portugu\u00e9s. Rico aroma a frutos secos, higos secos y caramelo. Color teja claro con toques verdes. Tiene cierta frescura transmitida por la acidez presente, destacando los frutos secos tostados, la miel y el caramelo. Final largo y persistente.      <\/li>\n<li><strong>Maridaje:<\/strong> Queso, postres de huevo o pralin\u00e9 de caramelo y chocolate.<\/li>\n<li><strong>Informaci\u00f3n adicional:<\/strong> Contiene sulfitos.<\/li>\n<\/ul>\n","protected":false},"excerpt":{"rendered":"<p>Oporto Quinta Da Pacheca Cosecha 2000 Regi\u00f3n: Douro Capacidad: 75 cL Variedades de uva: Touriga Nacional y Tinta Roriz Graduaci\u00f3n alcoh\u00f3lica: 19,5%. Notas de cata: El Oporto Colheita 2000 es el resultado de la vinificaci\u00f3n tradicional de uvas procedentes de distintos vi\u00f1edos viejos del Duero, aut\u00f3ctonos de la regi\u00f3n. Tras la molturaci\u00f3n en la bodega, [&hellip;]<\/p>\n","protected":false},"featured_media":17989,"template":"","meta":{"_monsterinsights_skip_tracking":false,"_monsterinsights_sitenote_active":false,"_monsterinsights_sitenote_note":"","_monsterinsights_sitenote_category":0},"product_brand":[],"product_cat":[363,225,361],"product_tag":[],"class_list":{"0":"post-17983","1":"product","2":"type-product","3":"status-publish","4":"has-post-thumbnail","6":"product_cat-cosecha","7":"product_cat-oporto","8":"product_cat-tawny-es","10":"first","11":"instock","12":"taxable","13":"shipping-taxable","14":"purchasable","15":"product-type-simple"},"aioseo_notices":[],"_links":{"self":[{"href":"https:\/\/pwinecastes.com\/es\/wp-json\/wp\/v2\/product\/17983","targetHints":{"allow":["GET"]}}],"collection":[{"href":"https:\/\/pwinecastes.com\/es\/wp-json\/wp\/v2\/product"}],"about":[{"href":"https:\/\/pwinecastes.com\/es\/wp-json\/wp\/v2\/types\/product"}],"version-history":[{"count":0,"href":"https:\/\/pwinecastes.com\/es\/wp-json\/wp\/v2\/product\/17983\/revisions"}],"wp:featuredmedia":[{"embeddable":true,"href":"https:\/\/pwinecastes.com\/es\/wp-json\/wp\/v2\/media\/17989"}],"wp:attachment":[{"href":"https:\/\/pwinecastes.com\/es\/wp-json\/wp\/v2\/media?parent=17983"}],"wp:term":[{"taxonomy":"product_brand","embeddable":true,"href":"https:\/\/pwinecastes.com\/es\/wp-json\/wp\/v2\/product_brand?post=17983"},{"taxonomy":"product_cat","embeddable":true,"href":"https:\/\/pwinecastes.com\/es\/wp-json\/wp\/v2\/product_cat?post=17983"},{"taxonomy":"product_tag","embeddable":true,"href":"https:\/\/pwinecastes.com\/es\/wp-json\/wp\/v2\/product_tag?post=17983"}],"curies":[{"name":"wp","href":"https:\/\/api.w.org\/{rel}","templated":true}]}}