{"id":18001,"date":"2025-04-26T13:46:55","date_gmt":"2025-04-26T13:46:55","guid":{"rendered":"https:\/\/pwinecastes.com\/?post_type=product&#038;p=18001"},"modified":"2025-04-26T14:47:20","modified_gmt":"2025-04-26T14:47:20","slug":"barao-de-vilar-cosecha-1990","status":"publish","type":"product","link":"https:\/\/pwinecastes.com\/es\/product\/barao-de-vilar-cosecha-1990\/","title":{"rendered":"Bar\u00e3o De Vilar Cosecha 1990"},"content":{"rendered":"<p class=\"product_title entry-title\">Oporto Bar\u00e3o De Vilar Cosecha 1990<\/p>\n<ul>\n<li><strong>Regi\u00f3n: <\/strong>Duero, Portugal.<\/li>\n<li><strong>Capacidad:<\/strong> 75 cL<\/li>\n<li><strong>Variedades de uva: <\/strong>Tinta Barroca, Tinta Roriz, Tinto C\u00e3o, Touriga Franca, Touriga Nacional.<\/li>\n<li><strong>Graduaci\u00f3n alcoh\u00f3lica: <\/strong>20% Vol.<\/li>\n<li><strong>Nota de cata: <\/strong>Color oscuro que pasa a rojo hacia los bordes de la copa. Toques de madera ahumada y fruta negra. Refrescante en la punta de la lengua. Un poco de acidez. Sultanas, caramelo y un poco de vainilla. Retrogusto fuerte y largo con muchos taninos.      Cont\u00e9m sulfitos. Contiene sulfitos.<\/li>\n<li><strong>Armonizaci\u00f3n: <\/strong>Postres.<\/li>\n<li><strong>Informaci\u00f3n adicional:<\/strong> Contiene sulfitos.<\/li>\n<\/ul>\n","protected":false},"excerpt":{"rendered":"<p>Oporto Bar\u00e3o De Vilar Cosecha 1990 Regi\u00f3n: Duero, Portugal. Capacidad: 75 cL Variedades de uva: Tinta Barroca, Tinta Roriz, Tinto C\u00e3o, Touriga Franca, Touriga Nacional. Graduaci\u00f3n alcoh\u00f3lica: 20% Vol. Nota de cata: Color oscuro que pasa a rojo hacia los bordes de la copa. Toques de madera ahumada y fruta negra. Refrescante en la punta [&hellip;]<\/p>\n","protected":false},"featured_media":18007,"template":"","meta":{"_monsterinsights_skip_tracking":false,"_monsterinsights_sitenote_active":false,"_monsterinsights_sitenote_note":"","_monsterinsights_sitenote_category":0},"product_brand":[],"product_cat":[363,225,361],"product_tag":[],"class_list":{"0":"post-18001","1":"product","2":"type-product","3":"status-publish","4":"has-post-thumbnail","6":"product_cat-cosecha","7":"product_cat-oporto","8":"product_cat-tawny-es","10":"first","11":"instock","12":"taxable","13":"shipping-taxable","14":"purchasable","15":"product-type-simple"},"aioseo_notices":[],"_links":{"self":[{"href":"https:\/\/pwinecastes.com\/es\/wp-json\/wp\/v2\/product\/18001","targetHints":{"allow":["GET"]}}],"collection":[{"href":"https:\/\/pwinecastes.com\/es\/wp-json\/wp\/v2\/product"}],"about":[{"href":"https:\/\/pwinecastes.com\/es\/wp-json\/wp\/v2\/types\/product"}],"version-history":[{"count":0,"href":"https:\/\/pwinecastes.com\/es\/wp-json\/wp\/v2\/product\/18001\/revisions"}],"wp:featuredmedia":[{"embeddable":true,"href":"https:\/\/pwinecastes.com\/es\/wp-json\/wp\/v2\/media\/18007"}],"wp:attachment":[{"href":"https:\/\/pwinecastes.com\/es\/wp-json\/wp\/v2\/media?parent=18001"}],"wp:term":[{"taxonomy":"product_brand","embeddable":true,"href":"https:\/\/pwinecastes.com\/es\/wp-json\/wp\/v2\/product_brand?post=18001"},{"taxonomy":"product_cat","embeddable":true,"href":"https:\/\/pwinecastes.com\/es\/wp-json\/wp\/v2\/product_cat?post=18001"},{"taxonomy":"product_tag","embeddable":true,"href":"https:\/\/pwinecastes.com\/es\/wp-json\/wp\/v2\/product_tag?post=18001"}],"curies":[{"name":"wp","href":"https:\/\/api.w.org\/{rel}","templated":true}]}}