{"id":18018,"date":"2025-04-26T14:00:06","date_gmt":"2025-04-26T14:00:06","guid":{"rendered":"https:\/\/pwinecastes.com\/?post_type=product&#038;p=18018"},"modified":"2025-04-26T14:46:59","modified_gmt":"2025-04-26T14:46:59","slug":"barao-de-vilar-cosecha-1982","status":"publish","type":"product","link":"https:\/\/pwinecastes.com\/es\/product\/barao-de-vilar-cosecha-1982\/","title":{"rendered":"Bar\u00e3o de Vilar Cosecha 1982"},"content":{"rendered":"<p class=\"product_title entry-title wd-entities-title\">Oporto Bar\u00e3o de Vilar Cosecha 1982<\/p>\n<ul>\n<li><strong>Regi\u00f3n: <\/strong>Douro<\/li>\n<li><strong>Capacidad:<\/strong> 75 cL<\/li>\n<li><strong>Variedades de uva: <\/strong>Touriga Nacional, Touriga Franca, Tinta Roriz, Tinta Barroca, Tinto C\u00e3o<\/li>\n<li><strong>Graduaci\u00f3n alcoh\u00f3lica: <\/strong>20%.<\/li>\n<li><strong>Nota de cata:<\/strong> Color oscuro que pasa a rojo hacia los bordes de la copa. Toques de madera ahumada y fruta oscura. Buena l\u00e1grima en la copa. Refrescante en la punta de la lengua. Un poco de acidez. Pasas sultanas, caramelo y un poco de vainilla.      Cont\u00e9m sulfitos. Contiene sulfitos.<\/li>\n<li><strong>Maridaje: <\/strong>Postres dulces.<\/li>\n<li><strong>Informaci\u00f3n adicional:<\/strong> Contiene sulfitos.<\/li>\n<\/ul>\n","protected":false},"excerpt":{"rendered":"<p>Oporto Bar\u00e3o de Vilar Cosecha 1982 Regi\u00f3n: Douro Capacidad: 75 cL Variedades de uva: Touriga Nacional, Touriga Franca, Tinta Roriz, Tinta Barroca, Tinto C\u00e3o Graduaci\u00f3n alcoh\u00f3lica: 20%. Nota de cata: Color oscuro que pasa a rojo hacia los bordes de la copa. Toques de madera ahumada y fruta oscura. Buena l\u00e1grima en la copa. Refrescante [&hellip;]<\/p>\n","protected":false},"featured_media":18024,"template":"","meta":{"_monsterinsights_skip_tracking":false,"_monsterinsights_sitenote_active":false,"_monsterinsights_sitenote_note":"","_monsterinsights_sitenote_category":0},"product_brand":[],"product_cat":[363,225,361],"product_tag":[],"class_list":{"0":"post-18018","1":"product","2":"type-product","3":"status-publish","4":"has-post-thumbnail","6":"product_cat-cosecha","7":"product_cat-oporto","8":"product_cat-tawny-es","10":"first","11":"instock","12":"taxable","13":"shipping-taxable","14":"purchasable","15":"product-type-simple"},"aioseo_notices":[],"_links":{"self":[{"href":"https:\/\/pwinecastes.com\/es\/wp-json\/wp\/v2\/product\/18018","targetHints":{"allow":["GET"]}}],"collection":[{"href":"https:\/\/pwinecastes.com\/es\/wp-json\/wp\/v2\/product"}],"about":[{"href":"https:\/\/pwinecastes.com\/es\/wp-json\/wp\/v2\/types\/product"}],"version-history":[{"count":0,"href":"https:\/\/pwinecastes.com\/es\/wp-json\/wp\/v2\/product\/18018\/revisions"}],"wp:featuredmedia":[{"embeddable":true,"href":"https:\/\/pwinecastes.com\/es\/wp-json\/wp\/v2\/media\/18024"}],"wp:attachment":[{"href":"https:\/\/pwinecastes.com\/es\/wp-json\/wp\/v2\/media?parent=18018"}],"wp:term":[{"taxonomy":"product_brand","embeddable":true,"href":"https:\/\/pwinecastes.com\/es\/wp-json\/wp\/v2\/product_brand?post=18018"},{"taxonomy":"product_cat","embeddable":true,"href":"https:\/\/pwinecastes.com\/es\/wp-json\/wp\/v2\/product_cat?post=18018"},{"taxonomy":"product_tag","embeddable":true,"href":"https:\/\/pwinecastes.com\/es\/wp-json\/wp\/v2\/product_tag?post=18018"}],"curies":[{"name":"wp","href":"https:\/\/api.w.org\/{rel}","templated":true}]}}