{"id":18092,"date":"2025-04-30T17:01:11","date_gmt":"2025-04-30T17:01:11","guid":{"rendered":"https:\/\/pwinecastes.com\/product\/quinta-de-lemos-alfrocheiro-tinto-2016\/"},"modified":"2025-04-30T17:01:11","modified_gmt":"2025-04-30T17:01:11","slug":"quinta-de-lemos-alfrocheiro-tinto-2016","status":"publish","type":"product","link":"https:\/\/pwinecastes.com\/es\/product\/quinta-de-lemos-alfrocheiro-tinto-2016\/","title":{"rendered":"Quinta de Lemos Alfrocheiro Tinto 2016"},"content":{"rendered":"<p>Quinta de Lemos Alfrocheiro Tinto 2016<\/p>\n<ul>\n<li><strong>Regi\u00f3n: <\/strong>D\u00e3o<\/li>\n<li><strong>Capacidad:<\/strong> 75 cL<\/li>\n<li><strong>Variedades de uva: <\/strong>100% Alfrocheiro<\/li>\n<li><strong>Graduaci\u00f3n alcoh\u00f3lica: <\/strong>14,5%<\/li>\n<li><strong>Nota de cata:<\/strong> Aroma fino y elegante de flores de manzanilla y margarita, fruta roja fresca. Muy elegante en boca, con buen equilibrio y un final pulido. <\/li>\n<li><strong>Informaci\u00f3n adicional:<\/strong> Contiene sulfitos.<\/li>\n<\/ul>\n","protected":false},"excerpt":{"rendered":"<p>Quinta de Lemos Alfrocheiro Tinto 2016 Regi\u00f3n: D\u00e3o Capacidad: 75 cL Variedades de uva: 100% Alfrocheiro Graduaci\u00f3n alcoh\u00f3lica: 14,5% Nota de cata: Aroma fino y elegante de flores de manzanilla y margarita, fruta roja fresca. Muy elegante en boca, con buen equilibrio y un final pulido. Informaci\u00f3n adicional: Contiene sulfitos.<\/p>\n","protected":false},"featured_media":18095,"template":"","meta":{"_monsterinsights_skip_tracking":false,"_monsterinsights_sitenote_active":false,"_monsterinsights_sitenote_note":"","_monsterinsights_sitenote_category":0},"product_brand":[],"product_cat":[216,209,212,213,249,102],"product_tag":[],"class_list":{"0":"post-18092","1":"product","2":"type-product","3":"status-publish","4":"has-post-thumbnail","6":"product_cat-dao-es","7":"product_cat-pais-es-2","8":"product_cat-portugal-es-2","9":"product_cat-region-es","10":"product_cat-tinto-es-4","11":"product_cat-vinos","13":"first","14":"instock","15":"taxable","16":"shipping-taxable","17":"purchasable","18":"product-type-simple"},"aioseo_notices":[],"_links":{"self":[{"href":"https:\/\/pwinecastes.com\/es\/wp-json\/wp\/v2\/product\/18092","targetHints":{"allow":["GET"]}}],"collection":[{"href":"https:\/\/pwinecastes.com\/es\/wp-json\/wp\/v2\/product"}],"about":[{"href":"https:\/\/pwinecastes.com\/es\/wp-json\/wp\/v2\/types\/product"}],"version-history":[{"count":0,"href":"https:\/\/pwinecastes.com\/es\/wp-json\/wp\/v2\/product\/18092\/revisions"}],"wp:featuredmedia":[{"embeddable":true,"href":"https:\/\/pwinecastes.com\/es\/wp-json\/wp\/v2\/media\/18095"}],"wp:attachment":[{"href":"https:\/\/pwinecastes.com\/es\/wp-json\/wp\/v2\/media?parent=18092"}],"wp:term":[{"taxonomy":"product_brand","embeddable":true,"href":"https:\/\/pwinecastes.com\/es\/wp-json\/wp\/v2\/product_brand?post=18092"},{"taxonomy":"product_cat","embeddable":true,"href":"https:\/\/pwinecastes.com\/es\/wp-json\/wp\/v2\/product_cat?post=18092"},{"taxonomy":"product_tag","embeddable":true,"href":"https:\/\/pwinecastes.com\/es\/wp-json\/wp\/v2\/product_tag?post=18092"}],"curies":[{"name":"wp","href":"https:\/\/api.w.org\/{rel}","templated":true}]}}