{"id":18127,"date":"2025-05-02T13:30:34","date_gmt":"2025-05-02T13:30:34","guid":{"rendered":"https:\/\/pwinecastes.com\/product\/pessegueiro-reserva-blanco-2021\/"},"modified":"2025-05-02T13:30:34","modified_gmt":"2025-05-02T13:30:34","slug":"pessegueiro-reserva-blanco-2021","status":"publish","type":"product","link":"https:\/\/pwinecastes.com\/es\/product\/pessegueiro-reserva-blanco-2021\/","title":{"rendered":"Pessegueiro Reserva Blanco 2021"},"content":{"rendered":"<p>Pessegueiro Reserva Blanco 2021<\/p>\n<ul>\n<li><strong>Regi\u00f3n: <\/strong>Douro<\/li>\n<li><strong>Capacidad:<\/strong> 75 cL<\/li>\n<li><strong>Variedades de uva: <\/strong>Rabigato, Folgaz\u00e3o<\/li>\n<li><strong>Graduaci\u00f3n alcoh\u00f3lica: <\/strong>12,5% vol.<\/li>\n<li><strong>Nota de cata<\/strong>: Amarillo brillante, fresco en nariz, con notas alimonadas y florales. En boca est\u00e1 magn\u00edficamente equilibrado, la madera le aporta una grasa y una untuosidad incre\u00edbles. Un vino muy persistente y completo.  <\/li>\n<li><strong>Informaci\u00f3n adicional:<\/strong> Contiene sulfitos.<\/li>\n<\/ul>\n","protected":false},"excerpt":{"rendered":"<p>Pessegueiro Reserva Blanco 2021 Regi\u00f3n: Douro Capacidad: 75 cL Variedades de uva: Rabigato, Folgaz\u00e3o Graduaci\u00f3n alcoh\u00f3lica: 12,5% vol. Nota de cata: Amarillo brillante, fresco en nariz, con notas alimonadas y florales. En boca est\u00e1 magn\u00edficamente equilibrado, la madera le aporta una grasa y una untuosidad incre\u00edbles. Un vino muy persistente y completo. Informaci\u00f3n adicional: Contiene [&hellip;]<\/p>\n","protected":false},"featured_media":18124,"template":"","meta":{"_monsterinsights_skip_tracking":false,"_monsterinsights_sitenote_active":false,"_monsterinsights_sitenote_note":"","_monsterinsights_sitenote_category":0},"product_brand":[],"product_cat":[261,217,209,212,213,102],"product_tag":[],"class_list":{"0":"post-18127","1":"product","2":"type-product","3":"status-publish","4":"has-post-thumbnail","6":"product_cat-blanco-es-4","7":"product_cat-douro-es","8":"product_cat-pais-es-2","9":"product_cat-portugal-es-2","10":"product_cat-region-es","11":"product_cat-vinos","13":"first","14":"instock","15":"taxable","16":"shipping-taxable","17":"purchasable","18":"product-type-simple"},"aioseo_notices":[],"_links":{"self":[{"href":"https:\/\/pwinecastes.com\/es\/wp-json\/wp\/v2\/product\/18127","targetHints":{"allow":["GET"]}}],"collection":[{"href":"https:\/\/pwinecastes.com\/es\/wp-json\/wp\/v2\/product"}],"about":[{"href":"https:\/\/pwinecastes.com\/es\/wp-json\/wp\/v2\/types\/product"}],"version-history":[{"count":0,"href":"https:\/\/pwinecastes.com\/es\/wp-json\/wp\/v2\/product\/18127\/revisions"}],"wp:featuredmedia":[{"embeddable":true,"href":"https:\/\/pwinecastes.com\/es\/wp-json\/wp\/v2\/media\/18124"}],"wp:attachment":[{"href":"https:\/\/pwinecastes.com\/es\/wp-json\/wp\/v2\/media?parent=18127"}],"wp:term":[{"taxonomy":"product_brand","embeddable":true,"href":"https:\/\/pwinecastes.com\/es\/wp-json\/wp\/v2\/product_brand?post=18127"},{"taxonomy":"product_cat","embeddable":true,"href":"https:\/\/pwinecastes.com\/es\/wp-json\/wp\/v2\/product_cat?post=18127"},{"taxonomy":"product_tag","embeddable":true,"href":"https:\/\/pwinecastes.com\/es\/wp-json\/wp\/v2\/product_tag?post=18127"}],"curies":[{"name":"wp","href":"https:\/\/api.w.org\/{rel}","templated":true}]}}