{"id":18135,"date":"2025-05-02T14:48:28","date_gmt":"2025-05-02T14:48:28","guid":{"rendered":"https:\/\/pwinecastes.com\/product\/100-hectareas-grande-reserva-tinto-2019\/"},"modified":"2025-05-02T14:48:28","modified_gmt":"2025-05-02T14:48:28","slug":"100-hectareas-grande-reserva-tinto-2019","status":"publish","type":"product","link":"https:\/\/pwinecastes.com\/es\/product\/100-hectareas-grande-reserva-tinto-2019\/","title":{"rendered":"100 Hect\u00e1reas Grande Reserva Tinto 2019"},"content":{"rendered":"<p>100 Hect\u00e1reas Grande Reserva Tinto 2019<\/p>\n<ul>\n<li><strong>Regi\u00f3n: <\/strong>Douro.<\/li>\n<li><strong>Capacidad:<\/strong> 75 cL<\/li>\n<li><strong>Variedades de uva: <\/strong>Touriga Nacional, Sous\u00e3o, Tinto C\u00e3o, Touriga Franca, Tinta Roriz<\/li>\n<li><strong>Graduaci\u00f3n alcoh\u00f3lica: <\/strong>15,5% vol.<\/li>\n<li><strong>Nota de cata: <\/strong>Aroma encantador e inmediatamente seductor, con fruta negra, maderas ex\u00f3ticas, especias dulces, cacao tostado. Cremoso, con textura, profundo, con taninos finos, acidez perfecta, un final austero y largo, un Duero en nariz. <\/li>\n<li><strong>Maridaje: <\/strong>Carne roja asada, ligeramente caramelizada, o con mermelada de frutos negros. Queso \u00abAzeit\u00e3o\u00bb portugu\u00e9s o un \u00abRoquefort\u00bb tradicional. <\/li>\n<li><strong>Informaci\u00f3n adicional:<\/strong> Contiene sulfitos.<\/li>\n<\/ul>\n","protected":false},"excerpt":{"rendered":"<p>100 Hect\u00e1reas Grande Reserva Tinto 2019 Regi\u00f3n: Douro. Capacidad: 75 cL Variedades de uva: Touriga Nacional, Sous\u00e3o, Tinto C\u00e3o, Touriga Franca, Tinta Roriz Graduaci\u00f3n alcoh\u00f3lica: 15,5% vol. Nota de cata: Aroma encantador e inmediatamente seductor, con fruta negra, maderas ex\u00f3ticas, especias dulces, cacao tostado. Cremoso, con textura, profundo, con taninos finos, acidez perfecta, un final [&hellip;]<\/p>\n","protected":false},"featured_media":18138,"template":"","meta":{"_monsterinsights_skip_tracking":false,"_monsterinsights_sitenote_active":false,"_monsterinsights_sitenote_note":"","_monsterinsights_sitenote_category":0},"product_brand":[],"product_cat":[217,209,212,213,262,102],"product_tag":[],"class_list":{"0":"post-18135","1":"product","2":"type-product","3":"status-publish","4":"has-post-thumbnail","6":"product_cat-douro-es","7":"product_cat-pais-es-2","8":"product_cat-portugal-es-2","9":"product_cat-region-es","10":"product_cat-tinto-es-5","11":"product_cat-vinos","13":"first","14":"outofstock","15":"taxable","16":"shipping-taxable","17":"purchasable","18":"product-type-simple"},"aioseo_notices":[],"_links":{"self":[{"href":"https:\/\/pwinecastes.com\/es\/wp-json\/wp\/v2\/product\/18135","targetHints":{"allow":["GET"]}}],"collection":[{"href":"https:\/\/pwinecastes.com\/es\/wp-json\/wp\/v2\/product"}],"about":[{"href":"https:\/\/pwinecastes.com\/es\/wp-json\/wp\/v2\/types\/product"}],"version-history":[{"count":0,"href":"https:\/\/pwinecastes.com\/es\/wp-json\/wp\/v2\/product\/18135\/revisions"}],"wp:featuredmedia":[{"embeddable":true,"href":"https:\/\/pwinecastes.com\/es\/wp-json\/wp\/v2\/media\/18138"}],"wp:attachment":[{"href":"https:\/\/pwinecastes.com\/es\/wp-json\/wp\/v2\/media?parent=18135"}],"wp:term":[{"taxonomy":"product_brand","embeddable":true,"href":"https:\/\/pwinecastes.com\/es\/wp-json\/wp\/v2\/product_brand?post=18135"},{"taxonomy":"product_cat","embeddable":true,"href":"https:\/\/pwinecastes.com\/es\/wp-json\/wp\/v2\/product_cat?post=18135"},{"taxonomy":"product_tag","embeddable":true,"href":"https:\/\/pwinecastes.com\/es\/wp-json\/wp\/v2\/product_tag?post=18135"}],"curies":[{"name":"wp","href":"https:\/\/api.w.org\/{rel}","templated":true}]}}