{"id":18177,"date":"2025-05-06T15:38:43","date_gmt":"2025-05-06T15:38:43","guid":{"rendered":"https:\/\/pwinecastes.com\/product\/castello-dalba-edicion-limitada-rojo-2020\/"},"modified":"2025-06-27T17:32:59","modified_gmt":"2025-06-27T17:32:59","slug":"castello-dalba-edicion-limitada-rojo-2020","status":"publish","type":"product","link":"https:\/\/pwinecastes.com\/es\/product\/castello-dalba-edicion-limitada-rojo-2020\/","title":{"rendered":"Castello D&#8217;Alba Edici\u00f3n Limitada Rojo 2020"},"content":{"rendered":"<p>Castello D&#8217;Alba Edici\u00f3n Limitada Rojo 2020<\/p>\n<ul>\n<li><strong>Regi\u00f3n: <\/strong>Douro.<\/li>\n<li><strong>Capacidad:<\/strong> 75 cL<\/li>\n<li><strong>Variedades de uva:<\/strong>Touriga Nacional, Touriga Franca, Tinta Roriz \/ Temperanillo, Tinta Francisca, Sous\u00e3o<\/li>\n<li><strong>Graduaci\u00f3n alcoh\u00f3lica: <\/strong>14,5% vol.<\/li>\n<li><strong>Nota de cata: <\/strong>Aroma complejo y muy concentrado, con frutas negras del bosque, toques de regaliz, especias, violetas, bergamota, jara&#8230; en equilibrio con notas de barrica francesa muy elegantes. Largo y envolvente, se siente la fruta al final de la boca, taninos firmes muy maduros y suaves, fresco y muy elegante, que sugiere un excelente envejecimiento en botella. <\/li>\n<li><strong>Maridaje: <\/strong>Platos de carne y caza, quesos curados o simplemente con un puro.<\/li>\n<li><strong>Informaci\u00f3n adicional:<\/strong> Contiene sulfitos. Envejecido durante 12 meses en barricas de roble franc\u00e9s, 2\/3 nuevas, 1\/3 de segundo vino.<\/li>\n<\/ul>\n","protected":false},"excerpt":{"rendered":"<p>Castello D&#8217;Alba Edici\u00f3n Limitada Rojo 2020 Regi\u00f3n: Douro. Capacidad: 75 cL Variedades de uva:Touriga Nacional, Touriga Franca, Tinta Roriz \/ Temperanillo, Tinta Francisca, Sous\u00e3o Graduaci\u00f3n alcoh\u00f3lica: 14,5% vol. Nota de cata: Aroma complejo y muy concentrado, con frutas negras del bosque, toques de regaliz, especias, violetas, bergamota, jara&#8230; en equilibrio con notas de barrica francesa [&hellip;]<\/p>\n","protected":false},"featured_media":18188,"template":"","meta":{"_monsterinsights_skip_tracking":false,"_monsterinsights_sitenote_active":false,"_monsterinsights_sitenote_note":"","_monsterinsights_sitenote_category":0},"product_brand":[],"product_cat":[217,209,212,213,262,102],"product_tag":[],"class_list":{"0":"post-18177","1":"product","2":"type-product","3":"status-publish","4":"has-post-thumbnail","6":"product_cat-douro-es","7":"product_cat-pais-es-2","8":"product_cat-portugal-es-2","9":"product_cat-region-es","10":"product_cat-tinto-es-5","11":"product_cat-vinos","13":"first","14":"instock","15":"taxable","16":"shipping-taxable","17":"purchasable","18":"product-type-simple"},"aioseo_notices":[],"_links":{"self":[{"href":"https:\/\/pwinecastes.com\/es\/wp-json\/wp\/v2\/product\/18177","targetHints":{"allow":["GET"]}}],"collection":[{"href":"https:\/\/pwinecastes.com\/es\/wp-json\/wp\/v2\/product"}],"about":[{"href":"https:\/\/pwinecastes.com\/es\/wp-json\/wp\/v2\/types\/product"}],"version-history":[{"count":0,"href":"https:\/\/pwinecastes.com\/es\/wp-json\/wp\/v2\/product\/18177\/revisions"}],"wp:featuredmedia":[{"embeddable":true,"href":"https:\/\/pwinecastes.com\/es\/wp-json\/wp\/v2\/media\/18188"}],"wp:attachment":[{"href":"https:\/\/pwinecastes.com\/es\/wp-json\/wp\/v2\/media?parent=18177"}],"wp:term":[{"taxonomy":"product_brand","embeddable":true,"href":"https:\/\/pwinecastes.com\/es\/wp-json\/wp\/v2\/product_brand?post=18177"},{"taxonomy":"product_cat","embeddable":true,"href":"https:\/\/pwinecastes.com\/es\/wp-json\/wp\/v2\/product_cat?post=18177"},{"taxonomy":"product_tag","embeddable":true,"href":"https:\/\/pwinecastes.com\/es\/wp-json\/wp\/v2\/product_tag?post=18177"}],"curies":[{"name":"wp","href":"https:\/\/api.w.org\/{rel}","templated":true}]}}