{"id":18209,"date":"2025-05-08T17:14:39","date_gmt":"2025-05-08T17:14:39","guid":{"rendered":"https:\/\/pwinecastes.com\/product\/beyra-rojo-superior-2016\/"},"modified":"2025-05-08T17:14:39","modified_gmt":"2025-05-08T17:14:39","slug":"beyra-rojo-superior-2016","status":"publish","type":"product","link":"https:\/\/pwinecastes.com\/es\/product\/beyra-rojo-superior-2016\/","title":{"rendered":"Beyra Rojo Superior 2016"},"content":{"rendered":"<p>Beyra Rojo Superior 2016<\/p>\n<ul>\n<li><strong>Regi\u00f3n: <\/strong>Beira Interior<\/li>\n<li><strong>Capacidad:<\/strong> 75 cL<\/li>\n<li><strong><strong>Variedades: <\/strong><\/strong>Mezcla de una selecci\u00f3n de uvas en varias parcelas de vi\u00f1edo, de las variedades Tinta Roriz (Tempranillo), Ja\u00e9n (Menc\u00eda), Touriga Nacional y un peque\u00f1o porcentaje de vi\u00f1as viejas con suelos de esquisto de Rufete.<\/li>\n<li><strong>Graduaci\u00f3n alcoh\u00f3lica: <\/strong>13,5% vol.<\/li>\n<li><strong>Nota de cata<\/strong>: Aroma muy complejo con una armoniosa combinaci\u00f3n de notas de barrica que a\u00f1aden complejidad a las especias, frutos negros, regaliz y violetas en una mezcla que promete mejorar en botella a\u00f1o tras a\u00f1o. Complejidad, aroma muy concentrado, vigoroso y estructurado en boca con una textura espesa. <\/li>\n<li><strong>Informaci\u00f3n adicional:<\/strong> Contiene sulfitos.<\/li>\n<\/ul>\n","protected":false},"excerpt":{"rendered":"<p>Beyra Rojo Superior 2016 Regi\u00f3n: Beira Interior Capacidad: 75 cL Variedades: Mezcla de una selecci\u00f3n de uvas en varias parcelas de vi\u00f1edo, de las variedades Tinta Roriz (Tempranillo), Ja\u00e9n (Menc\u00eda), Touriga Nacional y un peque\u00f1o porcentaje de vi\u00f1as viejas con suelos de esquisto de Rufete. Graduaci\u00f3n alcoh\u00f3lica: 13,5% vol. Nota de cata: Aroma muy complejo [&hellip;]<\/p>\n","protected":false},"featured_media":18212,"template":"","meta":{"_monsterinsights_skip_tracking":false,"_monsterinsights_sitenote_active":false,"_monsterinsights_sitenote_note":"","_monsterinsights_sitenote_category":0},"product_brand":[],"product_cat":[217,209,212,262,102],"product_tag":[],"class_list":{"0":"post-18209","1":"product","2":"type-product","3":"status-publish","4":"has-post-thumbnail","6":"product_cat-douro-es","7":"product_cat-pais-es-2","8":"product_cat-portugal-es-2","9":"product_cat-tinto-es-5","10":"product_cat-vinos","12":"first","13":"instock","14":"taxable","15":"shipping-taxable","16":"purchasable","17":"product-type-simple"},"aioseo_notices":[],"_links":{"self":[{"href":"https:\/\/pwinecastes.com\/es\/wp-json\/wp\/v2\/product\/18209","targetHints":{"allow":["GET"]}}],"collection":[{"href":"https:\/\/pwinecastes.com\/es\/wp-json\/wp\/v2\/product"}],"about":[{"href":"https:\/\/pwinecastes.com\/es\/wp-json\/wp\/v2\/types\/product"}],"version-history":[{"count":0,"href":"https:\/\/pwinecastes.com\/es\/wp-json\/wp\/v2\/product\/18209\/revisions"}],"wp:featuredmedia":[{"embeddable":true,"href":"https:\/\/pwinecastes.com\/es\/wp-json\/wp\/v2\/media\/18212"}],"wp:attachment":[{"href":"https:\/\/pwinecastes.com\/es\/wp-json\/wp\/v2\/media?parent=18209"}],"wp:term":[{"taxonomy":"product_brand","embeddable":true,"href":"https:\/\/pwinecastes.com\/es\/wp-json\/wp\/v2\/product_brand?post=18209"},{"taxonomy":"product_cat","embeddable":true,"href":"https:\/\/pwinecastes.com\/es\/wp-json\/wp\/v2\/product_cat?post=18209"},{"taxonomy":"product_tag","embeddable":true,"href":"https:\/\/pwinecastes.com\/es\/wp-json\/wp\/v2\/product_tag?post=18209"}],"curies":[{"name":"wp","href":"https:\/\/api.w.org\/{rel}","templated":true}]}}