{"id":18220,"date":"2025-05-08T17:28:30","date_gmt":"2025-05-08T17:28:30","guid":{"rendered":"https:\/\/pwinecastes.com\/product\/quinta-de-lemos-touriga-do-bosque-2015\/"},"modified":"2025-05-08T17:28:30","modified_gmt":"2025-05-08T17:28:30","slug":"quinta-de-lemos-touriga-do-bosque-2015","status":"publish","type":"product","link":"https:\/\/pwinecastes.com\/es\/product\/quinta-de-lemos-touriga-do-bosque-2015\/","title":{"rendered":"Quinta de Lemos Touriga do Bosque 2015"},"content":{"rendered":"<p>Quinta de Lemos Touriga do Bosque 2015<\/p>\n<ul>\n<li><strong>Regi\u00f3n: <\/strong>D\u00e3o<\/li>\n<li><strong>Capacidad:<\/strong> 75 cL<\/li>\n<li><strong>Cepas<\/strong>Touriga Nacional<\/li>\n<li><strong>Graduaci\u00f3n alcoh\u00f3lica: <\/strong>14,5% vol.<\/li>\n<li><strong>Nota de cata<\/strong>: Nariz floral intensa y fruta madura, destacando la bergamota y las violetas de gran pureza. En boca es pleno y vigoroso, equilibrado y con gran profundidad. <\/li>\n<li><strong>Informaci\u00f3n adicional:<\/strong> Contiene sulfitos. Variedad de uva aut\u00f3ctona portuguesa de la regi\u00f3n de D\u00e3o. Esta variedad de gran potencial enol\u00f3gico y tama\u00f1o rotundo se gestiona dentro de un programa de protecci\u00f3n integrada, sin aplicar herbicidas. Las uvas se vendimian a mano cuando alcanzan el punto \u00f3ptimo de maduraci\u00f3n, entre la segunda quincena de septiembre y la primera de octubre. La vendimia se realiza en peque\u00f1as cajas de 10 kg. Los vinos se obtienen tras una fermentaci\u00f3n a temperatura controlada para conservar toda la elegancia arom\u00e1tica, en cubas de madera y dep\u00f3sitos de acero inoxidable durante 20 d\u00edas. El vino se somete a la fermentaci\u00f3n malol\u00e1ctica en barricas de roble franc\u00e9s y luego se envejece durante 18 meses para maximizar su estructura y complejidad. Producci\u00f3n: 30.240 botellas      <\/li>\n<\/ul>\n","protected":false},"excerpt":{"rendered":"<p>Quinta de Lemos Touriga do Bosque 2015 Regi\u00f3n: D\u00e3o Capacidad: 75 cL CepasTouriga Nacional Graduaci\u00f3n alcoh\u00f3lica: 14,5% vol. Nota de cata: Nariz floral intensa y fruta madura, destacando la bergamota y las violetas de gran pureza. En boca es pleno y vigoroso, equilibrado y con gran profundidad. Informaci\u00f3n adicional: Contiene sulfitos. Variedad de uva aut\u00f3ctona [&hellip;]<\/p>\n","protected":false},"featured_media":18223,"template":"","meta":{"_monsterinsights_skip_tracking":false,"_monsterinsights_sitenote_active":false,"_monsterinsights_sitenote_note":"","_monsterinsights_sitenote_category":0},"product_brand":[],"product_cat":[216,209,212,213,249,102],"product_tag":[],"class_list":{"0":"post-18220","1":"product","2":"type-product","3":"status-publish","4":"has-post-thumbnail","6":"product_cat-dao-es","7":"product_cat-pais-es-2","8":"product_cat-portugal-es-2","9":"product_cat-region-es","10":"product_cat-tinto-es-4","11":"product_cat-vinos","13":"first","14":"instock","15":"taxable","16":"shipping-taxable","17":"purchasable","18":"product-type-simple"},"aioseo_notices":[],"_links":{"self":[{"href":"https:\/\/pwinecastes.com\/es\/wp-json\/wp\/v2\/product\/18220","targetHints":{"allow":["GET"]}}],"collection":[{"href":"https:\/\/pwinecastes.com\/es\/wp-json\/wp\/v2\/product"}],"about":[{"href":"https:\/\/pwinecastes.com\/es\/wp-json\/wp\/v2\/types\/product"}],"version-history":[{"count":0,"href":"https:\/\/pwinecastes.com\/es\/wp-json\/wp\/v2\/product\/18220\/revisions"}],"wp:featuredmedia":[{"embeddable":true,"href":"https:\/\/pwinecastes.com\/es\/wp-json\/wp\/v2\/media\/18223"}],"wp:attachment":[{"href":"https:\/\/pwinecastes.com\/es\/wp-json\/wp\/v2\/media?parent=18220"}],"wp:term":[{"taxonomy":"product_brand","embeddable":true,"href":"https:\/\/pwinecastes.com\/es\/wp-json\/wp\/v2\/product_brand?post=18220"},{"taxonomy":"product_cat","embeddable":true,"href":"https:\/\/pwinecastes.com\/es\/wp-json\/wp\/v2\/product_cat?post=18220"},{"taxonomy":"product_tag","embeddable":true,"href":"https:\/\/pwinecastes.com\/es\/wp-json\/wp\/v2\/product_tag?post=18220"}],"curies":[{"name":"wp","href":"https:\/\/api.w.org\/{rel}","templated":true}]}}