{"id":18257,"date":"2025-05-10T09:28:49","date_gmt":"2025-05-10T09:28:49","guid":{"rendered":"https:\/\/pwinecastes.com\/?post_type=product&#038;p=18257"},"modified":"2025-05-10T09:28:49","modified_gmt":"2025-05-10T09:28:49","slug":"barros-cosecha-1999","status":"publish","type":"product","link":"https:\/\/pwinecastes.com\/es\/product\/barros-cosecha-1999\/","title":{"rendered":"Barros Cosecha 1999"},"content":{"rendered":"<p>Vino de Oporto Barros Colheita 1999<\/p>\n<ul>\n<li><strong>Regi\u00f3n: <\/strong>Portugal<\/li>\n<li><strong>Capacidad:<\/strong> 75 cL<\/li>\n<li><strong>Graduaci\u00f3n alcoh\u00f3lica: <\/strong>20%Vol.<\/li>\n<li><strong>Nota de cata: <\/strong>Vino de color marr\u00f3n, con toques rojos y borde marr\u00f3n claro, brillante, claro, intensidad media, nariz limpia sin defectos, con una intensidad arom\u00e1tica pronunciada, miel, cera, panal, higos secos, especias, clavo, madera vieja, caoba, suelos encerados, ligero barniz, evolucionando a bals\u00e1mico, eucalipto y mentol. En boca es un vino dulce, con acidez media, alcohol alto, mucho cuerpo, estructurado, con intensidad pronunciada, taninos finos, elegante, denso, aterciopelado, miel, caf\u00e9, muchas especias, especiado, clavo, nuez moscada, pimienta, un final pleno, con cierta sequedad, envolvente, muy largo y muy persistente. Es un vino de excelente calidad, intenso, lleno de especias, potente, de gran intensidad, concentrado, complejo, especiado, bals\u00e1mico, que transmite un gran placer, con un final adictivo que te hace desear la siguiente copa.  <\/li>\n<li><strong>Maridaje: <\/strong>Dulces de huevo, postres con frutos secos.<\/li>\n<li><strong>Informaci\u00f3n adicional:<\/strong> Contiene sulfitos.<\/li>\n<\/ul>\n","protected":false},"excerpt":{"rendered":"<p>Vino de Oporto Barros Colheita 1999 Regi\u00f3n: Portugal Capacidad: 75 cL Graduaci\u00f3n alcoh\u00f3lica: 20%Vol. Nota de cata: Vino de color marr\u00f3n, con toques rojos y borde marr\u00f3n claro, brillante, claro, intensidad media, nariz limpia sin defectos, con una intensidad arom\u00e1tica pronunciada, miel, cera, panal, higos secos, especias, clavo, madera vieja, caoba, suelos encerados, ligero barniz, [&hellip;]<\/p>\n","protected":false},"featured_media":18260,"template":"","meta":{"_monsterinsights_skip_tracking":false,"_monsterinsights_sitenote_active":false,"_monsterinsights_sitenote_note":"","_monsterinsights_sitenote_category":0},"product_brand":[],"product_cat":[363,225,209,212,102],"product_tag":[],"class_list":{"0":"post-18257","1":"product","2":"type-product","3":"status-publish","4":"has-post-thumbnail","6":"product_cat-cosecha","7":"product_cat-oporto","8":"product_cat-pais-es-2","9":"product_cat-portugal-es-2","10":"product_cat-vinos","12":"first","13":"instock","14":"taxable","15":"shipping-taxable","16":"purchasable","17":"product-type-simple"},"aioseo_notices":[],"_links":{"self":[{"href":"https:\/\/pwinecastes.com\/es\/wp-json\/wp\/v2\/product\/18257","targetHints":{"allow":["GET"]}}],"collection":[{"href":"https:\/\/pwinecastes.com\/es\/wp-json\/wp\/v2\/product"}],"about":[{"href":"https:\/\/pwinecastes.com\/es\/wp-json\/wp\/v2\/types\/product"}],"version-history":[{"count":0,"href":"https:\/\/pwinecastes.com\/es\/wp-json\/wp\/v2\/product\/18257\/revisions"}],"wp:featuredmedia":[{"embeddable":true,"href":"https:\/\/pwinecastes.com\/es\/wp-json\/wp\/v2\/media\/18260"}],"wp:attachment":[{"href":"https:\/\/pwinecastes.com\/es\/wp-json\/wp\/v2\/media?parent=18257"}],"wp:term":[{"taxonomy":"product_brand","embeddable":true,"href":"https:\/\/pwinecastes.com\/es\/wp-json\/wp\/v2\/product_brand?post=18257"},{"taxonomy":"product_cat","embeddable":true,"href":"https:\/\/pwinecastes.com\/es\/wp-json\/wp\/v2\/product_cat?post=18257"},{"taxonomy":"product_tag","embeddable":true,"href":"https:\/\/pwinecastes.com\/es\/wp-json\/wp\/v2\/product_tag?post=18257"}],"curies":[{"name":"wp","href":"https:\/\/api.w.org\/{rel}","templated":true}]}}