{"id":18269,"date":"2025-05-10T10:11:32","date_gmt":"2025-05-10T10:11:32","guid":{"rendered":"https:\/\/pwinecastes.com\/?post_type=product&#038;p=18269"},"modified":"2025-05-10T10:11:32","modified_gmt":"2025-05-10T10:11:32","slug":"barros-cosecha-2004","status":"publish","type":"product","link":"https:\/\/pwinecastes.com\/es\/product\/barros-cosecha-2004\/","title":{"rendered":"Barros Cosecha 2004"},"content":{"rendered":"<p>Vino de Oporto Barros Cosecha 2004<\/p>\n<ul>\n<li><strong>Regi\u00f3n: <\/strong>Portugal<\/li>\n<li><strong>Capacidad:<\/strong> 75 cL<\/li>\n<li>Variedades de uva<strong>: <\/strong>Variedades de uva tradicionales del Duero.<\/li>\n<li><strong>Graduaci\u00f3n alcoh\u00f3lica: <\/strong>20%Vol.<\/li>\n<li><strong>Nota de cata: <\/strong>Vino de Oporto de color marr\u00f3n brillante con matices rojos. Nariz compleja, caracterizada por la presencia de notas de madera que combinan maravillosamente con los aromas especiados, toques de frutos secos impregnados de algunas notas de confitura. Buen cuerpo y estructura equilibrada. Taninos firmes y redondos caracterizan un vino que se muestra intenso y aterciopelado. Encantador final persistente.    <\/li>\n<li><strong>Maridaje: <\/strong>Dulces de huevo, postres con frutos secos.<\/li>\n<li><strong>Informaci\u00f3n adicional:<\/strong> Contiene sulfitos.<\/li>\n<\/ul>\n","protected":false},"excerpt":{"rendered":"<p>Vino de Oporto Barros Cosecha 2004 Regi\u00f3n: Portugal Capacidad: 75 cL Variedades de uva: Variedades de uva tradicionales del Duero. Graduaci\u00f3n alcoh\u00f3lica: 20%Vol. Nota de cata: Vino de Oporto de color marr\u00f3n brillante con matices rojos. Nariz compleja, caracterizada por la presencia de notas de madera que combinan maravillosamente con los aromas especiados, toques de [&hellip;]<\/p>\n","protected":false},"featured_media":18283,"template":"","meta":{"_monsterinsights_skip_tracking":false,"_monsterinsights_sitenote_active":false,"_monsterinsights_sitenote_note":"","_monsterinsights_sitenote_category":0},"product_brand":[],"product_cat":[363,225,209,212,102],"product_tag":[],"class_list":{"0":"post-18269","1":"product","2":"type-product","3":"status-publish","4":"has-post-thumbnail","6":"product_cat-cosecha","7":"product_cat-oporto","8":"product_cat-pais-es-2","9":"product_cat-portugal-es-2","10":"product_cat-vinos","12":"first","13":"instock","14":"taxable","15":"shipping-taxable","16":"purchasable","17":"product-type-simple"},"aioseo_notices":[],"_links":{"self":[{"href":"https:\/\/pwinecastes.com\/es\/wp-json\/wp\/v2\/product\/18269","targetHints":{"allow":["GET"]}}],"collection":[{"href":"https:\/\/pwinecastes.com\/es\/wp-json\/wp\/v2\/product"}],"about":[{"href":"https:\/\/pwinecastes.com\/es\/wp-json\/wp\/v2\/types\/product"}],"version-history":[{"count":0,"href":"https:\/\/pwinecastes.com\/es\/wp-json\/wp\/v2\/product\/18269\/revisions"}],"wp:featuredmedia":[{"embeddable":true,"href":"https:\/\/pwinecastes.com\/es\/wp-json\/wp\/v2\/media\/18283"}],"wp:attachment":[{"href":"https:\/\/pwinecastes.com\/es\/wp-json\/wp\/v2\/media?parent=18269"}],"wp:term":[{"taxonomy":"product_brand","embeddable":true,"href":"https:\/\/pwinecastes.com\/es\/wp-json\/wp\/v2\/product_brand?post=18269"},{"taxonomy":"product_cat","embeddable":true,"href":"https:\/\/pwinecastes.com\/es\/wp-json\/wp\/v2\/product_cat?post=18269"},{"taxonomy":"product_tag","embeddable":true,"href":"https:\/\/pwinecastes.com\/es\/wp-json\/wp\/v2\/product_tag?post=18269"}],"curies":[{"name":"wp","href":"https:\/\/api.w.org\/{rel}","templated":true}]}}